{"id":965,"date":"2019-05-07T11:54:26","date_gmt":"2019-05-07T09:54:26","guid":{"rendered":"http:\/\/www.artandtracks.com\/?page_id=965"},"modified":"2019-05-07T11:54:26","modified_gmt":"2019-05-07T09:54:26","slug":"lucy-loomoo-nyakungtjuungku","status":"publish","type":"page","link":"https:\/\/www.artandtracks.com\/index.php\/lucy-loomoo-nyakungtjuungku\/","title":{"rendered":"Lucy Loomoo &#8211; &#8220;Nyakungtjuungku&#8221;"},"content":{"rendered":"<h2><a href=\"http:\/\/www.artandtracks.com\/wp-content\/uploads\/2019\/05\/Lucy-Loomoo.jpg\"><img decoding=\"async\" loading=\"lazy\" class=\"alignnone wp-image-966 size-medium\" src=\"http:\/\/www.artandtracks.com\/wp-content\/uploads\/2019\/05\/Lucy-Loomoo-300x150.jpg\" alt=\"\" width=\"300\" height=\"150\" srcset=\"https:\/\/www.artandtracks.com\/wp-content\/uploads\/2019\/05\/Lucy-Loomoo-300x150.jpg 300w, https:\/\/www.artandtracks.com\/wp-content\/uploads\/2019\/05\/Lucy-Loomoo-768x385.jpg 768w, https:\/\/www.artandtracks.com\/wp-content\/uploads\/2019\/05\/Lucy-Loomoo-1024x513.jpg 1024w, https:\/\/www.artandtracks.com\/wp-content\/uploads\/2019\/05\/Lucy-Loomoo-600x301.jpg 600w, https:\/\/www.artandtracks.com\/wp-content\/uploads\/2019\/05\/Lucy-Loomoo-800x401.jpg 800w\" sizes=\"(max-width: 300px) 100vw, 300px\" \/><\/a><\/h2>\n<h2><strong>Titre d<\/strong><strong>e l\u2019\u0153uvre :<\/strong><\/h2>\n<p>Nyakungtjuungku<\/p>\n<h2><strong>Artiste :<\/strong><\/h2>\n<p>Lucy Loomoo (n\u00e9e en 1935)<\/p>\n<h2><strong>Technique :<\/strong><\/h2>\n<p>Acrylique sur toile<\/p>\n<h2><strong>Dimension(s) :<\/strong><\/h2>\n<p>148 x 74,5 cm<\/p>\n<h2><strong>Ann\u00e9e et lieu de cr\u00e9ation :<\/strong><\/h2>\n<p>2017 \/ communaut\u00e9 de Balgo Hills, Warlayirti Artists<\/p>\n","protected":false},"excerpt":{"rendered":"<p>Titre de l\u2019\u0153uvre : Nyakungtjuungku Artiste : Lucy Loomoo (n\u00e9e en 1935) Technique : Acrylique sur toile Dimension(s) : 148 x 74,5 cm Ann\u00e9e et lieu de cr\u00e9ation : 2017 \/ communaut\u00e9 de Balgo Hills, Warlayirti Artists<\/p>\n","protected":false},"author":1,"featured_media":0,"parent":0,"menu_order":0,"comment_status":"closed","ping_status":"closed","template":"","meta":[],"_links":{"self":[{"href":"https:\/\/www.artandtracks.com\/index.php\/wp-json\/wp\/v2\/pages\/965"}],"collection":[{"href":"https:\/\/www.artandtracks.com\/index.php\/wp-json\/wp\/v2\/pages"}],"about":[{"href":"https:\/\/www.artandtracks.com\/index.php\/wp-json\/wp\/v2\/types\/page"}],"author":[{"embeddable":true,"href":"https:\/\/www.artandtracks.com\/index.php\/wp-json\/wp\/v2\/users\/1"}],"replies":[{"embeddable":true,"href":"https:\/\/www.artandtracks.com\/index.php\/wp-json\/wp\/v2\/comments?post=965"}],"version-history":[{"count":1,"href":"https:\/\/www.artandtracks.com\/index.php\/wp-json\/wp\/v2\/pages\/965\/revisions"}],"predecessor-version":[{"id":967,"href":"https:\/\/www.artandtracks.com\/index.php\/wp-json\/wp\/v2\/pages\/965\/revisions\/967"}],"wp:attachment":[{"href":"https:\/\/www.artandtracks.com\/index.php\/wp-json\/wp\/v2\/media?parent=965"}],"curies":[{"name":"wp","href":"https:\/\/api.w.org\/{rel}","templated":true}]}}