{"id":957,"date":"2019-04-18T14:27:52","date_gmt":"2019-04-18T12:27:52","guid":{"rendered":"http:\/\/www.artandtracks.com\/?page_id=957"},"modified":"2019-04-18T14:27:52","modified_gmt":"2019-04-18T12:27:52","slug":"watson-jangala-robertson-watiyawarnu-jukurrpa-2","status":"publish","type":"page","link":"https:\/\/www.artandtracks.com\/index.php\/watson-jangala-robertson-watiyawarnu-jukurrpa-2\/","title":{"rendered":"Watson Jangala Robertson &#8211; &#8220;Watiyawarnu Jukurrpa&#8221;"},"content":{"rendered":"<h2><a href=\"http:\/\/www.artandtracks.com\/wp-content\/uploads\/2019\/04\/Watson-Jangala-Robertson-Watiyawarnu-2-1.jpg\"><img decoding=\"async\" loading=\"lazy\" class=\"alignnone wp-image-954 size-medium\" src=\"http:\/\/www.artandtracks.com\/wp-content\/uploads\/2019\/04\/Watson-Jangala-Robertson-Watiyawarnu-2-1-216x300.jpg\" alt=\"\" width=\"216\" height=\"300\" srcset=\"https:\/\/www.artandtracks.com\/wp-content\/uploads\/2019\/04\/Watson-Jangala-Robertson-Watiyawarnu-2-1-216x300.jpg 216w, https:\/\/www.artandtracks.com\/wp-content\/uploads\/2019\/04\/Watson-Jangala-Robertson-Watiyawarnu-2-1-768x1068.jpg 768w, https:\/\/www.artandtracks.com\/wp-content\/uploads\/2019\/04\/Watson-Jangala-Robertson-Watiyawarnu-2-1-736x1024.jpg 736w, https:\/\/www.artandtracks.com\/wp-content\/uploads\/2019\/04\/Watson-Jangala-Robertson-Watiyawarnu-2-1-600x835.jpg 600w, https:\/\/www.artandtracks.com\/wp-content\/uploads\/2019\/04\/Watson-Jangala-Robertson-Watiyawarnu-2-1-800x1113.jpg 800w\" sizes=\"(max-width: 216px) 100vw, 216px\" \/><\/a><\/h2>\n<h2><strong>Titre d<\/strong><strong>e l\u2019\u0153uvre :<\/strong><\/h2>\n<p>Watiyawarnu Jukurrpa<\/p>\n<h2><strong>Artiste :<\/strong><\/h2>\n<p>Watson Jangala Robertson (n\u00e9 en 1976)<\/p>\n<h2><strong>Technique :<\/strong><\/h2>\n<p>S\u00e9rigraphie en deux couleurs sur papier blanc<\/p>\n<p>Sign\u00e9e au crayon en partie inf\u00e9rieure gauche, dat\u00e9e en partie inf\u00e9rieure gauche et num\u00e9rot\u00e9e 3\/3 au crayon en partie centrale. Titre inscrit au crayon en partie inf\u00e9rieure droite<\/p>\n<h2><strong>Dimension(s) :<\/strong><\/h2>\n<p>38 x 28 cm <em>papier\u00a0<\/em>; 29,7 x 21 <em>image (trait carr\u00e9)<br \/>\n<\/em><\/p>\n<h2><strong>Ann\u00e9e et lieu de cr\u00e9ation :<\/strong><\/h2>\n<p>2017 \/ communaut\u00e9 de Yuendumu, Warlukurlangu<\/p>\n","protected":false},"excerpt":{"rendered":"<p>Titre de l\u2019\u0153uvre : Watiyawarnu Jukurrpa Artiste : Watson Jangala Robertson (n\u00e9 en 1976) Technique : S\u00e9rigraphie en deux couleurs sur papier blanc Sign\u00e9e au crayon en partie inf\u00e9rieure gauche, dat\u00e9e en partie inf\u00e9rieure gauche et num\u00e9rot\u00e9e 3\/3 au crayon en partie centrale. Titre inscrit au crayon en partie inf\u00e9rieure droite Dimension(s) : 38 x 28 cm papier\u00a0; 29,7 x&hellip;<\/p>\n","protected":false},"author":1,"featured_media":0,"parent":0,"menu_order":0,"comment_status":"closed","ping_status":"closed","template":"","meta":[],"_links":{"self":[{"href":"https:\/\/www.artandtracks.com\/index.php\/wp-json\/wp\/v2\/pages\/957"}],"collection":[{"href":"https:\/\/www.artandtracks.com\/index.php\/wp-json\/wp\/v2\/pages"}],"about":[{"href":"https:\/\/www.artandtracks.com\/index.php\/wp-json\/wp\/v2\/types\/page"}],"author":[{"embeddable":true,"href":"https:\/\/www.artandtracks.com\/index.php\/wp-json\/wp\/v2\/users\/1"}],"replies":[{"embeddable":true,"href":"https:\/\/www.artandtracks.com\/index.php\/wp-json\/wp\/v2\/comments?post=957"}],"version-history":[{"count":1,"href":"https:\/\/www.artandtracks.com\/index.php\/wp-json\/wp\/v2\/pages\/957\/revisions"}],"predecessor-version":[{"id":958,"href":"https:\/\/www.artandtracks.com\/index.php\/wp-json\/wp\/v2\/pages\/957\/revisions\/958"}],"wp:attachment":[{"href":"https:\/\/www.artandtracks.com\/index.php\/wp-json\/wp\/v2\/media?parent=957"}],"curies":[{"name":"wp","href":"https:\/\/api.w.org\/{rel}","templated":true}]}}