{"id":953,"date":"2019-04-18T14:22:30","date_gmt":"2019-04-18T12:22:30","guid":{"rendered":"http:\/\/www.artandtracks.com\/?page_id=953"},"modified":"2019-04-18T14:22:30","modified_gmt":"2019-04-18T12:22:30","slug":"watson-jangala-robertson-watiyawarnu-jukurrpa","status":"publish","type":"page","link":"https:\/\/www.artandtracks.com\/index.php\/watson-jangala-robertson-watiyawarnu-jukurrpa\/","title":{"rendered":"Watson Jangala Robertson &#8211; &#8220;Watiyawarnu Jukurrpa&#8221;"},"content":{"rendered":"<h2><a href=\"http:\/\/www.artandtracks.com\/wp-content\/uploads\/2019\/04\/Watson-Jangala-Robertson-Watiyawarnu-1-1.jpg\"><img decoding=\"async\" loading=\"lazy\" class=\"alignnone wp-image-955 size-medium\" src=\"http:\/\/www.artandtracks.com\/wp-content\/uploads\/2019\/04\/Watson-Jangala-Robertson-Watiyawarnu-1-1-219x300.jpg\" alt=\"\" width=\"219\" height=\"300\" srcset=\"https:\/\/www.artandtracks.com\/wp-content\/uploads\/2019\/04\/Watson-Jangala-Robertson-Watiyawarnu-1-1-219x300.jpg 219w, https:\/\/www.artandtracks.com\/wp-content\/uploads\/2019\/04\/Watson-Jangala-Robertson-Watiyawarnu-1-1-768x1050.jpg 768w, https:\/\/www.artandtracks.com\/wp-content\/uploads\/2019\/04\/Watson-Jangala-Robertson-Watiyawarnu-1-1-749x1024.jpg 749w, https:\/\/www.artandtracks.com\/wp-content\/uploads\/2019\/04\/Watson-Jangala-Robertson-Watiyawarnu-1-1-600x821.jpg 600w, https:\/\/www.artandtracks.com\/wp-content\/uploads\/2019\/04\/Watson-Jangala-Robertson-Watiyawarnu-1-1-800x1094.jpg 800w\" sizes=\"(max-width: 219px) 100vw, 219px\" \/><\/a><\/h2>\n<h2><strong>Titre d<\/strong><strong>e l\u2019\u0153uvre :<\/strong><\/h2>\n<p>Watiyawarnu Jukurrpa<\/p>\n<h2><strong>Artiste :<\/strong><\/h2>\n<p>Watson Jangala Robertson (n\u00e9 en 1976)<\/p>\n<h2><strong>Technique :<\/strong><\/h2>\n<p>S\u00e9rigraphie en trois couleurs sur papier blanc<\/p>\n<p>Dat\u00e9e au crayon en partie inf\u00e9rieure droite et num\u00e9rot\u00e9e 4\/6 au crayon en partie centrale. Titre inscrit au crayon en partie centrale<\/p>\n<h2><strong>Dimension(s) :<\/strong><\/h2>\n<p>38 x 28 cm <em>papier\u00a0<\/em>; 29,7 x 21 <em>image (trait carr\u00e9)<br \/>\n<\/em><\/p>\n<h2><strong>Ann\u00e9e et lieu de cr\u00e9ation :<\/strong><\/h2>\n<p>2017 \/ communaut\u00e9 de Yuendumu, Warlukurlangu<\/p>\n","protected":false},"excerpt":{"rendered":"<p>Titre de l\u2019\u0153uvre : Watiyawarnu Jukurrpa Artiste : Watson Jangala Robertson (n\u00e9 en 1976) Technique : S\u00e9rigraphie en trois couleurs sur papier blanc Dat\u00e9e au crayon en partie inf\u00e9rieure droite et num\u00e9rot\u00e9e 4\/6 au crayon en partie centrale. Titre inscrit au crayon en partie centrale Dimension(s) : 38 x 28 cm papier\u00a0; 29,7 x 21 image (trait carr\u00e9) Ann\u00e9e et&hellip;<\/p>\n","protected":false},"author":1,"featured_media":0,"parent":0,"menu_order":0,"comment_status":"closed","ping_status":"closed","template":"","meta":[],"_links":{"self":[{"href":"https:\/\/www.artandtracks.com\/index.php\/wp-json\/wp\/v2\/pages\/953"}],"collection":[{"href":"https:\/\/www.artandtracks.com\/index.php\/wp-json\/wp\/v2\/pages"}],"about":[{"href":"https:\/\/www.artandtracks.com\/index.php\/wp-json\/wp\/v2\/types\/page"}],"author":[{"embeddable":true,"href":"https:\/\/www.artandtracks.com\/index.php\/wp-json\/wp\/v2\/users\/1"}],"replies":[{"embeddable":true,"href":"https:\/\/www.artandtracks.com\/index.php\/wp-json\/wp\/v2\/comments?post=953"}],"version-history":[{"count":1,"href":"https:\/\/www.artandtracks.com\/index.php\/wp-json\/wp\/v2\/pages\/953\/revisions"}],"predecessor-version":[{"id":956,"href":"https:\/\/www.artandtracks.com\/index.php\/wp-json\/wp\/v2\/pages\/953\/revisions\/956"}],"wp:attachment":[{"href":"https:\/\/www.artandtracks.com\/index.php\/wp-json\/wp\/v2\/media?parent=953"}],"curies":[{"name":"wp","href":"https:\/\/api.w.org\/{rel}","templated":true}]}}