{"id":945,"date":"2019-04-18T14:08:48","date_gmt":"2019-04-18T12:08:48","guid":{"rendered":"http:\/\/www.artandtracks.com\/?page_id=945"},"modified":"2019-04-18T14:08:48","modified_gmt":"2019-04-18T12:08:48","slug":"christine-multa-napanangkalu-watiya-kuntanyi-tururruku-2","status":"publish","type":"page","link":"https:\/\/www.artandtracks.com\/index.php\/christine-multa-napanangkalu-watiya-kuntanyi-tururruku-2\/","title":{"rendered":"Christine Multa &#8211; &#8220;Napanangkalu watiya kuntanyi tururruku&#8221;"},"content":{"rendered":"<h2><a href=\"http:\/\/www.artandtracks.com\/wp-content\/uploads\/2019\/04\/Christine-Multa-Napanangkalu-watiya-kuntanyi-tururruku-2.jpg\"><img decoding=\"async\" loading=\"lazy\" class=\"alignnone wp-image-950 size-medium\" src=\"http:\/\/www.artandtracks.com\/wp-content\/uploads\/2019\/04\/Christine-Multa-Napanangkalu-watiya-kuntanyi-tururruku-2-300x210.jpg\" alt=\"\" width=\"300\" height=\"210\" srcset=\"https:\/\/www.artandtracks.com\/wp-content\/uploads\/2019\/04\/Christine-Multa-Napanangkalu-watiya-kuntanyi-tururruku-2-300x210.jpg 300w, https:\/\/www.artandtracks.com\/wp-content\/uploads\/2019\/04\/Christine-Multa-Napanangkalu-watiya-kuntanyi-tururruku-2-768x537.jpg 768w, https:\/\/www.artandtracks.com\/wp-content\/uploads\/2019\/04\/Christine-Multa-Napanangkalu-watiya-kuntanyi-tururruku-2-1024x717.jpg 1024w, https:\/\/www.artandtracks.com\/wp-content\/uploads\/2019\/04\/Christine-Multa-Napanangkalu-watiya-kuntanyi-tururruku-2-600x420.jpg 600w, https:\/\/www.artandtracks.com\/wp-content\/uploads\/2019\/04\/Christine-Multa-Napanangkalu-watiya-kuntanyi-tururruku-2-800x560.jpg 800w\" sizes=\"(max-width: 300px) 100vw, 300px\" \/><\/a><\/h2>\n<h2><strong>Titre d<\/strong><strong>e l\u2019\u0153uvre :<\/strong><\/h2>\n<p>Napanangkalu watiya kuntanyi tururruku<\/p>\n<h2><strong>Artiste :<\/strong><\/h2>\n<p>Christine Multa (n\u00e9e en 1978)<\/p>\n<h2><strong>Technique :<\/strong><\/h2>\n<p>S\u00e9rigraphie sur papier blanc au timbre sec de Cicada Press<\/p>\n<p>Sign\u00e9e et dat\u00e9e au crayon en partie inf\u00e9rieure droite et num\u00e9rot\u00e9e 16\/20 au crayon en partie inf\u00e9rieure gauche. Titre inscrit au crayon en partie centrale<\/p>\n<h2><strong>Dimension(s) :<\/strong><\/h2>\n<p>49,3 x 60,3 cm <em>papier<\/em> ; 32 x 49 cm <em>image<\/em> <em>(trait carr\u00e9)<\/em><\/p>\n<h2><strong>Ann\u00e9e et lieu de cr\u00e9ation :<\/strong><\/h2>\n<p>2015 \/ communaut\u00e9 de Haasts Bluff, Ikuntji Artists<\/p>\n","protected":false},"excerpt":{"rendered":"<p>Titre de l\u2019\u0153uvre : Napanangkalu watiya kuntanyi tururruku Artiste : Christine Multa (n\u00e9e en 1978) Technique : S\u00e9rigraphie sur papier blanc au timbre sec de Cicada Press Sign\u00e9e et dat\u00e9e au crayon en partie inf\u00e9rieure droite et num\u00e9rot\u00e9e 16\/20 au crayon en partie inf\u00e9rieure gauche. Titre inscrit au crayon en partie centrale Dimension(s) : 49,3 x 60,3 cm papier ;&hellip;<\/p>\n","protected":false},"author":1,"featured_media":0,"parent":0,"menu_order":0,"comment_status":"closed","ping_status":"closed","template":"","meta":[],"_links":{"self":[{"href":"https:\/\/www.artandtracks.com\/index.php\/wp-json\/wp\/v2\/pages\/945"}],"collection":[{"href":"https:\/\/www.artandtracks.com\/index.php\/wp-json\/wp\/v2\/pages"}],"about":[{"href":"https:\/\/www.artandtracks.com\/index.php\/wp-json\/wp\/v2\/types\/page"}],"author":[{"embeddable":true,"href":"https:\/\/www.artandtracks.com\/index.php\/wp-json\/wp\/v2\/users\/1"}],"replies":[{"embeddable":true,"href":"https:\/\/www.artandtracks.com\/index.php\/wp-json\/wp\/v2\/comments?post=945"}],"version-history":[{"count":1,"href":"https:\/\/www.artandtracks.com\/index.php\/wp-json\/wp\/v2\/pages\/945\/revisions"}],"predecessor-version":[{"id":951,"href":"https:\/\/www.artandtracks.com\/index.php\/wp-json\/wp\/v2\/pages\/945\/revisions\/951"}],"wp:attachment":[{"href":"https:\/\/www.artandtracks.com\/index.php\/wp-json\/wp\/v2\/media?parent=945"}],"curies":[{"name":"wp","href":"https:\/\/api.w.org\/{rel}","templated":true}]}}