{"id":942,"date":"2019-04-18T14:00:41","date_gmt":"2019-04-18T12:00:41","guid":{"rendered":"http:\/\/www.artandtracks.com\/?page_id=942"},"modified":"2019-04-18T14:07:17","modified_gmt":"2019-04-18T12:07:17","slug":"christine-multa-napanangkalu-watiya-nyanganyi-kuntanytjaku","status":"publish","type":"page","link":"https:\/\/www.artandtracks.com\/index.php\/christine-multa-napanangkalu-watiya-nyanganyi-kuntanytjaku\/","title":{"rendered":"Christine Multa &#8211; &#8220;Napanangkalu watiya nyanganyi kuntanytjaku&#8221;"},"content":{"rendered":"<h2><a href=\"http:\/\/www.artandtracks.com\/wp-content\/uploads\/2019\/04\/Christine-Multa-Napanangkalu-watiya-nyanganyi-1.jpg\"><img decoding=\"async\" loading=\"lazy\" class=\"alignnone wp-image-943 size-medium\" src=\"http:\/\/www.artandtracks.com\/wp-content\/uploads\/2019\/04\/Christine-Multa-Napanangkalu-watiya-nyanganyi-1-300x217.jpg\" alt=\"\" width=\"300\" height=\"217\" srcset=\"https:\/\/www.artandtracks.com\/wp-content\/uploads\/2019\/04\/Christine-Multa-Napanangkalu-watiya-nyanganyi-1-300x217.jpg 300w, https:\/\/www.artandtracks.com\/wp-content\/uploads\/2019\/04\/Christine-Multa-Napanangkalu-watiya-nyanganyi-1-768x556.jpg 768w, https:\/\/www.artandtracks.com\/wp-content\/uploads\/2019\/04\/Christine-Multa-Napanangkalu-watiya-nyanganyi-1-1024x741.jpg 1024w, https:\/\/www.artandtracks.com\/wp-content\/uploads\/2019\/04\/Christine-Multa-Napanangkalu-watiya-nyanganyi-1-600x434.jpg 600w, https:\/\/www.artandtracks.com\/wp-content\/uploads\/2019\/04\/Christine-Multa-Napanangkalu-watiya-nyanganyi-1-800x579.jpg 800w\" sizes=\"(max-width: 300px) 100vw, 300px\" \/><\/a><\/h2>\n<h2><strong>Titre d<\/strong><strong>e l\u2019\u0153uvre :<\/strong><\/h2>\n<p>Napanangkalu watiya nyanganyi kuntanytjaku<\/p>\n<h2><strong>Artiste :<\/strong><\/h2>\n<p>Christine Multa (n\u00e9e en 1978)<\/p>\n<h2><strong>Technique :<\/strong><\/h2>\n<p>H\u00e9liogravure sur zinc sur papier blanc au timbre sec de Cicada Press<\/p>\n<p>Sign\u00e9e et dat\u00e9e au crayon en partie inf\u00e9rieure droite et num\u00e9rot\u00e9e 12\/20 au crayon en partie inf\u00e9rieure gauche. Titre inscrit au crayon en partie centrale<\/p>\n<h2><strong>Dimension(s) :<\/strong><\/h2>\n<p>39,2 x 54 cm <em>papier<\/em> ; 28,1 x 41,7 cm <em>image<\/em> <em>(coup de planche)<\/em><\/p>\n<h2><strong>Ann\u00e9e et lieu de cr\u00e9ation :<\/strong><\/h2>\n<p>2015 \/ communaut\u00e9 de Haasts Bluff, Ikuntji Artists<\/p>\n","protected":false},"excerpt":{"rendered":"<p>Titre de l\u2019\u0153uvre : Napanangkalu watiya nyanganyi kuntanytjaku Artiste : Christine Multa (n\u00e9e en 1978) Technique : H\u00e9liogravure sur zinc sur papier blanc au timbre sec de Cicada Press Sign\u00e9e et dat\u00e9e au crayon en partie inf\u00e9rieure droite et num\u00e9rot\u00e9e 12\/20 au crayon en partie inf\u00e9rieure gauche. Titre inscrit au crayon en partie centrale Dimension(s) : 39,2 x 54 cm&hellip;<\/p>\n","protected":false},"author":1,"featured_media":0,"parent":0,"menu_order":0,"comment_status":"closed","ping_status":"closed","template":"","meta":[],"_links":{"self":[{"href":"https:\/\/www.artandtracks.com\/index.php\/wp-json\/wp\/v2\/pages\/942"}],"collection":[{"href":"https:\/\/www.artandtracks.com\/index.php\/wp-json\/wp\/v2\/pages"}],"about":[{"href":"https:\/\/www.artandtracks.com\/index.php\/wp-json\/wp\/v2\/types\/page"}],"author":[{"embeddable":true,"href":"https:\/\/www.artandtracks.com\/index.php\/wp-json\/wp\/v2\/users\/1"}],"replies":[{"embeddable":true,"href":"https:\/\/www.artandtracks.com\/index.php\/wp-json\/wp\/v2\/comments?post=942"}],"version-history":[{"count":4,"href":"https:\/\/www.artandtracks.com\/index.php\/wp-json\/wp\/v2\/pages\/942\/revisions"}],"predecessor-version":[{"id":948,"href":"https:\/\/www.artandtracks.com\/index.php\/wp-json\/wp\/v2\/pages\/942\/revisions\/948"}],"wp:attachment":[{"href":"https:\/\/www.artandtracks.com\/index.php\/wp-json\/wp\/v2\/media?parent=942"}],"curies":[{"name":"wp","href":"https:\/\/api.w.org\/{rel}","templated":true}]}}