{"id":938,"date":"2019-04-18T13:49:55","date_gmt":"2019-04-18T11:49:55","guid":{"rendered":"http:\/\/www.artandtracks.com\/?page_id=938"},"modified":"2019-04-18T13:52:15","modified_gmt":"2019-04-18T11:52:15","slug":"alice-nampitjinpa-dixon-water-hole","status":"publish","type":"page","link":"https:\/\/www.artandtracks.com\/index.php\/alice-nampitjinpa-dixon-water-hole\/","title":{"rendered":"Alice Nampitjinpa Dixon &#8211; &#8220;Water Hole&#8221;"},"content":{"rendered":"<h2><a href=\"http:\/\/www.artandtracks.com\/wp-content\/uploads\/2019\/04\/Alice-Dixon-Water-Hole-1.jpg\"><img decoding=\"async\" loading=\"lazy\" class=\"alignnone wp-image-939 size-medium\" src=\"http:\/\/www.artandtracks.com\/wp-content\/uploads\/2019\/04\/Alice-Dixon-Water-Hole-1-300x209.jpg\" alt=\"\" width=\"300\" height=\"209\" srcset=\"https:\/\/www.artandtracks.com\/wp-content\/uploads\/2019\/04\/Alice-Dixon-Water-Hole-1-300x209.jpg 300w, https:\/\/www.artandtracks.com\/wp-content\/uploads\/2019\/04\/Alice-Dixon-Water-Hole-1-768x536.jpg 768w, https:\/\/www.artandtracks.com\/wp-content\/uploads\/2019\/04\/Alice-Dixon-Water-Hole-1-1024x715.jpg 1024w, https:\/\/www.artandtracks.com\/wp-content\/uploads\/2019\/04\/Alice-Dixon-Water-Hole-1-600x419.jpg 600w, https:\/\/www.artandtracks.com\/wp-content\/uploads\/2019\/04\/Alice-Dixon-Water-Hole-1-800x558.jpg 800w\" sizes=\"(max-width: 300px) 100vw, 300px\" \/><\/a><\/h2>\n<h2><strong>Titre d<\/strong><strong>e l\u2019\u0153uvre :<\/strong><\/h2>\n<p>Water Hole<\/p>\n<h2><strong>Artiste :<\/strong><\/h2>\n<p>Alice Nampitjinpa Dixon (n\u00e9e en 1942)<\/p>\n<h2><strong>Technique :<\/strong><\/h2>\n<p>Taille douce sur zinc (aquatinte au sucre et effets d&#8217;encrage)\u00a0 sur papier blanc au timbre sec de Basil Hall Editions<\/p>\n<p>Sign\u00e9e au crayon en partie inf\u00e9rieure droite et num\u00e9rot\u00e9e 17\/20 au crayon en partie inf\u00e9rieure gauche<\/p>\n<h2><strong>Dimension(s) :<\/strong><\/h2>\n<p>53,5 x 71 cm <em>papier<\/em> ; 33 x 49,5 cm <em>image<\/em> <em>(coup de planche)<\/em><\/p>\n<h2><strong>Ann\u00e9e et lieu de cr\u00e9ation :<\/strong><\/h2>\n<p>2011 \/ communaut\u00e9 de Haasts Bluff, Ikuntji Artists<\/p>\n","protected":false},"excerpt":{"rendered":"<p>Titre de l\u2019\u0153uvre : Water Hole Artiste : Alice Nampitjinpa Dixon (n\u00e9e en 1942) Technique : Taille douce sur zinc (aquatinte au sucre et effets d&#8217;encrage)\u00a0 sur papier blanc au timbre sec de Basil Hall Editions Sign\u00e9e au crayon en partie inf\u00e9rieure droite et num\u00e9rot\u00e9e 17\/20 au crayon en partie inf\u00e9rieure gauche Dimension(s) : 53,5 x 71 cm papier ;&hellip;<\/p>\n","protected":false},"author":1,"featured_media":0,"parent":0,"menu_order":0,"comment_status":"closed","ping_status":"closed","template":"","meta":[],"_links":{"self":[{"href":"https:\/\/www.artandtracks.com\/index.php\/wp-json\/wp\/v2\/pages\/938"}],"collection":[{"href":"https:\/\/www.artandtracks.com\/index.php\/wp-json\/wp\/v2\/pages"}],"about":[{"href":"https:\/\/www.artandtracks.com\/index.php\/wp-json\/wp\/v2\/types\/page"}],"author":[{"embeddable":true,"href":"https:\/\/www.artandtracks.com\/index.php\/wp-json\/wp\/v2\/users\/1"}],"replies":[{"embeddable":true,"href":"https:\/\/www.artandtracks.com\/index.php\/wp-json\/wp\/v2\/comments?post=938"}],"version-history":[{"count":2,"href":"https:\/\/www.artandtracks.com\/index.php\/wp-json\/wp\/v2\/pages\/938\/revisions"}],"predecessor-version":[{"id":941,"href":"https:\/\/www.artandtracks.com\/index.php\/wp-json\/wp\/v2\/pages\/938\/revisions\/941"}],"wp:attachment":[{"href":"https:\/\/www.artandtracks.com\/index.php\/wp-json\/wp\/v2\/media?parent=938"}],"curies":[{"name":"wp","href":"https:\/\/api.w.org\/{rel}","templated":true}]}}