{"id":935,"date":"2019-04-18T13:40:39","date_gmt":"2019-04-18T11:40:39","guid":{"rendered":"http:\/\/www.artandtracks.com\/?page_id=935"},"modified":"2019-04-18T13:40:39","modified_gmt":"2019-04-18T11:40:39","slug":"joan-nagomara-urrudurrdu-2","status":"publish","type":"page","link":"https:\/\/www.artandtracks.com\/index.php\/joan-nagomara-urrudurrdu-2\/","title":{"rendered":"Joan Nagomara &#8211; &#8220;Urrudurrdu&#8221;"},"content":{"rendered":"<h2><a href=\"http:\/\/www.artandtracks.com\/wp-content\/uploads\/2019\/04\/Joan-Nagomara-Urrudurrdu-1.jpg\"><img decoding=\"async\" loading=\"lazy\" class=\"alignnone wp-image-936 size-medium\" src=\"http:\/\/www.artandtracks.com\/wp-content\/uploads\/2019\/04\/Joan-Nagomara-Urrudurrdu-1-210x300.jpg\" alt=\"\" width=\"210\" height=\"300\" srcset=\"https:\/\/www.artandtracks.com\/wp-content\/uploads\/2019\/04\/Joan-Nagomara-Urrudurrdu-1-210x300.jpg 210w, https:\/\/www.artandtracks.com\/wp-content\/uploads\/2019\/04\/Joan-Nagomara-Urrudurrdu-1-768x1098.jpg 768w, https:\/\/www.artandtracks.com\/wp-content\/uploads\/2019\/04\/Joan-Nagomara-Urrudurrdu-1-716x1024.jpg 716w, https:\/\/www.artandtracks.com\/wp-content\/uploads\/2019\/04\/Joan-Nagomara-Urrudurrdu-1-600x858.jpg 600w, https:\/\/www.artandtracks.com\/wp-content\/uploads\/2019\/04\/Joan-Nagomara-Urrudurrdu-1-800x1144.jpg 800w\" sizes=\"(max-width: 210px) 100vw, 210px\" \/><\/a><\/h2>\n<h2><strong>Titre d<\/strong><strong>e l\u2019\u0153uvre :<\/strong><\/h2>\n<p>Urrudurrdu<\/p>\n<h2><strong>Artiste :<\/strong><\/h2>\n<p>Joan Nagomara (n\u00e9e en 1953)<\/p>\n<h2><strong>Technique :<\/strong><\/h2>\n<p>Eau-forte sur zinc\u00a0 sur papier blanc au timbre sec de Basil Hall Editions<\/p>\n<p>Sign\u00e9e au crayon en partie inf\u00e9rieure droite et num\u00e9rot\u00e9e 3\/20 au crayon en partie inf\u00e9rieure gauche<\/p>\n<h2><strong>Dimension(s) :<\/strong><\/h2>\n<p>39,5 x 36 cm <em>papier<\/em> ; 22,5 x 16 cm <em>image<\/em> <em>(coup de planche)<\/em><\/p>\n<h2><strong>Ann\u00e9e et lieu de cr\u00e9ation :<\/strong><\/h2>\n<p>2000 \/ communaut\u00e9 de Balgo Hills, Warlayirti Artists<\/p>\n","protected":false},"excerpt":{"rendered":"<p>Titre de l\u2019\u0153uvre : Urrudurrdu Artiste : Joan Nagomara (n\u00e9e en 1953) Technique : Eau-forte sur zinc\u00a0 sur papier blanc au timbre sec de Basil Hall Editions Sign\u00e9e au crayon en partie inf\u00e9rieure droite et num\u00e9rot\u00e9e 3\/20 au crayon en partie inf\u00e9rieure gauche Dimension(s) : 39,5 x 36 cm papier ; 22,5 x 16 cm image (coup de planche) Ann\u00e9e&hellip;<\/p>\n","protected":false},"author":1,"featured_media":0,"parent":0,"menu_order":0,"comment_status":"closed","ping_status":"closed","template":"","meta":[],"_links":{"self":[{"href":"https:\/\/www.artandtracks.com\/index.php\/wp-json\/wp\/v2\/pages\/935"}],"collection":[{"href":"https:\/\/www.artandtracks.com\/index.php\/wp-json\/wp\/v2\/pages"}],"about":[{"href":"https:\/\/www.artandtracks.com\/index.php\/wp-json\/wp\/v2\/types\/page"}],"author":[{"embeddable":true,"href":"https:\/\/www.artandtracks.com\/index.php\/wp-json\/wp\/v2\/users\/1"}],"replies":[{"embeddable":true,"href":"https:\/\/www.artandtracks.com\/index.php\/wp-json\/wp\/v2\/comments?post=935"}],"version-history":[{"count":1,"href":"https:\/\/www.artandtracks.com\/index.php\/wp-json\/wp\/v2\/pages\/935\/revisions"}],"predecessor-version":[{"id":937,"href":"https:\/\/www.artandtracks.com\/index.php\/wp-json\/wp\/v2\/pages\/935\/revisions\/937"}],"wp:attachment":[{"href":"https:\/\/www.artandtracks.com\/index.php\/wp-json\/wp\/v2\/media?parent=935"}],"curies":[{"name":"wp","href":"https:\/\/api.w.org\/{rel}","templated":true}]}}