{"id":925,"date":"2019-04-18T13:23:06","date_gmt":"2019-04-18T11:23:06","guid":{"rendered":"http:\/\/www.artandtracks.com\/?page_id=925"},"modified":"2019-04-18T13:23:06","modified_gmt":"2019-04-18T11:23:06","slug":"bai-bai-napangardi-tjawa-tjawa","status":"publish","type":"page","link":"https:\/\/www.artandtracks.com\/index.php\/bai-bai-napangardi-tjawa-tjawa\/","title":{"rendered":"Bai Bai Napangardi &#8211; &#8220;Tjawa Tjawa&#8221;"},"content":{"rendered":"<h2><a href=\"http:\/\/www.artandtracks.com\/wp-content\/uploads\/2019\/04\/Bai-Bai-Napangarti-Tjawa-Tjawa.jpg\"><img decoding=\"async\" loading=\"lazy\" class=\"alignnone wp-image-926 size-medium\" src=\"http:\/\/www.artandtracks.com\/wp-content\/uploads\/2019\/04\/Bai-Bai-Napangarti-Tjawa-Tjawa-196x300.jpg\" alt=\"\" width=\"196\" height=\"300\" srcset=\"https:\/\/www.artandtracks.com\/wp-content\/uploads\/2019\/04\/Bai-Bai-Napangarti-Tjawa-Tjawa-196x300.jpg 196w, https:\/\/www.artandtracks.com\/wp-content\/uploads\/2019\/04\/Bai-Bai-Napangarti-Tjawa-Tjawa-768x1174.jpg 768w, https:\/\/www.artandtracks.com\/wp-content\/uploads\/2019\/04\/Bai-Bai-Napangarti-Tjawa-Tjawa-670x1024.jpg 670w, https:\/\/www.artandtracks.com\/wp-content\/uploads\/2019\/04\/Bai-Bai-Napangarti-Tjawa-Tjawa-600x917.jpg 600w, https:\/\/www.artandtracks.com\/wp-content\/uploads\/2019\/04\/Bai-Bai-Napangarti-Tjawa-Tjawa-800x1223.jpg 800w\" sizes=\"(max-width: 196px) 100vw, 196px\" \/><\/a><\/h2>\n<h2><strong>Titre d<\/strong><strong>e l\u2019\u0153uvre :<\/strong><\/h2>\n<p>Tjawa Tjawa<\/p>\n<h2><strong>Artiste :<\/strong><\/h2>\n<p>Bai Bai Napangardi (n\u00e9e en 1939)<\/p>\n<h2><strong>Technique :<\/strong><\/h2>\n<p>Taille douce sur zinc (aquatinte au sucre et effets d\u2019encrage) sur papier blanc au timbre sec de Nothern Editions<\/p>\n<p>Sign\u00e9e et dat\u00e9e au crayon en partie inf\u00e9rieure droite et num\u00e9rot\u00e9e 12\/40 au crayon en partie inf\u00e9rieure gauche<\/p>\n<h2><strong>Dimension(s) :<\/strong><\/h2>\n<p>80,3 x 61,2 cm <em>papier<\/em> ; 51,4 x 39,6 cm <em>image<\/em> <em>(coup de planche)<\/em><\/p>\n<h2><strong>Ann\u00e9e et lieu de cr\u00e9ation :<\/strong><\/h2>\n<p>2007 \/ communaut\u00e9 de Balgo Hills, Warlayirti Artists<\/p>\n","protected":false},"excerpt":{"rendered":"<p>Titre de l\u2019\u0153uvre : Tjawa Tjawa Artiste : Bai Bai Napangardi (n\u00e9e en 1939) Technique : Taille douce sur zinc (aquatinte au sucre et effets d\u2019encrage) sur papier blanc au timbre sec de Nothern Editions Sign\u00e9e et dat\u00e9e au crayon en partie inf\u00e9rieure droite et num\u00e9rot\u00e9e 12\/40 au crayon en partie inf\u00e9rieure gauche Dimension(s) : 80,3 x 61,2 cm papier&hellip;<\/p>\n","protected":false},"author":1,"featured_media":0,"parent":0,"menu_order":0,"comment_status":"closed","ping_status":"closed","template":"","meta":[],"_links":{"self":[{"href":"https:\/\/www.artandtracks.com\/index.php\/wp-json\/wp\/v2\/pages\/925"}],"collection":[{"href":"https:\/\/www.artandtracks.com\/index.php\/wp-json\/wp\/v2\/pages"}],"about":[{"href":"https:\/\/www.artandtracks.com\/index.php\/wp-json\/wp\/v2\/types\/page"}],"author":[{"embeddable":true,"href":"https:\/\/www.artandtracks.com\/index.php\/wp-json\/wp\/v2\/users\/1"}],"replies":[{"embeddable":true,"href":"https:\/\/www.artandtracks.com\/index.php\/wp-json\/wp\/v2\/comments?post=925"}],"version-history":[{"count":1,"href":"https:\/\/www.artandtracks.com\/index.php\/wp-json\/wp\/v2\/pages\/925\/revisions"}],"predecessor-version":[{"id":927,"href":"https:\/\/www.artandtracks.com\/index.php\/wp-json\/wp\/v2\/pages\/925\/revisions\/927"}],"wp:attachment":[{"href":"https:\/\/www.artandtracks.com\/index.php\/wp-json\/wp\/v2\/media?parent=925"}],"curies":[{"name":"wp","href":"https:\/\/api.w.org\/{rel}","templated":true}]}}