{"id":873,"date":"2019-04-17T09:29:39","date_gmt":"2019-04-17T07:29:39","guid":{"rendered":"http:\/\/www.artandtracks.com\/?page_id=873"},"modified":"2019-04-17T09:29:39","modified_gmt":"2019-04-17T07:29:39","slug":"ursula-napangardi-marks-yarla-jukurrpa","status":"publish","type":"page","link":"https:\/\/www.artandtracks.com\/index.php\/ursula-napangardi-marks-yarla-jukurrpa\/","title":{"rendered":"Ursula Napangardi Marks &#8211; &#8220;Yarla Jukurrpa&#8221;"},"content":{"rendered":"<h2><a href=\"http:\/\/www.artandtracks.com\/wp-content\/uploads\/2019\/04\/Ursula-Marks-Yarla-Jukurrpa-2.jpg\"><img decoding=\"async\" loading=\"lazy\" class=\"alignnone wp-image-875 size-medium\" src=\"http:\/\/www.artandtracks.com\/wp-content\/uploads\/2019\/04\/Ursula-Marks-Yarla-Jukurrpa-2-226x300.jpg\" alt=\"\" width=\"226\" height=\"300\" srcset=\"https:\/\/www.artandtracks.com\/wp-content\/uploads\/2019\/04\/Ursula-Marks-Yarla-Jukurrpa-2-226x300.jpg 226w, https:\/\/www.artandtracks.com\/wp-content\/uploads\/2019\/04\/Ursula-Marks-Yarla-Jukurrpa-2-768x1017.jpg 768w, https:\/\/www.artandtracks.com\/wp-content\/uploads\/2019\/04\/Ursula-Marks-Yarla-Jukurrpa-2-773x1024.jpg 773w, https:\/\/www.artandtracks.com\/wp-content\/uploads\/2019\/04\/Ursula-Marks-Yarla-Jukurrpa-2-600x795.jpg 600w, https:\/\/www.artandtracks.com\/wp-content\/uploads\/2019\/04\/Ursula-Marks-Yarla-Jukurrpa-2-800x1060.jpg 800w\" sizes=\"(max-width: 226px) 100vw, 226px\" \/><\/a><\/h2>\n<h2><strong>Titre d<\/strong><strong>e l\u2019\u0153uvre :<\/strong><\/h2>\n<p>Yarla Jukurrpa<\/p>\n<h2><strong>Artiste :<\/strong><\/h2>\n<p>Ursula Napangardi Marks (n\u00e9e en 1979)<\/p>\n<h2><strong>Technique :<\/strong><\/h2>\n<p>Acrylique sur toile<\/p>\n<h2><strong>Dimension(s) :<\/strong><\/h2>\n<p>39,5 x 29,5 cm<\/p>\n<h2><strong>Ann\u00e9e et lieu de cr\u00e9ation :<\/strong><\/h2>\n<p>2018 \/ communaut\u00e9 de Lajamanu, Warnayaka Art<\/p>\n","protected":false},"excerpt":{"rendered":"<p>Titre de l\u2019\u0153uvre : Yarla Jukurrpa Artiste : Ursula Napangardi Marks (n\u00e9e en 1979) Technique : Acrylique sur toile Dimension(s) : 39,5 x 29,5 cm Ann\u00e9e et lieu de cr\u00e9ation : 2018 \/ communaut\u00e9 de Lajamanu, Warnayaka Art<\/p>\n","protected":false},"author":1,"featured_media":0,"parent":0,"menu_order":0,"comment_status":"closed","ping_status":"closed","template":"","meta":[],"_links":{"self":[{"href":"https:\/\/www.artandtracks.com\/index.php\/wp-json\/wp\/v2\/pages\/873"}],"collection":[{"href":"https:\/\/www.artandtracks.com\/index.php\/wp-json\/wp\/v2\/pages"}],"about":[{"href":"https:\/\/www.artandtracks.com\/index.php\/wp-json\/wp\/v2\/types\/page"}],"author":[{"embeddable":true,"href":"https:\/\/www.artandtracks.com\/index.php\/wp-json\/wp\/v2\/users\/1"}],"replies":[{"embeddable":true,"href":"https:\/\/www.artandtracks.com\/index.php\/wp-json\/wp\/v2\/comments?post=873"}],"version-history":[{"count":1,"href":"https:\/\/www.artandtracks.com\/index.php\/wp-json\/wp\/v2\/pages\/873\/revisions"}],"predecessor-version":[{"id":876,"href":"https:\/\/www.artandtracks.com\/index.php\/wp-json\/wp\/v2\/pages\/873\/revisions\/876"}],"wp:attachment":[{"href":"https:\/\/www.artandtracks.com\/index.php\/wp-json\/wp\/v2\/media?parent=873"}],"curies":[{"name":"wp","href":"https:\/\/api.w.org\/{rel}","templated":true}]}}