{"id":869,"date":"2019-04-17T09:22:34","date_gmt":"2019-04-17T07:22:34","guid":{"rendered":"http:\/\/www.artandtracks.com\/?page_id=869"},"modified":"2019-04-17T09:22:34","modified_gmt":"2019-04-17T07:22:34","slug":"linda-syddick-napaltjarri-tingarri-man-walukirritji","status":"publish","type":"page","link":"https:\/\/www.artandtracks.com\/index.php\/linda-syddick-napaltjarri-tingarri-man-walukirritji\/","title":{"rendered":"Linda Syddick Napaltjarri &#8211; &#8220;Tingarri Man Walukirritji&#8221;"},"content":{"rendered":"<h2><a href=\"http:\/\/www.artandtracks.com\/wp-content\/uploads\/2019\/04\/Linda-Syddick-Tingarri-Man-Walukirritji.jpg\"><img decoding=\"async\" loading=\"lazy\" class=\"alignnone wp-image-871 size-medium\" src=\"http:\/\/www.artandtracks.com\/wp-content\/uploads\/2019\/04\/Linda-Syddick-Tingarri-Man-Walukirritji-e1555485732361-300x154.jpg\" alt=\"\" width=\"300\" height=\"154\" srcset=\"https:\/\/www.artandtracks.com\/wp-content\/uploads\/2019\/04\/Linda-Syddick-Tingarri-Man-Walukirritji-e1555485732361-300x154.jpg 300w, https:\/\/www.artandtracks.com\/wp-content\/uploads\/2019\/04\/Linda-Syddick-Tingarri-Man-Walukirritji-e1555485732361-768x394.jpg 768w, https:\/\/www.artandtracks.com\/wp-content\/uploads\/2019\/04\/Linda-Syddick-Tingarri-Man-Walukirritji-e1555485732361-1024x525.jpg 1024w, https:\/\/www.artandtracks.com\/wp-content\/uploads\/2019\/04\/Linda-Syddick-Tingarri-Man-Walukirritji-e1555485732361-600x307.jpg 600w, https:\/\/www.artandtracks.com\/wp-content\/uploads\/2019\/04\/Linda-Syddick-Tingarri-Man-Walukirritji-e1555485732361-800x410.jpg 800w\" sizes=\"(max-width: 300px) 100vw, 300px\" \/><\/a><\/h2>\n<h2><strong>Titre d<\/strong><strong>e l\u2019\u0153uvre :<\/strong><\/h2>\n<p>Tingarri Man Walukirritji<\/p>\n<h2><strong>Artiste :<\/strong><\/h2>\n<p>Linda Syddick Napaltjarri (n\u00e9e en 1936)<\/p>\n<h2><strong>Technique :<\/strong><\/h2>\n<p>Acrylique sur toile<\/p>\n<h2><strong>Dimension(s) :<\/strong><\/h2>\n<p>45,5 x 90 cm<\/p>\n<h2><strong>Ann\u00e9e et lieu de cr\u00e9ation :<\/strong><\/h2>\n<p>2018 \/ Alice Springs, Tangentyere Artists<\/p>\n","protected":false},"excerpt":{"rendered":"<p>Titre de l\u2019\u0153uvre : Tingarri Man Walukirritji Artiste : Linda Syddick Napaltjarri (n\u00e9e en 1936) Technique : Acrylique sur toile Dimension(s) : 45,5 x 90 cm Ann\u00e9e et lieu de cr\u00e9ation : 2018 \/ Alice Springs, Tangentyere Artists<\/p>\n","protected":false},"author":1,"featured_media":0,"parent":0,"menu_order":0,"comment_status":"closed","ping_status":"closed","template":"","meta":[],"_links":{"self":[{"href":"https:\/\/www.artandtracks.com\/index.php\/wp-json\/wp\/v2\/pages\/869"}],"collection":[{"href":"https:\/\/www.artandtracks.com\/index.php\/wp-json\/wp\/v2\/pages"}],"about":[{"href":"https:\/\/www.artandtracks.com\/index.php\/wp-json\/wp\/v2\/types\/page"}],"author":[{"embeddable":true,"href":"https:\/\/www.artandtracks.com\/index.php\/wp-json\/wp\/v2\/users\/1"}],"replies":[{"embeddable":true,"href":"https:\/\/www.artandtracks.com\/index.php\/wp-json\/wp\/v2\/comments?post=869"}],"version-history":[{"count":1,"href":"https:\/\/www.artandtracks.com\/index.php\/wp-json\/wp\/v2\/pages\/869\/revisions"}],"predecessor-version":[{"id":872,"href":"https:\/\/www.artandtracks.com\/index.php\/wp-json\/wp\/v2\/pages\/869\/revisions\/872"}],"wp:attachment":[{"href":"https:\/\/www.artandtracks.com\/index.php\/wp-json\/wp\/v2\/media?parent=869"}],"curies":[{"name":"wp","href":"https:\/\/api.w.org\/{rel}","templated":true}]}}