{"id":854,"date":"2019-04-17T08:35:44","date_gmt":"2019-04-17T06:35:44","guid":{"rendered":"http:\/\/www.artandtracks.com\/?page_id=854"},"modified":"2019-04-17T08:35:44","modified_gmt":"2019-04-17T06:35:44","slug":"helicopter-tjungurrayi-wangkartu-3","status":"publish","type":"page","link":"https:\/\/www.artandtracks.com\/index.php\/helicopter-tjungurrayi-wangkartu-3\/","title":{"rendered":"Helicopter Tjungurrayi &#8211; &#8220;Wangkartu&#8221;"},"content":{"rendered":"<h2><a href=\"http:\/\/www.artandtracks.com\/wp-content\/uploads\/2019\/04\/Helicopter-Wangkartu-2-1.jpg\"><img decoding=\"async\" loading=\"lazy\" class=\"alignnone wp-image-855 size-medium\" src=\"http:\/\/www.artandtracks.com\/wp-content\/uploads\/2019\/04\/Helicopter-Wangkartu-2-1-202x300.jpg\" alt=\"\" width=\"202\" height=\"300\" srcset=\"https:\/\/www.artandtracks.com\/wp-content\/uploads\/2019\/04\/Helicopter-Wangkartu-2-1-202x300.jpg 202w, https:\/\/www.artandtracks.com\/wp-content\/uploads\/2019\/04\/Helicopter-Wangkartu-2-1-768x1140.jpg 768w, https:\/\/www.artandtracks.com\/wp-content\/uploads\/2019\/04\/Helicopter-Wangkartu-2-1-690x1024.jpg 690w, https:\/\/www.artandtracks.com\/wp-content\/uploads\/2019\/04\/Helicopter-Wangkartu-2-1-600x890.jpg 600w, https:\/\/www.artandtracks.com\/wp-content\/uploads\/2019\/04\/Helicopter-Wangkartu-2-1-800x1187.jpg 800w\" sizes=\"(max-width: 202px) 100vw, 202px\" \/><\/a><\/h2>\n<h2><strong>Titre d<\/strong><strong>e l\u2019\u0153uvre :<\/strong><\/h2>\n<p>Wangkartu<\/p>\n<h2><strong>Artiste :<\/strong><\/h2>\n<p>Helicopter Tjungurrayi (n\u00e9 en 1947)<\/p>\n<h2><strong>Technique :<\/strong><\/h2>\n<p>Acrylique sur toile<\/p>\n<h2><strong>Dimension(s) :<\/strong><\/h2>\n<p>76 x 50,5 cm<\/p>\n<h2><strong>Ann\u00e9e et lieu de cr\u00e9ation :<\/strong><\/h2>\n<p>2019 \/ communaut\u00e9 de Balgo Hills, Warlayirti Artists<\/p>\n","protected":false},"excerpt":{"rendered":"<p>Titre de l\u2019\u0153uvre : Wangkartu Artiste : Helicopter Tjungurrayi (n\u00e9 en 1947) Technique : Acrylique sur toile Dimension(s) : 76 x 50,5 cm Ann\u00e9e et lieu de cr\u00e9ation : 2019 \/ communaut\u00e9 de Balgo Hills, Warlayirti Artists<\/p>\n","protected":false},"author":1,"featured_media":0,"parent":0,"menu_order":0,"comment_status":"closed","ping_status":"closed","template":"","meta":[],"_links":{"self":[{"href":"https:\/\/www.artandtracks.com\/index.php\/wp-json\/wp\/v2\/pages\/854"}],"collection":[{"href":"https:\/\/www.artandtracks.com\/index.php\/wp-json\/wp\/v2\/pages"}],"about":[{"href":"https:\/\/www.artandtracks.com\/index.php\/wp-json\/wp\/v2\/types\/page"}],"author":[{"embeddable":true,"href":"https:\/\/www.artandtracks.com\/index.php\/wp-json\/wp\/v2\/users\/1"}],"replies":[{"embeddable":true,"href":"https:\/\/www.artandtracks.com\/index.php\/wp-json\/wp\/v2\/comments?post=854"}],"version-history":[{"count":1,"href":"https:\/\/www.artandtracks.com\/index.php\/wp-json\/wp\/v2\/pages\/854\/revisions"}],"predecessor-version":[{"id":856,"href":"https:\/\/www.artandtracks.com\/index.php\/wp-json\/wp\/v2\/pages\/854\/revisions\/856"}],"wp:attachment":[{"href":"https:\/\/www.artandtracks.com\/index.php\/wp-json\/wp\/v2\/media?parent=854"}],"curies":[{"name":"wp","href":"https:\/\/api.w.org\/{rel}","templated":true}]}}