{"id":847,"date":"2019-04-16T17:32:27","date_gmt":"2019-04-16T15:32:27","guid":{"rendered":"http:\/\/www.artandtracks.com\/?page_id=847"},"modified":"2019-04-16T17:34:30","modified_gmt":"2019-04-16T15:34:30","slug":"adrian-robertson-yapa-on-yalpirakinu-2","status":"publish","type":"page","link":"https:\/\/www.artandtracks.com\/index.php\/adrian-robertson-yapa-on-yalpirakinu-2\/","title":{"rendered":"Adrian Robertson &#8211; &#8220;Yapa on Yalpirakinu&#8221;"},"content":{"rendered":"<h2><a href=\"http:\/\/www.artandtracks.com\/wp-content\/uploads\/2019\/04\/Adrian-Robertson-Yapa-On-Yalpirakinu-1-e1555428720562.jpg\"><img decoding=\"async\" loading=\"lazy\" class=\"alignnone wp-image-848 size-medium\" src=\"http:\/\/www.artandtracks.com\/wp-content\/uploads\/2019\/04\/Adrian-Robertson-Yapa-On-Yalpirakinu-1-e1555428720562-155x300.jpg\" alt=\"\" width=\"155\" height=\"300\" srcset=\"https:\/\/www.artandtracks.com\/wp-content\/uploads\/2019\/04\/Adrian-Robertson-Yapa-On-Yalpirakinu-1-e1555428720562-155x300.jpg 155w, https:\/\/www.artandtracks.com\/wp-content\/uploads\/2019\/04\/Adrian-Robertson-Yapa-On-Yalpirakinu-1-e1555428720562-768x1489.jpg 768w, https:\/\/www.artandtracks.com\/wp-content\/uploads\/2019\/04\/Adrian-Robertson-Yapa-On-Yalpirakinu-1-e1555428720562-528x1024.jpg 528w, https:\/\/www.artandtracks.com\/wp-content\/uploads\/2019\/04\/Adrian-Robertson-Yapa-On-Yalpirakinu-1-e1555428720562-600x1163.jpg 600w, https:\/\/www.artandtracks.com\/wp-content\/uploads\/2019\/04\/Adrian-Robertson-Yapa-On-Yalpirakinu-1-e1555428720562-800x1551.jpg 800w, https:\/\/www.artandtracks.com\/wp-content\/uploads\/2019\/04\/Adrian-Robertson-Yapa-On-Yalpirakinu-1-e1555428720562.jpg 1792w\" sizes=\"(max-width: 155px) 100vw, 155px\" \/><\/a><\/h2>\n<h2><strong>Titre d<\/strong><strong>e l\u2019\u0153uvre :<\/strong><\/h2>\n<p>Yapa on Yalpirakinu<\/p>\n<h2><strong>Artiste :<\/strong><\/h2>\n<p>Adrian Robertson (n\u00e9 en 1962)<\/p>\n<h2><strong>Technique :<\/strong><\/h2>\n<p>Acrylique sur toile<\/p>\n<h2><strong>Dimension(s) :<\/strong><\/h2>\n<p>60,5 x 31 cm<\/p>\n<h2><strong>Ann\u00e9e et lieu de cr\u00e9ation :<\/strong><\/h2>\n<p>2018 \/ Alice Springs, Bindi Arts<\/p>\n","protected":false},"excerpt":{"rendered":"<p>Titre de l\u2019\u0153uvre : Yapa on Yalpirakinu Artiste : Adrian Robertson (n\u00e9 en 1962) Technique : Acrylique sur toile Dimension(s) : 60,5 x 31 cm Ann\u00e9e et lieu de cr\u00e9ation : 2018 \/ Alice Springs, Bindi Arts<\/p>\n","protected":false},"author":1,"featured_media":0,"parent":0,"menu_order":0,"comment_status":"closed","ping_status":"closed","template":"","meta":[],"_links":{"self":[{"href":"https:\/\/www.artandtracks.com\/index.php\/wp-json\/wp\/v2\/pages\/847"}],"collection":[{"href":"https:\/\/www.artandtracks.com\/index.php\/wp-json\/wp\/v2\/pages"}],"about":[{"href":"https:\/\/www.artandtracks.com\/index.php\/wp-json\/wp\/v2\/types\/page"}],"author":[{"embeddable":true,"href":"https:\/\/www.artandtracks.com\/index.php\/wp-json\/wp\/v2\/users\/1"}],"replies":[{"embeddable":true,"href":"https:\/\/www.artandtracks.com\/index.php\/wp-json\/wp\/v2\/comments?post=847"}],"version-history":[{"count":1,"href":"https:\/\/www.artandtracks.com\/index.php\/wp-json\/wp\/v2\/pages\/847\/revisions"}],"predecessor-version":[{"id":849,"href":"https:\/\/www.artandtracks.com\/index.php\/wp-json\/wp\/v2\/pages\/847\/revisions\/849"}],"wp:attachment":[{"href":"https:\/\/www.artandtracks.com\/index.php\/wp-json\/wp\/v2\/media?parent=847"}],"curies":[{"name":"wp","href":"https:\/\/api.w.org\/{rel}","templated":true}]}}