{"id":843,"date":"2019-04-16T17:26:03","date_gmt":"2019-04-16T15:26:03","guid":{"rendered":"http:\/\/www.artandtracks.com\/?page_id=843"},"modified":"2019-04-16T17:26:03","modified_gmt":"2019-04-16T15:26:03","slug":"adrian-robertson-yalpirakinu-7","status":"publish","type":"page","link":"https:\/\/www.artandtracks.com\/index.php\/adrian-robertson-yalpirakinu-7\/","title":{"rendered":"Adrian Robertson &#8211; &#8220;Yalpirakinu&#8221;"},"content":{"rendered":"<h2><a href=\"http:\/\/www.artandtracks.com\/wp-content\/uploads\/2019\/04\/Adrian-Robertson-Yalpirakinu-5-1.jpg\"><img decoding=\"async\" loading=\"lazy\" class=\"alignnone wp-image-845 size-medium\" src=\"http:\/\/www.artandtracks.com\/wp-content\/uploads\/2019\/04\/Adrian-Robertson-Yalpirakinu-5-1-300x295.jpg\" alt=\"\" width=\"300\" height=\"295\" srcset=\"https:\/\/www.artandtracks.com\/wp-content\/uploads\/2019\/04\/Adrian-Robertson-Yalpirakinu-5-1-300x295.jpg 300w, https:\/\/www.artandtracks.com\/wp-content\/uploads\/2019\/04\/Adrian-Robertson-Yalpirakinu-5-1-768x756.jpg 768w, https:\/\/www.artandtracks.com\/wp-content\/uploads\/2019\/04\/Adrian-Robertson-Yalpirakinu-5-1-1024x1008.jpg 1024w, https:\/\/www.artandtracks.com\/wp-content\/uploads\/2019\/04\/Adrian-Robertson-Yalpirakinu-5-1-600x591.jpg 600w, https:\/\/www.artandtracks.com\/wp-content\/uploads\/2019\/04\/Adrian-Robertson-Yalpirakinu-5-1-800x788.jpg 800w\" sizes=\"(max-width: 300px) 100vw, 300px\" \/><\/a><\/h2>\n<h2><strong>Titre d<\/strong><strong>e l\u2019\u0153uvre :<\/strong><\/h2>\n<p>Yalpirakinu<\/p>\n<h2><strong>Artiste :<\/strong><\/h2>\n<p>Adrian Robertson (n\u00e9 en 1962)<\/p>\n<h2><strong>Technique :<\/strong><\/h2>\n<p>Acrylique sur toile<\/p>\n<h2><strong>Dimension(s) :<\/strong><\/h2>\n<p>60,5 x 61 cm<\/p>\n<h2><strong>Ann\u00e9e et lieu de cr\u00e9ation :<\/strong><\/h2>\n<p>2017 \/ Alice Springs, Bindi Arts<\/p>\n","protected":false},"excerpt":{"rendered":"<p>Titre de l\u2019\u0153uvre : Yalpirakinu Artiste : Adrian Robertson (n\u00e9 en 1962) Technique : Acrylique sur toile Dimension(s) : 60,5 x 61 cm Ann\u00e9e et lieu de cr\u00e9ation : 2017 \/ Alice Springs, Bindi Arts<\/p>\n","protected":false},"author":1,"featured_media":0,"parent":0,"menu_order":0,"comment_status":"closed","ping_status":"closed","template":"","meta":[],"_links":{"self":[{"href":"https:\/\/www.artandtracks.com\/index.php\/wp-json\/wp\/v2\/pages\/843"}],"collection":[{"href":"https:\/\/www.artandtracks.com\/index.php\/wp-json\/wp\/v2\/pages"}],"about":[{"href":"https:\/\/www.artandtracks.com\/index.php\/wp-json\/wp\/v2\/types\/page"}],"author":[{"embeddable":true,"href":"https:\/\/www.artandtracks.com\/index.php\/wp-json\/wp\/v2\/users\/1"}],"replies":[{"embeddable":true,"href":"https:\/\/www.artandtracks.com\/index.php\/wp-json\/wp\/v2\/comments?post=843"}],"version-history":[{"count":1,"href":"https:\/\/www.artandtracks.com\/index.php\/wp-json\/wp\/v2\/pages\/843\/revisions"}],"predecessor-version":[{"id":846,"href":"https:\/\/www.artandtracks.com\/index.php\/wp-json\/wp\/v2\/pages\/843\/revisions\/846"}],"wp:attachment":[{"href":"https:\/\/www.artandtracks.com\/index.php\/wp-json\/wp\/v2\/media?parent=843"}],"curies":[{"name":"wp","href":"https:\/\/api.w.org\/{rel}","templated":true}]}}