{"id":839,"date":"2019-04-16T17:08:00","date_gmt":"2019-04-16T15:08:00","guid":{"rendered":"http:\/\/www.artandtracks.com\/?page_id=839"},"modified":"2019-04-16T17:08:00","modified_gmt":"2019-04-16T15:08:00","slug":"adrian-robertson-yalpirakinu-6","status":"publish","type":"page","link":"https:\/\/www.artandtracks.com\/index.php\/adrian-robertson-yalpirakinu-6\/","title":{"rendered":"Adrian Robertson &#8211; &#8220;Yalpirakinu&#8221;"},"content":{"rendered":"<h2><a href=\"http:\/\/www.artandtracks.com\/wp-content\/uploads\/2019\/04\/Adrian-Robertson-Yalpirakinu-4-1-e1555427249686.jpg\"><img decoding=\"async\" loading=\"lazy\" class=\"alignnone wp-image-840 size-medium\" src=\"http:\/\/www.artandtracks.com\/wp-content\/uploads\/2019\/04\/Adrian-Robertson-Yalpirakinu-4-1-e1555427249686-300x156.jpg\" alt=\"\" width=\"300\" height=\"156\" srcset=\"https:\/\/www.artandtracks.com\/wp-content\/uploads\/2019\/04\/Adrian-Robertson-Yalpirakinu-4-1-e1555427249686-300x156.jpg 300w, https:\/\/www.artandtracks.com\/wp-content\/uploads\/2019\/04\/Adrian-Robertson-Yalpirakinu-4-1-e1555427249686-768x399.jpg 768w, https:\/\/www.artandtracks.com\/wp-content\/uploads\/2019\/04\/Adrian-Robertson-Yalpirakinu-4-1-e1555427249686-1024x532.jpg 1024w, https:\/\/www.artandtracks.com\/wp-content\/uploads\/2019\/04\/Adrian-Robertson-Yalpirakinu-4-1-e1555427249686-600x312.jpg 600w, https:\/\/www.artandtracks.com\/wp-content\/uploads\/2019\/04\/Adrian-Robertson-Yalpirakinu-4-1-e1555427249686-800x416.jpg 800w\" sizes=\"(max-width: 300px) 100vw, 300px\" \/><\/a><\/h2>\n<h2><strong>Titre d<\/strong><strong>e l\u2019\u0153uvre :<\/strong><\/h2>\n<p>Yalpirakinu<\/p>\n<h2><strong>Artiste :<\/strong><\/h2>\n<p>Adrian Robertson (n\u00e9 en 1962)<\/p>\n<h2><strong>Technique :<\/strong><\/h2>\n<p>Acrylique sur toile<\/p>\n<h2><strong>Dimension(s) :<\/strong><\/h2>\n<p>59,5 x 30 cm<\/p>\n<h2><strong>Ann\u00e9e et lieu de cr\u00e9ation :<\/strong><\/h2>\n<p>2017 \/ Alice Springs, Bindi Arts<\/p>\n","protected":false},"excerpt":{"rendered":"<p>Titre de l\u2019\u0153uvre : Yalpirakinu Artiste : Adrian Robertson (n\u00e9 en 1962) Technique : Acrylique sur toile Dimension(s) : 59,5 x 30 cm Ann\u00e9e et lieu de cr\u00e9ation : 2017 \/ Alice Springs, Bindi Arts<\/p>\n","protected":false},"author":1,"featured_media":0,"parent":0,"menu_order":0,"comment_status":"closed","ping_status":"closed","template":"","meta":[],"_links":{"self":[{"href":"https:\/\/www.artandtracks.com\/index.php\/wp-json\/wp\/v2\/pages\/839"}],"collection":[{"href":"https:\/\/www.artandtracks.com\/index.php\/wp-json\/wp\/v2\/pages"}],"about":[{"href":"https:\/\/www.artandtracks.com\/index.php\/wp-json\/wp\/v2\/types\/page"}],"author":[{"embeddable":true,"href":"https:\/\/www.artandtracks.com\/index.php\/wp-json\/wp\/v2\/users\/1"}],"replies":[{"embeddable":true,"href":"https:\/\/www.artandtracks.com\/index.php\/wp-json\/wp\/v2\/comments?post=839"}],"version-history":[{"count":1,"href":"https:\/\/www.artandtracks.com\/index.php\/wp-json\/wp\/v2\/pages\/839\/revisions"}],"predecessor-version":[{"id":841,"href":"https:\/\/www.artandtracks.com\/index.php\/wp-json\/wp\/v2\/pages\/839\/revisions\/841"}],"wp:attachment":[{"href":"https:\/\/www.artandtracks.com\/index.php\/wp-json\/wp\/v2\/media?parent=839"}],"curies":[{"name":"wp","href":"https:\/\/api.w.org\/{rel}","templated":true}]}}