{"id":812,"date":"2019-04-16T16:37:37","date_gmt":"2019-04-16T14:37:37","guid":{"rendered":"http:\/\/www.artandtracks.com\/?page_id=812"},"modified":"2023-09-20T08:50:40","modified_gmt":"2023-09-20T06:50:40","slug":"adrian-robertson-yalpirakinu","status":"publish","type":"page","link":"https:\/\/www.artandtracks.com\/index.php\/adrian-robertson-yalpirakinu\/","title":{"rendered":"Adrian Robertson &#8211; &#8220;Yalpirakinu&#8221;"},"content":{"rendered":"<h2><a href=\"http:\/\/www.artandtracks.com\/wp-content\/uploads\/2019\/04\/Adrian-Robertson-Yalpirakinu-1-e1555425377685.jpg\"><img decoding=\"async\" loading=\"lazy\" class=\"alignnone wp-image-813 size-medium\" src=\"http:\/\/www.artandtracks.com\/wp-content\/uploads\/2019\/04\/Adrian-Robertson-Yalpirakinu-1-e1555425377685-148x300.jpg\" alt=\"\" width=\"148\" height=\"300\" srcset=\"https:\/\/www.artandtracks.com\/wp-content\/uploads\/2019\/04\/Adrian-Robertson-Yalpirakinu-1-e1555425377685-148x300.jpg 148w, https:\/\/www.artandtracks.com\/wp-content\/uploads\/2019\/04\/Adrian-Robertson-Yalpirakinu-1-e1555425377685-768x1558.jpg 768w, https:\/\/www.artandtracks.com\/wp-content\/uploads\/2019\/04\/Adrian-Robertson-Yalpirakinu-1-e1555425377685-505x1024.jpg 505w, https:\/\/www.artandtracks.com\/wp-content\/uploads\/2019\/04\/Adrian-Robertson-Yalpirakinu-1-e1555425377685-600x1217.jpg 600w, https:\/\/www.artandtracks.com\/wp-content\/uploads\/2019\/04\/Adrian-Robertson-Yalpirakinu-1-e1555425377685-800x1622.jpg 800w, https:\/\/www.artandtracks.com\/wp-content\/uploads\/2019\/04\/Adrian-Robertson-Yalpirakinu-1-e1555425377685.jpg 1636w\" sizes=\"(max-width: 148px) 100vw, 148px\" \/><\/a><\/h2>\n<h2><strong>Titre d<\/strong><strong>e l\u2019\u0153uvre :<\/strong><\/h2>\n<p>Yalpirakinu<\/p>\n<h2><strong>Artiste :<\/strong><\/h2>\n<p>Adrian Robertson (n\u00e9 en 1962)<\/p>\n<h2><strong>Technique :<\/strong><\/h2>\n<p>Acrylique sur toile<\/p>\n<h2><strong>Dimension(s) :<\/strong><\/h2>\n<p>61 x 29,5 cm<\/p>\n<h2><strong>Ann\u00e9e et lieu de cr\u00e9ation :<\/strong><\/h2>\n<p>2012 \/ Alice Springs, Bindi Arts<\/p>\n","protected":false},"excerpt":{"rendered":"<p>Titre de l\u2019\u0153uvre : Yalpirakinu Artiste : Adrian Robertson (n\u00e9 en 1962) Technique : Acrylique sur toile Dimension(s) : 61 x 29,5 cm Ann\u00e9e et lieu de cr\u00e9ation : 2012 \/ Alice Springs, Bindi Arts<\/p>\n","protected":false},"author":1,"featured_media":0,"parent":0,"menu_order":0,"comment_status":"closed","ping_status":"closed","template":"","meta":[],"_links":{"self":[{"href":"https:\/\/www.artandtracks.com\/index.php\/wp-json\/wp\/v2\/pages\/812"}],"collection":[{"href":"https:\/\/www.artandtracks.com\/index.php\/wp-json\/wp\/v2\/pages"}],"about":[{"href":"https:\/\/www.artandtracks.com\/index.php\/wp-json\/wp\/v2\/types\/page"}],"author":[{"embeddable":true,"href":"https:\/\/www.artandtracks.com\/index.php\/wp-json\/wp\/v2\/users\/1"}],"replies":[{"embeddable":true,"href":"https:\/\/www.artandtracks.com\/index.php\/wp-json\/wp\/v2\/comments?post=812"}],"version-history":[{"count":3,"href":"https:\/\/www.artandtracks.com\/index.php\/wp-json\/wp\/v2\/pages\/812\/revisions"}],"predecessor-version":[{"id":1533,"href":"https:\/\/www.artandtracks.com\/index.php\/wp-json\/wp\/v2\/pages\/812\/revisions\/1533"}],"wp:attachment":[{"href":"https:\/\/www.artandtracks.com\/index.php\/wp-json\/wp\/v2\/media?parent=812"}],"curies":[{"name":"wp","href":"https:\/\/api.w.org\/{rel}","templated":true}]}}