{"id":789,"date":"2018-09-30T16:02:19","date_gmt":"2018-09-30T14:02:19","guid":{"rendered":"http:\/\/www.artandtracks.com\/?page_id=789"},"modified":"2018-09-30T16:02:19","modified_gmt":"2018-09-30T14:02:19","slug":"jane-gimme-bush-frog","status":"publish","type":"page","link":"https:\/\/www.artandtracks.com\/index.php\/jane-gimme-bush-frog\/","title":{"rendered":"Jane Gimme &#8211; &#8220;Bush Frog&#8221;"},"content":{"rendered":"<h2><a href=\"http:\/\/www.artandtracks.com\/wp-content\/uploads\/2018\/09\/Jane-Gimme.jpg\"><img decoding=\"async\" loading=\"lazy\" class=\"alignnone wp-image-790 size-medium\" src=\"http:\/\/www.artandtracks.com\/wp-content\/uploads\/2018\/09\/Jane-Gimme-300x236.jpg\" alt=\"\" width=\"300\" height=\"236\" srcset=\"https:\/\/www.artandtracks.com\/wp-content\/uploads\/2018\/09\/Jane-Gimme-300x236.jpg 300w, https:\/\/www.artandtracks.com\/wp-content\/uploads\/2018\/09\/Jane-Gimme-768x604.jpg 768w, https:\/\/www.artandtracks.com\/wp-content\/uploads\/2018\/09\/Jane-Gimme-1024x806.jpg 1024w, https:\/\/www.artandtracks.com\/wp-content\/uploads\/2018\/09\/Jane-Gimme-600x472.jpg 600w, https:\/\/www.artandtracks.com\/wp-content\/uploads\/2018\/09\/Jane-Gimme-800x630.jpg 800w\" sizes=\"(max-width: 300px) 100vw, 300px\" \/><\/a><\/h2>\n<h2><strong>Titre d<\/strong><strong>e l\u2019\u0153uvre :<\/strong><\/h2>\n<p>Bush Frog<\/p>\n<h2><strong>Artiste :<\/strong><\/h2>\n<p>Jane Gimme (n\u00e9e en 1958)<\/p>\n<h2><strong>Technique :<\/strong><\/h2>\n<p>S\u00e9rigraphie sur papier blanc au timbre sec de Nothern Editions<\/p>\n<p>Sign\u00e9e au crayon en partie inf\u00e9rieure droite et num\u00e9rot\u00e9e 5\/20 au crayon en partie inf\u00e9rieure gauche<\/p>\n<h2><strong>Dimension(s) :<\/strong><\/h2>\n<p>56 x 75,5 cm <em>papier<\/em> ; 49,5 x 62,5 cm <em>image<\/em><\/p>\n<h2><strong>Ann\u00e9e et lieu de cr\u00e9ation :<\/strong><\/h2>\n<p>2002 \/ communaut\u00e9 de Balgo Hills, Warlayirti Artists<\/p>\n<p>&nbsp;<\/p>\n","protected":false},"excerpt":{"rendered":"<p>Titre de l\u2019\u0153uvre : Bush Frog Artiste : Jane Gimme (n\u00e9e en 1958) Technique : S\u00e9rigraphie sur papier blanc au timbre sec de Nothern Editions Sign\u00e9e au crayon en partie inf\u00e9rieure droite et num\u00e9rot\u00e9e 5\/20 au crayon en partie inf\u00e9rieure gauche Dimension(s) : 56 x 75,5 cm papier ; 49,5 x 62,5 cm image Ann\u00e9e et lieu de cr\u00e9ation :&hellip;<\/p>\n","protected":false},"author":1,"featured_media":0,"parent":0,"menu_order":0,"comment_status":"closed","ping_status":"closed","template":"","meta":[],"_links":{"self":[{"href":"https:\/\/www.artandtracks.com\/index.php\/wp-json\/wp\/v2\/pages\/789"}],"collection":[{"href":"https:\/\/www.artandtracks.com\/index.php\/wp-json\/wp\/v2\/pages"}],"about":[{"href":"https:\/\/www.artandtracks.com\/index.php\/wp-json\/wp\/v2\/types\/page"}],"author":[{"embeddable":true,"href":"https:\/\/www.artandtracks.com\/index.php\/wp-json\/wp\/v2\/users\/1"}],"replies":[{"embeddable":true,"href":"https:\/\/www.artandtracks.com\/index.php\/wp-json\/wp\/v2\/comments?post=789"}],"version-history":[{"count":1,"href":"https:\/\/www.artandtracks.com\/index.php\/wp-json\/wp\/v2\/pages\/789\/revisions"}],"predecessor-version":[{"id":791,"href":"https:\/\/www.artandtracks.com\/index.php\/wp-json\/wp\/v2\/pages\/789\/revisions\/791"}],"wp:attachment":[{"href":"https:\/\/www.artandtracks.com\/index.php\/wp-json\/wp\/v2\/media?parent=789"}],"curies":[{"name":"wp","href":"https:\/\/api.w.org\/{rel}","templated":true}]}}