{"id":785,"date":"2018-09-30T15:52:44","date_gmt":"2018-09-30T13:52:44","guid":{"rendered":"http:\/\/www.artandtracks.com\/?page_id=785"},"modified":"2018-09-30T15:52:44","modified_gmt":"2018-09-30T13:52:44","slug":"helicopter-tjungurrayi-jupiter-well","status":"publish","type":"page","link":"https:\/\/www.artandtracks.com\/index.php\/helicopter-tjungurrayi-jupiter-well\/","title":{"rendered":"Helicopter Tjungurrayi &#8211; &#8220;Jupiter Well&#8221;"},"content":{"rendered":"<h2><a href=\"http:\/\/www.artandtracks.com\/wp-content\/uploads\/2018\/09\/Helicopter-3-1.jpg\"><img decoding=\"async\" loading=\"lazy\" class=\"alignnone wp-image-786 size-medium\" src=\"http:\/\/www.artandtracks.com\/wp-content\/uploads\/2018\/09\/Helicopter-3-1-168x300.jpg\" alt=\"\" width=\"168\" height=\"300\" srcset=\"https:\/\/www.artandtracks.com\/wp-content\/uploads\/2018\/09\/Helicopter-3-1-168x300.jpg 168w, https:\/\/www.artandtracks.com\/wp-content\/uploads\/2018\/09\/Helicopter-3-1-768x1369.jpg 768w, https:\/\/www.artandtracks.com\/wp-content\/uploads\/2018\/09\/Helicopter-3-1-574x1024.jpg 574w, https:\/\/www.artandtracks.com\/wp-content\/uploads\/2018\/09\/Helicopter-3-1-600x1070.jpg 600w, https:\/\/www.artandtracks.com\/wp-content\/uploads\/2018\/09\/Helicopter-3-1-800x1426.jpg 800w\" sizes=\"(max-width: 168px) 100vw, 168px\" \/><\/a><\/h2>\n<h2><strong>Titre d<\/strong><strong>e l\u2019\u0153uvre :<\/strong><\/h2>\n<p>Jupiter Well<\/p>\n<h2><strong>Artiste :<\/strong><\/h2>\n<p>Helicopter Tjungurrayi (n\u00e9 en 1947)<\/p>\n<h2><strong>Technique :<\/strong><\/h2>\n<p>Taille douce sur zinc (aquatinte au sucre) en deux matrices sur papier blanc au timbre sec de Nothern Editions<\/p>\n<p>Sign\u00e9e au crayon en partie inf\u00e9rieure droite et num\u00e9rot\u00e9e AP [artist proof] VIII\/X (d&#8217;un tirage de 25) au crayon en partie inf\u00e9rieure gauche<\/p>\n<h2><strong>Dimension(s) :<\/strong><\/h2>\n<p>96 x 60,5 cm <em>papier<\/em> ; 74 x 39 cm <em>image<\/em> <em>(coup de planche)<\/em><\/p>\n<h2><strong>Ann\u00e9e et lieu de cr\u00e9ation :<\/strong><\/h2>\n<p>2002 \/ communaut\u00e9 de Balgo Hills, Warlayirti Artists<\/p>\n","protected":false},"excerpt":{"rendered":"<p>Titre de l\u2019\u0153uvre : Jupiter Well Artiste : Helicopter Tjungurrayi (n\u00e9 en 1947) Technique : Taille douce sur zinc (aquatinte au sucre) en deux matrices sur papier blanc au timbre sec de Nothern Editions Sign\u00e9e au crayon en partie inf\u00e9rieure droite et num\u00e9rot\u00e9e AP [artist proof] VIII\/X (d&#8217;un tirage de 25) au crayon en partie inf\u00e9rieure gauche Dimension(s) : 96&hellip;<\/p>\n","protected":false},"author":1,"featured_media":0,"parent":0,"menu_order":0,"comment_status":"closed","ping_status":"closed","template":"","meta":[],"_links":{"self":[{"href":"https:\/\/www.artandtracks.com\/index.php\/wp-json\/wp\/v2\/pages\/785"}],"collection":[{"href":"https:\/\/www.artandtracks.com\/index.php\/wp-json\/wp\/v2\/pages"}],"about":[{"href":"https:\/\/www.artandtracks.com\/index.php\/wp-json\/wp\/v2\/types\/page"}],"author":[{"embeddable":true,"href":"https:\/\/www.artandtracks.com\/index.php\/wp-json\/wp\/v2\/users\/1"}],"replies":[{"embeddable":true,"href":"https:\/\/www.artandtracks.com\/index.php\/wp-json\/wp\/v2\/comments?post=785"}],"version-history":[{"count":1,"href":"https:\/\/www.artandtracks.com\/index.php\/wp-json\/wp\/v2\/pages\/785\/revisions"}],"predecessor-version":[{"id":787,"href":"https:\/\/www.artandtracks.com\/index.php\/wp-json\/wp\/v2\/pages\/785\/revisions\/787"}],"wp:attachment":[{"href":"https:\/\/www.artandtracks.com\/index.php\/wp-json\/wp\/v2\/media?parent=785"}],"curies":[{"name":"wp","href":"https:\/\/api.w.org\/{rel}","templated":true}]}}