{"id":780,"date":"2018-09-30T15:44:36","date_gmt":"2018-09-30T13:44:36","guid":{"rendered":"http:\/\/www.artandtracks.com\/?page_id=780"},"modified":"2018-09-30T15:44:36","modified_gmt":"2018-09-30T13:44:36","slug":"sidney-moody-truriljarra","status":"publish","type":"page","link":"https:\/\/www.artandtracks.com\/index.php\/sidney-moody-truriljarra\/","title":{"rendered":"Sidney Moody &#8211; &#8220;Truriljarra&#8221;"},"content":{"rendered":"<h2><a href=\"http:\/\/www.artandtracks.com\/wp-content\/uploads\/2018\/09\/Sydney-Moody-1.jpg\"><img decoding=\"async\" loading=\"lazy\" class=\"alignnone wp-image-782 size-medium\" src=\"http:\/\/www.artandtracks.com\/wp-content\/uploads\/2018\/09\/Sydney-Moody-1-241x300.jpg\" alt=\"\" width=\"241\" height=\"300\" srcset=\"https:\/\/www.artandtracks.com\/wp-content\/uploads\/2018\/09\/Sydney-Moody-1-241x300.jpg 241w, https:\/\/www.artandtracks.com\/wp-content\/uploads\/2018\/09\/Sydney-Moody-1-768x954.jpg 768w, https:\/\/www.artandtracks.com\/wp-content\/uploads\/2018\/09\/Sydney-Moody-1-824x1024.jpg 824w, https:\/\/www.artandtracks.com\/wp-content\/uploads\/2018\/09\/Sydney-Moody-1-600x746.jpg 600w, https:\/\/www.artandtracks.com\/wp-content\/uploads\/2018\/09\/Sydney-Moody-1-800x994.jpg 800w\" sizes=\"(max-width: 241px) 100vw, 241px\" \/><\/a><\/h2>\n<h2><strong>Titre d<\/strong><strong>e l\u2019\u0153uvre :<\/strong><\/h2>\n<p>Truriljarra<\/p>\n<h2><strong>Artiste :<\/strong><\/h2>\n<p>Sidney Moody (n\u00e9 en 1947)<\/p>\n<h2><strong>Technique :<\/strong><\/h2>\n<p>Gravure sur bois en couleur en deux matrices sur papier japon au timbre sec de Nothern Editions<\/p>\n<p>Sign\u00e9e au crayon en partie inf\u00e9rieure droite et num\u00e9rot\u00e9e 17\/20 au crayon en partie inf\u00e9rieure gauche<\/p>\n<h2><strong>Dimension(s) :<\/strong><\/h2>\n<p>67 x 55 cm <em>papier<\/em> ; 50 x 40 cm <em>image<\/em> <em>(trait carr\u00e9)<\/em><\/p>\n<h2><strong>Ann\u00e9e et lieu de cr\u00e9ation :<\/strong><\/h2>\n<p>2013 \/ communaut\u00e9 de Balgo Hills, Warlayirti Artists<\/p>\n","protected":false},"excerpt":{"rendered":"<p>Titre de l\u2019\u0153uvre : Truriljarra Artiste : Sidney Moody (n\u00e9 en 1947) Technique : Gravure sur bois en couleur en deux matrices sur papier japon au timbre sec de Nothern Editions Sign\u00e9e au crayon en partie inf\u00e9rieure droite et num\u00e9rot\u00e9e 17\/20 au crayon en partie inf\u00e9rieure gauche Dimension(s) : 67 x 55 cm papier ; 50 x 40 cm image&hellip;<\/p>\n","protected":false},"author":1,"featured_media":0,"parent":0,"menu_order":0,"comment_status":"closed","ping_status":"closed","template":"","meta":[],"_links":{"self":[{"href":"https:\/\/www.artandtracks.com\/index.php\/wp-json\/wp\/v2\/pages\/780"}],"collection":[{"href":"https:\/\/www.artandtracks.com\/index.php\/wp-json\/wp\/v2\/pages"}],"about":[{"href":"https:\/\/www.artandtracks.com\/index.php\/wp-json\/wp\/v2\/types\/page"}],"author":[{"embeddable":true,"href":"https:\/\/www.artandtracks.com\/index.php\/wp-json\/wp\/v2\/users\/1"}],"replies":[{"embeddable":true,"href":"https:\/\/www.artandtracks.com\/index.php\/wp-json\/wp\/v2\/comments?post=780"}],"version-history":[{"count":1,"href":"https:\/\/www.artandtracks.com\/index.php\/wp-json\/wp\/v2\/pages\/780\/revisions"}],"predecessor-version":[{"id":783,"href":"https:\/\/www.artandtracks.com\/index.php\/wp-json\/wp\/v2\/pages\/780\/revisions\/783"}],"wp:attachment":[{"href":"https:\/\/www.artandtracks.com\/index.php\/wp-json\/wp\/v2\/media?parent=780"}],"curies":[{"name":"wp","href":"https:\/\/api.w.org\/{rel}","templated":true}]}}