{"id":764,"date":"2018-09-30T15:24:14","date_gmt":"2018-09-30T13:24:14","guid":{"rendered":"http:\/\/www.artandtracks.com\/?page_id=764"},"modified":"2018-09-30T15:24:14","modified_gmt":"2018-09-30T13:24:14","slug":"alma-nungarrayi-granites-karnta-jukurrpa","status":"publish","type":"page","link":"https:\/\/www.artandtracks.com\/index.php\/alma-nungarrayi-granites-karnta-jukurrpa\/","title":{"rendered":"Alma Nungarrayi Granites &#8211; &#8220;Karnta Jukurrpa&#8221;"},"content":{"rendered":"<h2><a href=\"http:\/\/www.artandtracks.com\/wp-content\/uploads\/2018\/09\/Alma-Granites-1.jpg\"><img decoding=\"async\" loading=\"lazy\" class=\"alignnone wp-image-767 size-medium\" src=\"http:\/\/www.artandtracks.com\/wp-content\/uploads\/2018\/09\/Alma-Granites-1-300x220.jpg\" alt=\"\" width=\"300\" height=\"220\" srcset=\"https:\/\/www.artandtracks.com\/wp-content\/uploads\/2018\/09\/Alma-Granites-1-300x220.jpg 300w, https:\/\/www.artandtracks.com\/wp-content\/uploads\/2018\/09\/Alma-Granites-1-768x562.jpg 768w, https:\/\/www.artandtracks.com\/wp-content\/uploads\/2018\/09\/Alma-Granites-1-1024x750.jpg 1024w, https:\/\/www.artandtracks.com\/wp-content\/uploads\/2018\/09\/Alma-Granites-1-600x439.jpg 600w, https:\/\/www.artandtracks.com\/wp-content\/uploads\/2018\/09\/Alma-Granites-1-800x586.jpg 800w\" sizes=\"(max-width: 300px) 100vw, 300px\" \/><\/a><\/h2>\n<h2><strong>Titre d<\/strong><strong>e l\u2019\u0153uvre :<\/strong><\/h2>\n<p>Karnta Jukurrpa<\/p>\n<h2><strong>Artiste :<\/strong><\/h2>\n<p>Alma Nungarrayi Granites (1955-2017)<\/p>\n<h2><strong>Technique :<\/strong><\/h2>\n<p>Taille douce sur zinc (pointe-s\u00e8che) sur papier blanc au timbre sec de Basil Hall Editions<\/p>\n<p>Sign\u00e9e au crayon en partie inf\u00e9rieure droite et num\u00e9rot\u00e9e 6\/10 au crayon en partie inf\u00e9rieure gauche<\/p>\n<h2><strong>Dimension(s) :<\/strong><\/h2>\n<p>36 x 39 cm <em>papier<\/em> ; 16 x 24,5 cm <em>image (coup de planche)<br \/>\n<\/em><\/p>\n<h2><strong>Ann\u00e9e et lieu de cr\u00e9ation :<\/strong><\/h2>\n<p>2006 \/ communaut\u00e9 de Yuendumu, Warlukurlangu<\/p>\n","protected":false},"excerpt":{"rendered":"<p>Titre de l\u2019\u0153uvre : Karnta Jukurrpa Artiste : Alma Nungarrayi Granites (1955-2017) Technique : Taille douce sur zinc (pointe-s\u00e8che) sur papier blanc au timbre sec de Basil Hall Editions Sign\u00e9e au crayon en partie inf\u00e9rieure droite et num\u00e9rot\u00e9e 6\/10 au crayon en partie inf\u00e9rieure gauche Dimension(s) : 36 x 39 cm papier ; 16 x 24,5 cm image (coup de&hellip;<\/p>\n","protected":false},"author":1,"featured_media":0,"parent":0,"menu_order":0,"comment_status":"closed","ping_status":"closed","template":"","meta":[],"_links":{"self":[{"href":"https:\/\/www.artandtracks.com\/index.php\/wp-json\/wp\/v2\/pages\/764"}],"collection":[{"href":"https:\/\/www.artandtracks.com\/index.php\/wp-json\/wp\/v2\/pages"}],"about":[{"href":"https:\/\/www.artandtracks.com\/index.php\/wp-json\/wp\/v2\/types\/page"}],"author":[{"embeddable":true,"href":"https:\/\/www.artandtracks.com\/index.php\/wp-json\/wp\/v2\/users\/1"}],"replies":[{"embeddable":true,"href":"https:\/\/www.artandtracks.com\/index.php\/wp-json\/wp\/v2\/comments?post=764"}],"version-history":[{"count":1,"href":"https:\/\/www.artandtracks.com\/index.php\/wp-json\/wp\/v2\/pages\/764\/revisions"}],"predecessor-version":[{"id":768,"href":"https:\/\/www.artandtracks.com\/index.php\/wp-json\/wp\/v2\/pages\/764\/revisions\/768"}],"wp:attachment":[{"href":"https:\/\/www.artandtracks.com\/index.php\/wp-json\/wp\/v2\/media?parent=764"}],"curies":[{"name":"wp","href":"https:\/\/api.w.org\/{rel}","templated":true}]}}