{"id":761,"date":"2018-09-30T15:15:44","date_gmt":"2018-09-30T13:15:44","guid":{"rendered":"http:\/\/www.artandtracks.com\/?page_id=761"},"modified":"2018-09-30T15:15:44","modified_gmt":"2018-09-30T13:15:44","slug":"charmaine-napurrurla-wilson-ngapa-and-yankirri-jukurrpa","status":"publish","type":"page","link":"https:\/\/www.artandtracks.com\/index.php\/charmaine-napurrurla-wilson-ngapa-and-yankirri-jukurrpa\/","title":{"rendered":"Charmaine Napurrurla Wilson &#8211; &#8220;Ngapa and Yankirri Jukurrpa&#8221;"},"content":{"rendered":"<h2><a href=\"http:\/\/www.artandtracks.com\/wp-content\/uploads\/2018\/09\/Charmaine-Wilson.jpg\"><img decoding=\"async\" loading=\"lazy\" class=\"alignnone wp-image-762 size-medium\" src=\"http:\/\/www.artandtracks.com\/wp-content\/uploads\/2018\/09\/Charmaine-Wilson-201x300.jpg\" alt=\"\" width=\"201\" height=\"300\" srcset=\"https:\/\/www.artandtracks.com\/wp-content\/uploads\/2018\/09\/Charmaine-Wilson-201x300.jpg 201w, https:\/\/www.artandtracks.com\/wp-content\/uploads\/2018\/09\/Charmaine-Wilson-768x1144.jpg 768w, https:\/\/www.artandtracks.com\/wp-content\/uploads\/2018\/09\/Charmaine-Wilson-688x1024.jpg 688w, https:\/\/www.artandtracks.com\/wp-content\/uploads\/2018\/09\/Charmaine-Wilson-600x894.jpg 600w, https:\/\/www.artandtracks.com\/wp-content\/uploads\/2018\/09\/Charmaine-Wilson-800x1192.jpg 800w\" sizes=\"(max-width: 201px) 100vw, 201px\" \/><\/a><\/h2>\n<h2><strong>Titre d<\/strong><strong>e l\u2019\u0153uvre :<\/strong><\/h2>\n<p>Ngapa and Yankirri Jukurrpa<\/p>\n<h2><strong>Artiste :<\/strong><\/h2>\n<p>Charmaine Napurrurla Wilson<\/p>\n<h2><strong>Technique :<\/strong><\/h2>\n<p>Taille douce sur zinc (eau-forte) sur papier blanc au timbre sec de Basil Hall Editions<\/p>\n<p>Sign\u00e9e au crayon au centre sous le coup de planche et num\u00e9rot\u00e9e 2\/10 au crayon en partie inf\u00e9rieure gauche<\/p>\n<h2><strong>Dimension(s) :<\/strong><\/h2>\n<p>39,5 x 36 cm <em>papier<\/em> ; 25,6 x 16,3 cm <em>image (coup de planche)<br \/>\n<\/em><\/p>\n<h2><strong>Ann\u00e9e et lieu de cr\u00e9ation :<\/strong><\/h2>\n<p>2006 \/ communaut\u00e9 de Yuendumu, Warlukurlangu<\/p>\n","protected":false},"excerpt":{"rendered":"<p>Titre de l\u2019\u0153uvre : Ngapa and Yankirri Jukurrpa Artiste : Charmaine Napurrurla Wilson Technique : Taille douce sur zinc (eau-forte) sur papier blanc au timbre sec de Basil Hall Editions Sign\u00e9e au crayon au centre sous le coup de planche et num\u00e9rot\u00e9e 2\/10 au crayon en partie inf\u00e9rieure gauche Dimension(s) : 39,5 x 36 cm papier ; 25,6 x 16,3&hellip;<\/p>\n","protected":false},"author":1,"featured_media":0,"parent":0,"menu_order":0,"comment_status":"closed","ping_status":"closed","template":"","meta":[],"_links":{"self":[{"href":"https:\/\/www.artandtracks.com\/index.php\/wp-json\/wp\/v2\/pages\/761"}],"collection":[{"href":"https:\/\/www.artandtracks.com\/index.php\/wp-json\/wp\/v2\/pages"}],"about":[{"href":"https:\/\/www.artandtracks.com\/index.php\/wp-json\/wp\/v2\/types\/page"}],"author":[{"embeddable":true,"href":"https:\/\/www.artandtracks.com\/index.php\/wp-json\/wp\/v2\/users\/1"}],"replies":[{"embeddable":true,"href":"https:\/\/www.artandtracks.com\/index.php\/wp-json\/wp\/v2\/comments?post=761"}],"version-history":[{"count":1,"href":"https:\/\/www.artandtracks.com\/index.php\/wp-json\/wp\/v2\/pages\/761\/revisions"}],"predecessor-version":[{"id":763,"href":"https:\/\/www.artandtracks.com\/index.php\/wp-json\/wp\/v2\/pages\/761\/revisions\/763"}],"wp:attachment":[{"href":"https:\/\/www.artandtracks.com\/index.php\/wp-json\/wp\/v2\/media?parent=761"}],"curies":[{"name":"wp","href":"https:\/\/api.w.org\/{rel}","templated":true}]}}