{"id":742,"date":"2018-09-29T19:07:31","date_gmt":"2018-09-29T17:07:31","guid":{"rendered":"http:\/\/www.artandtracks.com\/?page_id=742"},"modified":"2018-09-29T19:07:31","modified_gmt":"2018-09-29T17:07:31","slug":"angela-lee-watermelon-story","status":"publish","type":"page","link":"https:\/\/www.artandtracks.com\/index.php\/angela-lee-watermelon-story\/","title":{"rendered":"Angela Lee &#8211; &#8220;Watermelon Story&#8221;"},"content":{"rendered":"<h2><a href=\"http:\/\/www.artandtracks.com\/wp-content\/uploads\/2018\/09\/Angela-Lee.jpg\"><img decoding=\"async\" loading=\"lazy\" class=\"alignnone wp-image-743 size-medium\" src=\"http:\/\/www.artandtracks.com\/wp-content\/uploads\/2018\/09\/Angela-Lee-202x300.jpg\" alt=\"\" width=\"202\" height=\"300\" srcset=\"https:\/\/www.artandtracks.com\/wp-content\/uploads\/2018\/09\/Angela-Lee-202x300.jpg 202w, https:\/\/www.artandtracks.com\/wp-content\/uploads\/2018\/09\/Angela-Lee-768x1140.jpg 768w, https:\/\/www.artandtracks.com\/wp-content\/uploads\/2018\/09\/Angela-Lee-690x1024.jpg 690w, https:\/\/www.artandtracks.com\/wp-content\/uploads\/2018\/09\/Angela-Lee-600x891.jpg 600w, https:\/\/www.artandtracks.com\/wp-content\/uploads\/2018\/09\/Angela-Lee-800x1188.jpg 800w\" sizes=\"(max-width: 202px) 100vw, 202px\" \/><\/a><\/h2>\n<h2><strong>Titre d<\/strong><strong>e l\u2019\u0153uvre :<\/strong><\/h2>\n<p>Watermelon Story<\/p>\n<h2><strong>Artiste :<\/strong><\/h2>\n<p>Angela Lee (n\u00e9e en 1967)<\/p>\n<h2><strong>Technique :<\/strong><\/h2>\n<p>Taille douce sur zinc (eau-forte) sur papier blanc au timbre sec de Basil Hall Editions<\/p>\n<p>Sign\u00e9e au crayon en partie inf\u00e9rieure droite et num\u00e9rot\u00e9e 1\/20 au crayon en partie inf\u00e9rieure gauche<\/p>\n<h2><strong>Dimension(s) :<\/strong><\/h2>\n<p>39,5 x 36 cm <em>papier<\/em> ; 29,6 x 15,8 cm <em>image<\/em> <em>(coup de planche)<\/em><\/p>\n<h2><strong>Ann\u00e9e et lieu de cr\u00e9ation :<\/strong><\/h2>\n<p>2015 \/ communaut\u00e9 de Balgo Hills, Warlayirti Artists<\/p>\n<p>&nbsp;<\/p>\n<h2><strong>A propos :<\/strong><\/h2>\n<p>Cette \u0153uvre fait partie int\u00e9grante du Garma Panel, projet gigantesque regroupant 80 \u0153uvres d&#8217;autant d&#8217;artistes diff\u00e9rents \u00e0 l&#8217;occasion du Garma Festival de 2003. Manifestation majeure de la culture aborig\u00e8ne contemporaine, cet \u00e9v\u00e8nement se d\u00e9roule en Terre d&#8217;Arnhem.<\/p>\n<p>A cette occasion un tirage complet des 80 plaques fut effectu\u00e9 (2004). L&#8217;estampe d&#8217;Angela Lee \u00e9tait alors encr\u00e9e en surface, conduisant \u00e0 un effet n\u00e9gatif o\u00f9 les tailles apparaissaient en blanc.<\/p>\n<p>La date conserv\u00e9e ici pour l\u2019\u0153uvre est celle donn\u00e9e lors du catalogage de la pi\u00e8ce. Celle-ci fut grav\u00e9e en 2003.<\/p>\n","protected":false},"excerpt":{"rendered":"<p>Titre de l\u2019\u0153uvre : Watermelon Story Artiste : Angela Lee (n\u00e9e en 1967) Technique : Taille douce sur zinc (eau-forte) sur papier blanc au timbre sec de Basil Hall Editions Sign\u00e9e au crayon en partie inf\u00e9rieure droite et num\u00e9rot\u00e9e 1\/20 au crayon en partie inf\u00e9rieure gauche Dimension(s) : 39,5 x 36 cm papier ; 29,6 x 15,8 cm image (coup&hellip;<\/p>\n","protected":false},"author":1,"featured_media":0,"parent":0,"menu_order":0,"comment_status":"closed","ping_status":"closed","template":"","meta":[],"_links":{"self":[{"href":"https:\/\/www.artandtracks.com\/index.php\/wp-json\/wp\/v2\/pages\/742"}],"collection":[{"href":"https:\/\/www.artandtracks.com\/index.php\/wp-json\/wp\/v2\/pages"}],"about":[{"href":"https:\/\/www.artandtracks.com\/index.php\/wp-json\/wp\/v2\/types\/page"}],"author":[{"embeddable":true,"href":"https:\/\/www.artandtracks.com\/index.php\/wp-json\/wp\/v2\/users\/1"}],"replies":[{"embeddable":true,"href":"https:\/\/www.artandtracks.com\/index.php\/wp-json\/wp\/v2\/comments?post=742"}],"version-history":[{"count":1,"href":"https:\/\/www.artandtracks.com\/index.php\/wp-json\/wp\/v2\/pages\/742\/revisions"}],"predecessor-version":[{"id":745,"href":"https:\/\/www.artandtracks.com\/index.php\/wp-json\/wp\/v2\/pages\/742\/revisions\/745"}],"wp:attachment":[{"href":"https:\/\/www.artandtracks.com\/index.php\/wp-json\/wp\/v2\/media?parent=742"}],"curies":[{"name":"wp","href":"https:\/\/api.w.org\/{rel}","templated":true}]}}