{"id":738,"date":"2018-09-28T00:34:00","date_gmt":"2018-09-27T22:34:00","guid":{"rendered":"http:\/\/www.artandtracks.com\/?page_id=738"},"modified":"2018-09-30T14:33:39","modified_gmt":"2018-09-30T12:33:39","slug":"mersane-loban-nguzu-aputha-thiew-augadth","status":"publish","type":"page","link":"https:\/\/www.artandtracks.com\/index.php\/mersane-loban-nguzu-aputha-thiew-augadth\/","title":{"rendered":"Mersane Loban &#8211; &#8220;Nguzu Aputha-thiew Augadth&#8221;"},"content":{"rendered":"<h2><a href=\"http:\/\/www.artandtracks.com\/wp-content\/uploads\/2018\/09\/Mersane-Loban2.jpg\"><img decoding=\"async\" loading=\"lazy\" class=\"alignnone wp-image-739 size-medium\" src=\"http:\/\/www.artandtracks.com\/wp-content\/uploads\/2018\/09\/Mersane-Loban2-300x210.jpg\" alt=\"\" width=\"300\" height=\"210\" srcset=\"https:\/\/www.artandtracks.com\/wp-content\/uploads\/2018\/09\/Mersane-Loban2-300x210.jpg 300w, https:\/\/www.artandtracks.com\/wp-content\/uploads\/2018\/09\/Mersane-Loban2-768x539.jpg 768w, https:\/\/www.artandtracks.com\/wp-content\/uploads\/2018\/09\/Mersane-Loban2-1024x718.jpg 1024w, https:\/\/www.artandtracks.com\/wp-content\/uploads\/2018\/09\/Mersane-Loban2-600x421.jpg 600w, https:\/\/www.artandtracks.com\/wp-content\/uploads\/2018\/09\/Mersane-Loban2-800x561.jpg 800w\" sizes=\"(max-width: 300px) 100vw, 300px\" \/><\/a><\/h2>\n<h2><strong>Titre d<\/strong><strong>e l\u2019\u0153uvre :<\/strong><\/h2>\n<p>Nguzu Aputha-thiew Augadth<\/p>\n<h2><strong>Artiste :<\/strong><\/h2>\n<p>Mersane Loban (n\u00e9e en 1978)<\/p>\n<h2><strong>Technique :<\/strong><\/h2>\n<p>Taille douce sur zinc (eau-forte et aquatinte) sur papier blanc<\/p>\n<p>Sign\u00e9e et dat\u00e9e au crayon en partie inf\u00e9rieure droite et num\u00e9rot\u00e9e 18\/20 au crayon en partie inf\u00e9rieure gauche. Titre inscrit au centre sous le coup de planche<\/p>\n<h2><strong>Dimension(s) :<\/strong><\/h2>\n<p>56 x 75,5 cm <em>papier<\/em> ; 32,5 x 49,5 cm <em>image<\/em> <em>(coup de planche)<\/em><\/p>\n<h2><strong>Ann\u00e9e et lieu de cr\u00e9ation :<\/strong><\/h2>\n<p>2011 \/ Badu Island, Moa Art Center<\/p>\n","protected":false},"excerpt":{"rendered":"<p>Titre de l\u2019\u0153uvre : Nguzu Aputha-thiew Augadth Artiste : Mersane Loban (n\u00e9e en 1978) Technique : Taille douce sur zinc (eau-forte et aquatinte) sur papier blanc Sign\u00e9e et dat\u00e9e au crayon en partie inf\u00e9rieure droite et num\u00e9rot\u00e9e 18\/20 au crayon en partie inf\u00e9rieure gauche. Titre inscrit au centre sous le coup de planche Dimension(s) : 56 x 75,5 cm papier&hellip;<\/p>\n","protected":false},"author":1,"featured_media":0,"parent":0,"menu_order":0,"comment_status":"closed","ping_status":"closed","template":"","meta":[],"_links":{"self":[{"href":"https:\/\/www.artandtracks.com\/index.php\/wp-json\/wp\/v2\/pages\/738"}],"collection":[{"href":"https:\/\/www.artandtracks.com\/index.php\/wp-json\/wp\/v2\/pages"}],"about":[{"href":"https:\/\/www.artandtracks.com\/index.php\/wp-json\/wp\/v2\/types\/page"}],"author":[{"embeddable":true,"href":"https:\/\/www.artandtracks.com\/index.php\/wp-json\/wp\/v2\/users\/1"}],"replies":[{"embeddable":true,"href":"https:\/\/www.artandtracks.com\/index.php\/wp-json\/wp\/v2\/comments?post=738"}],"version-history":[{"count":3,"href":"https:\/\/www.artandtracks.com\/index.php\/wp-json\/wp\/v2\/pages\/738\/revisions"}],"predecessor-version":[{"id":760,"href":"https:\/\/www.artandtracks.com\/index.php\/wp-json\/wp\/v2\/pages\/738\/revisions\/760"}],"wp:attachment":[{"href":"https:\/\/www.artandtracks.com\/index.php\/wp-json\/wp\/v2\/media?parent=738"}],"curies":[{"name":"wp","href":"https:\/\/api.w.org\/{rel}","templated":true}]}}