{"id":734,"date":"2018-09-27T16:54:30","date_gmt":"2018-09-27T14:54:30","guid":{"rendered":"http:\/\/www.artandtracks.com\/?page_id=734"},"modified":"2018-09-27T16:54:30","modified_gmt":"2018-09-27T14:54:30","slug":"ningie-nanala-yula-2","status":"publish","type":"page","link":"https:\/\/www.artandtracks.com\/index.php\/ningie-nanala-yula-2\/","title":{"rendered":"Ningie Nanala &#8211; &#8220;Yula&#8221;"},"content":{"rendered":"<h2><a href=\"http:\/\/www.artandtracks.com\/wp-content\/uploads\/2018\/09\/Ningie-Nanala-3-3.jpg\"><img decoding=\"async\" loading=\"lazy\" class=\"alignnone wp-image-735 size-medium\" src=\"http:\/\/www.artandtracks.com\/wp-content\/uploads\/2018\/09\/Ningie-Nanala-3-3-235x300.jpg\" alt=\"\" width=\"235\" height=\"300\" srcset=\"https:\/\/www.artandtracks.com\/wp-content\/uploads\/2018\/09\/Ningie-Nanala-3-3-235x300.jpg 235w, https:\/\/www.artandtracks.com\/wp-content\/uploads\/2018\/09\/Ningie-Nanala-3-3-768x979.jpg 768w, https:\/\/www.artandtracks.com\/wp-content\/uploads\/2018\/09\/Ningie-Nanala-3-3-803x1024.jpg 803w, https:\/\/www.artandtracks.com\/wp-content\/uploads\/2018\/09\/Ningie-Nanala-3-3-600x765.jpg 600w, https:\/\/www.artandtracks.com\/wp-content\/uploads\/2018\/09\/Ningie-Nanala-3-3-800x1020.jpg 800w\" sizes=\"(max-width: 235px) 100vw, 235px\" \/><\/a><\/h2>\n<h2><strong>Titre d<\/strong><strong>e l\u2019\u0153uvre :<\/strong><\/h2>\n<p>Yula<\/p>\n<h2><strong>Artiste :<\/strong><\/h2>\n<p>Ningie Nanala (n\u00e9e en 1937)<\/p>\n<h2><strong>Technique :<\/strong><\/h2>\n<p>Taille douce sur zinc (aquatinte au sucre et effets d\u2019encrage) sur papier blanc au timbre sec de Nothern Editions<\/p>\n<p>Sign\u00e9e au crayon en partie inf\u00e9rieure droite et num\u00e9rot\u00e9e 2\/20 au crayon en partie inf\u00e9rieure gauche<\/p>\n<h2><strong>Dimension(s) :<\/strong><\/h2>\n<p>66,1 x 56,3 cm <em>papier<\/em> ; 49,3 x 39,3 cm <em>image<\/em> <em>(coup de planche)<\/em><\/p>\n<h2><strong>Ann\u00e9e et lieu de cr\u00e9ation :<\/strong><\/h2>\n<p>2013 \/ communaut\u00e9 de Balgo Hills, Warlayirti Artists<\/p>\n","protected":false},"excerpt":{"rendered":"<p>Titre de l\u2019\u0153uvre : Yula Artiste : Ningie Nanala (n\u00e9e en 1937) Technique : Taille douce sur zinc (aquatinte au sucre et effets d\u2019encrage) sur papier blanc au timbre sec de Nothern Editions Sign\u00e9e au crayon en partie inf\u00e9rieure droite et num\u00e9rot\u00e9e 2\/20 au crayon en partie inf\u00e9rieure gauche Dimension(s) : 66,1 x 56,3 cm papier ; 49,3 x 39,3&hellip;<\/p>\n","protected":false},"author":1,"featured_media":0,"parent":0,"menu_order":0,"comment_status":"closed","ping_status":"closed","template":"","meta":[],"_links":{"self":[{"href":"https:\/\/www.artandtracks.com\/index.php\/wp-json\/wp\/v2\/pages\/734"}],"collection":[{"href":"https:\/\/www.artandtracks.com\/index.php\/wp-json\/wp\/v2\/pages"}],"about":[{"href":"https:\/\/www.artandtracks.com\/index.php\/wp-json\/wp\/v2\/types\/page"}],"author":[{"embeddable":true,"href":"https:\/\/www.artandtracks.com\/index.php\/wp-json\/wp\/v2\/users\/1"}],"replies":[{"embeddable":true,"href":"https:\/\/www.artandtracks.com\/index.php\/wp-json\/wp\/v2\/comments?post=734"}],"version-history":[{"count":1,"href":"https:\/\/www.artandtracks.com\/index.php\/wp-json\/wp\/v2\/pages\/734\/revisions"}],"predecessor-version":[{"id":736,"href":"https:\/\/www.artandtracks.com\/index.php\/wp-json\/wp\/v2\/pages\/734\/revisions\/736"}],"wp:attachment":[{"href":"https:\/\/www.artandtracks.com\/index.php\/wp-json\/wp\/v2\/media?parent=734"}],"curies":[{"name":"wp","href":"https:\/\/api.w.org\/{rel}","templated":true}]}}