{"id":731,"date":"2018-09-27T16:29:50","date_gmt":"2018-09-27T14:29:50","guid":{"rendered":"http:\/\/www.artandtracks.com\/?page_id=731"},"modified":"2018-09-27T16:29:50","modified_gmt":"2018-09-27T14:29:50","slug":"larry-gundora-balgo","status":"publish","type":"page","link":"https:\/\/www.artandtracks.com\/index.php\/larry-gundora-balgo\/","title":{"rendered":"Larry Gundora &#8211; &#8220;Balgo&#8221;"},"content":{"rendered":"<h2><a href=\"http:\/\/www.artandtracks.com\/wp-content\/uploads\/2018\/09\/Larry-Gundora-1.jpg\"><img decoding=\"async\" loading=\"lazy\" class=\"alignnone wp-image-675 size-medium\" src=\"http:\/\/www.artandtracks.com\/wp-content\/uploads\/2018\/09\/Larry-Gundora-1-240x300.jpg\" alt=\"\" width=\"240\" height=\"300\" srcset=\"https:\/\/www.artandtracks.com\/wp-content\/uploads\/2018\/09\/Larry-Gundora-1-240x300.jpg 240w, https:\/\/www.artandtracks.com\/wp-content\/uploads\/2018\/09\/Larry-Gundora-1-768x960.jpg 768w, https:\/\/www.artandtracks.com\/wp-content\/uploads\/2018\/09\/Larry-Gundora-1-819x1024.jpg 819w, https:\/\/www.artandtracks.com\/wp-content\/uploads\/2018\/09\/Larry-Gundora-1-600x750.jpg 600w, https:\/\/www.artandtracks.com\/wp-content\/uploads\/2018\/09\/Larry-Gundora-1-800x1000.jpg 800w\" sizes=\"(max-width: 240px) 100vw, 240px\" \/><\/a><\/h2>\n<h2><strong>Titre d<\/strong><strong>e l\u2019\u0153uvre :<\/strong><\/h2>\n<p>Balgo<\/p>\n<h2><strong>Artiste :<\/strong><\/h2>\n<p>Larry Gundora (n\u00e9 en 1950)<\/p>\n<h2><strong>Technique :<\/strong><\/h2>\n<p>Gravure sur bois en couleur en deux matrices sur papier japon au timbre sec de Nothern Editions<\/p>\n<p>Sign\u00e9e au crayon en partie inf\u00e9rieure droite et num\u00e9rot\u00e9e 1\/20 au crayon en partie inf\u00e9rieure gauche<\/p>\n<h2><strong>Dimension(s) :<\/strong><\/h2>\n<p>66,3 x 54,5 cm <em>papier<\/em> ; 50 x 40 cm <em>image<\/em> <em>(trait carr\u00e9)<\/em><\/p>\n<h2><strong>Ann\u00e9e et lieu de cr\u00e9ation :<\/strong><\/h2>\n<p>2013 \/ communaut\u00e9 de Balgo Hills, Warlayirti Artists<\/p>\n","protected":false},"excerpt":{"rendered":"<p>Titre de l\u2019\u0153uvre : Balgo Artiste : Larry Gundora (n\u00e9 en 1950) Technique : Gravure sur bois en couleur en deux matrices sur papier japon au timbre sec de Nothern Editions Sign\u00e9e au crayon en partie inf\u00e9rieure droite et num\u00e9rot\u00e9e 1\/20 au crayon en partie inf\u00e9rieure gauche Dimension(s) : 66,3 x 54,5 cm papier ; 50 x 40 cm image&hellip;<\/p>\n","protected":false},"author":1,"featured_media":0,"parent":0,"menu_order":0,"comment_status":"closed","ping_status":"closed","template":"","meta":[],"_links":{"self":[{"href":"https:\/\/www.artandtracks.com\/index.php\/wp-json\/wp\/v2\/pages\/731"}],"collection":[{"href":"https:\/\/www.artandtracks.com\/index.php\/wp-json\/wp\/v2\/pages"}],"about":[{"href":"https:\/\/www.artandtracks.com\/index.php\/wp-json\/wp\/v2\/types\/page"}],"author":[{"embeddable":true,"href":"https:\/\/www.artandtracks.com\/index.php\/wp-json\/wp\/v2\/users\/1"}],"replies":[{"embeddable":true,"href":"https:\/\/www.artandtracks.com\/index.php\/wp-json\/wp\/v2\/comments?post=731"}],"version-history":[{"count":1,"href":"https:\/\/www.artandtracks.com\/index.php\/wp-json\/wp\/v2\/pages\/731\/revisions"}],"predecessor-version":[{"id":732,"href":"https:\/\/www.artandtracks.com\/index.php\/wp-json\/wp\/v2\/pages\/731\/revisions\/732"}],"wp:attachment":[{"href":"https:\/\/www.artandtracks.com\/index.php\/wp-json\/wp\/v2\/media?parent=731"}],"curies":[{"name":"wp","href":"https:\/\/api.w.org\/{rel}","templated":true}]}}