{"id":686,"date":"2018-09-27T14:08:48","date_gmt":"2018-09-27T12:08:48","guid":{"rendered":"http:\/\/www.artandtracks.com\/?page_id=686"},"modified":"2018-09-27T14:08:48","modified_gmt":"2018-09-27T12:08:48","slug":"mickey-jampijinpa-singleton-ngapa-jukurrpa-puyurru","status":"publish","type":"page","link":"https:\/\/www.artandtracks.com\/index.php\/mickey-jampijinpa-singleton-ngapa-jukurrpa-puyurru\/","title":{"rendered":"Mickey Jampijinpa Singleton &#8211; &#8220;Ngapa Jukurrpa- Puyurru&#8221;"},"content":{"rendered":"<h2><\/h2>\n<h2><a href=\"http:\/\/www.artandtracks.com\/wp-content\/uploads\/2018\/09\/Mickey-Jampijinpa-Singleton-1.jpg\"><img decoding=\"async\" loading=\"lazy\" class=\"alignnone wp-image-687 size-medium\" src=\"http:\/\/www.artandtracks.com\/wp-content\/uploads\/2018\/09\/Mickey-Jampijinpa-Singleton-1-153x300.jpg\" alt=\"\" width=\"153\" height=\"300\" srcset=\"https:\/\/www.artandtracks.com\/wp-content\/uploads\/2018\/09\/Mickey-Jampijinpa-Singleton-1-153x300.jpg 153w, https:\/\/www.artandtracks.com\/wp-content\/uploads\/2018\/09\/Mickey-Jampijinpa-Singleton-1-768x1503.jpg 768w, https:\/\/www.artandtracks.com\/wp-content\/uploads\/2018\/09\/Mickey-Jampijinpa-Singleton-1-523x1024.jpg 523w, https:\/\/www.artandtracks.com\/wp-content\/uploads\/2018\/09\/Mickey-Jampijinpa-Singleton-1-600x1175.jpg 600w, https:\/\/www.artandtracks.com\/wp-content\/uploads\/2018\/09\/Mickey-Jampijinpa-Singleton-1-800x1566.jpg 800w, https:\/\/www.artandtracks.com\/wp-content\/uploads\/2018\/09\/Mickey-Jampijinpa-Singleton-1.jpg 1980w\" sizes=\"(max-width: 153px) 100vw, 153px\" \/><\/a><\/h2>\n<h2><strong>Titre d<\/strong><strong>e l\u2019\u0153uvre :<\/strong><\/h2>\n<p>Ngapa Jukurrpa &#8211; Puyurru<\/p>\n<h2><strong>Artiste :<\/strong><\/h2>\n<p>Mickey Jampijinpa Singleton (n\u00e9 en 1950)<\/p>\n<h2><strong>Technique :<\/strong><\/h2>\n<p>Acrylique sur toile<\/p>\n<p>\u0152uvre mont\u00e9e sur ch\u00e2ssis<\/p>\n<h2><strong>Dimension(s) :<\/strong><\/h2>\n<p>91 x 46 cm<\/p>\n<h2><strong>Ann\u00e9e et lieu de cr\u00e9ation :<\/strong><\/h2>\n<p>2014 \/ communaut\u00e9 de Yuendumu, Warlukurlangu<\/p>\n","protected":false},"excerpt":{"rendered":"<p>Titre de l\u2019\u0153uvre : Ngapa Jukurrpa &#8211; Puyurru Artiste : Mickey Jampijinpa Singleton (n\u00e9 en 1950) Technique : Acrylique sur toile \u0152uvre mont\u00e9e sur ch\u00e2ssis Dimension(s) : 91 x 46 cm Ann\u00e9e et lieu de cr\u00e9ation : 2014 \/ communaut\u00e9 de Yuendumu, Warlukurlangu<\/p>\n","protected":false},"author":1,"featured_media":0,"parent":0,"menu_order":0,"comment_status":"closed","ping_status":"closed","template":"","meta":[],"_links":{"self":[{"href":"https:\/\/www.artandtracks.com\/index.php\/wp-json\/wp\/v2\/pages\/686"}],"collection":[{"href":"https:\/\/www.artandtracks.com\/index.php\/wp-json\/wp\/v2\/pages"}],"about":[{"href":"https:\/\/www.artandtracks.com\/index.php\/wp-json\/wp\/v2\/types\/page"}],"author":[{"embeddable":true,"href":"https:\/\/www.artandtracks.com\/index.php\/wp-json\/wp\/v2\/users\/1"}],"replies":[{"embeddable":true,"href":"https:\/\/www.artandtracks.com\/index.php\/wp-json\/wp\/v2\/comments?post=686"}],"version-history":[{"count":1,"href":"https:\/\/www.artandtracks.com\/index.php\/wp-json\/wp\/v2\/pages\/686\/revisions"}],"predecessor-version":[{"id":688,"href":"https:\/\/www.artandtracks.com\/index.php\/wp-json\/wp\/v2\/pages\/686\/revisions\/688"}],"wp:attachment":[{"href":"https:\/\/www.artandtracks.com\/index.php\/wp-json\/wp\/v2\/media?parent=686"}],"curies":[{"name":"wp","href":"https:\/\/api.w.org\/{rel}","templated":true}]}}