{"id":655,"date":"2018-09-26T20:23:42","date_gmt":"2018-09-26T18:23:42","guid":{"rendered":"http:\/\/www.artandtracks.com\/?page_id=655"},"modified":"2018-09-26T20:23:42","modified_gmt":"2018-09-26T18:23:42","slug":"ningie-nanala-winturlka","status":"publish","type":"page","link":"https:\/\/www.artandtracks.com\/index.php\/ningie-nanala-winturlka\/","title":{"rendered":"Ningie Nanala &#8211; &#8220;Winturlka&#8221;"},"content":{"rendered":"<h2><a href=\"http:\/\/www.artandtracks.com\/wp-content\/uploads\/2018\/09\/Ningie-Nanala-1-1.jpg\"><img decoding=\"async\" loading=\"lazy\" class=\"alignnone wp-image-656 size-medium\" src=\"http:\/\/www.artandtracks.com\/wp-content\/uploads\/2018\/09\/Ningie-Nanala-1-1-159x300.jpg\" alt=\"\" width=\"159\" height=\"300\" srcset=\"https:\/\/www.artandtracks.com\/wp-content\/uploads\/2018\/09\/Ningie-Nanala-1-1-159x300.jpg 159w, https:\/\/www.artandtracks.com\/wp-content\/uploads\/2018\/09\/Ningie-Nanala-1-1-768x1445.jpg 768w, https:\/\/www.artandtracks.com\/wp-content\/uploads\/2018\/09\/Ningie-Nanala-1-1-544x1024.jpg 544w, https:\/\/www.artandtracks.com\/wp-content\/uploads\/2018\/09\/Ningie-Nanala-1-1-600x1129.jpg 600w, https:\/\/www.artandtracks.com\/wp-content\/uploads\/2018\/09\/Ningie-Nanala-1-1-800x1505.jpg 800w, https:\/\/www.artandtracks.com\/wp-content\/uploads\/2018\/09\/Ningie-Nanala-1-1.jpg 2019w\" sizes=\"(max-width: 159px) 100vw, 159px\" \/><\/a><\/h2>\n<h2><strong>Titre d<\/strong><strong>e l\u2019\u0153uvre :<\/strong><\/h2>\n<p>Winturlka<\/p>\n<h2><strong>Artiste :<\/strong><\/h2>\n<p>Ningie Nanala (n\u00e9e en 1937)<\/p>\n<h2><strong>Technique :<\/strong><\/h2>\n<p>Acrylique sur toile<\/p>\n<p>\u0152uvre mont\u00e9e sur ch\u00e2ssis<\/p>\n<h2><strong>Dimension(s) :<\/strong><\/h2>\n<p>150,5 x 75 cm<\/p>\n<h2><strong>Ann\u00e9e et lieu de cr\u00e9ation :<\/strong><\/h2>\n<p>2007 \/ communaut\u00e9 de Balgo Hills, Warlayirti Artists<\/p>\n","protected":false},"excerpt":{"rendered":"<p>Titre de l\u2019\u0153uvre : Winturlka Artiste : Ningie Nanala (n\u00e9e en 1937) Technique : Acrylique sur toile \u0152uvre mont\u00e9e sur ch\u00e2ssis Dimension(s) : 150,5 x 75 cm Ann\u00e9e et lieu de cr\u00e9ation : 2007 \/ communaut\u00e9 de Balgo Hills, Warlayirti Artists<\/p>\n","protected":false},"author":1,"featured_media":0,"parent":0,"menu_order":0,"comment_status":"closed","ping_status":"closed","template":"","meta":[],"_links":{"self":[{"href":"https:\/\/www.artandtracks.com\/index.php\/wp-json\/wp\/v2\/pages\/655"}],"collection":[{"href":"https:\/\/www.artandtracks.com\/index.php\/wp-json\/wp\/v2\/pages"}],"about":[{"href":"https:\/\/www.artandtracks.com\/index.php\/wp-json\/wp\/v2\/types\/page"}],"author":[{"embeddable":true,"href":"https:\/\/www.artandtracks.com\/index.php\/wp-json\/wp\/v2\/users\/1"}],"replies":[{"embeddable":true,"href":"https:\/\/www.artandtracks.com\/index.php\/wp-json\/wp\/v2\/comments?post=655"}],"version-history":[{"count":1,"href":"https:\/\/www.artandtracks.com\/index.php\/wp-json\/wp\/v2\/pages\/655\/revisions"}],"predecessor-version":[{"id":657,"href":"https:\/\/www.artandtracks.com\/index.php\/wp-json\/wp\/v2\/pages\/655\/revisions\/657"}],"wp:attachment":[{"href":"https:\/\/www.artandtracks.com\/index.php\/wp-json\/wp\/v2\/media?parent=655"}],"curies":[{"name":"wp","href":"https:\/\/api.w.org\/{rel}","templated":true}]}}