{"id":652,"date":"2018-09-26T20:19:20","date_gmt":"2018-09-26T18:19:20","guid":{"rendered":"http:\/\/www.artandtracks.com\/?page_id=652"},"modified":"2018-09-26T20:19:20","modified_gmt":"2018-09-26T18:19:20","slug":"ningie-nanala-yula","status":"publish","type":"page","link":"https:\/\/www.artandtracks.com\/index.php\/ningie-nanala-yula\/","title":{"rendered":"Ningie Nanala &#8211; &#8220;Yula&#8221;"},"content":{"rendered":"<h2><a href=\"http:\/\/www.artandtracks.com\/wp-content\/uploads\/2018\/09\/Ningie.jpg\"><img decoding=\"async\" loading=\"lazy\" class=\"alignnone wp-image-653 size-medium\" src=\"http:\/\/www.artandtracks.com\/wp-content\/uploads\/2018\/09\/Ningie-154x300.jpg\" alt=\"\" width=\"154\" height=\"300\" srcset=\"https:\/\/www.artandtracks.com\/wp-content\/uploads\/2018\/09\/Ningie-154x300.jpg 154w, https:\/\/www.artandtracks.com\/wp-content\/uploads\/2018\/09\/Ningie-768x1496.jpg 768w, https:\/\/www.artandtracks.com\/wp-content\/uploads\/2018\/09\/Ningie-526x1024.jpg 526w, https:\/\/www.artandtracks.com\/wp-content\/uploads\/2018\/09\/Ningie-600x1169.jpg 600w, https:\/\/www.artandtracks.com\/wp-content\/uploads\/2018\/09\/Ningie-800x1558.jpg 800w, https:\/\/www.artandtracks.com\/wp-content\/uploads\/2018\/09\/Ningie.jpg 1944w\" sizes=\"(max-width: 154px) 100vw, 154px\" \/><\/a><\/h2>\n<h2><strong>Titre d<\/strong><strong>e l\u2019\u0153uvre :<\/strong><\/h2>\n<p>Yula<\/p>\n<h2><strong>Artiste :<\/strong><\/h2>\n<p>Ningie Nanala (n\u00e9e en 1937)<\/p>\n<h2><strong>Technique :<\/strong><\/h2>\n<p>Acrylique sur toile<\/p>\n<p>\u0152uvre mont\u00e9e sur ch\u00e2ssis<\/p>\n<h2><strong>Dimension(s) :<\/strong><\/h2>\n<p>120 x 60 cm<\/p>\n<h2><strong>Ann\u00e9e et lieu de cr\u00e9ation :<\/strong><\/h2>\n<p>2015 \/ communaut\u00e9 de Balgo Hills, Warlayirti Artists<\/p>\n","protected":false},"excerpt":{"rendered":"<p>Titre de l\u2019\u0153uvre : Yula Artiste : Ningie Nanala (n\u00e9e en 1937) Technique : Acrylique sur toile \u0152uvre mont\u00e9e sur ch\u00e2ssis Dimension(s) : 120 x 60 cm Ann\u00e9e et lieu de cr\u00e9ation : 2015 \/ communaut\u00e9 de Balgo Hills, Warlayirti Artists<\/p>\n","protected":false},"author":1,"featured_media":0,"parent":0,"menu_order":0,"comment_status":"closed","ping_status":"closed","template":"","meta":[],"_links":{"self":[{"href":"https:\/\/www.artandtracks.com\/index.php\/wp-json\/wp\/v2\/pages\/652"}],"collection":[{"href":"https:\/\/www.artandtracks.com\/index.php\/wp-json\/wp\/v2\/pages"}],"about":[{"href":"https:\/\/www.artandtracks.com\/index.php\/wp-json\/wp\/v2\/types\/page"}],"author":[{"embeddable":true,"href":"https:\/\/www.artandtracks.com\/index.php\/wp-json\/wp\/v2\/users\/1"}],"replies":[{"embeddable":true,"href":"https:\/\/www.artandtracks.com\/index.php\/wp-json\/wp\/v2\/comments?post=652"}],"version-history":[{"count":1,"href":"https:\/\/www.artandtracks.com\/index.php\/wp-json\/wp\/v2\/pages\/652\/revisions"}],"predecessor-version":[{"id":654,"href":"https:\/\/www.artandtracks.com\/index.php\/wp-json\/wp\/v2\/pages\/652\/revisions\/654"}],"wp:attachment":[{"href":"https:\/\/www.artandtracks.com\/index.php\/wp-json\/wp\/v2\/media?parent=652"}],"curies":[{"name":"wp","href":"https:\/\/api.w.org\/{rel}","templated":true}]}}