{"id":649,"date":"2018-09-26T20:13:48","date_gmt":"2018-09-26T18:13:48","guid":{"rendered":"http:\/\/www.artandtracks.com\/?page_id=649"},"modified":"2018-09-26T20:13:48","modified_gmt":"2018-09-26T18:13:48","slug":"paddy-japaljarri-sims-warlu-jukurrpa","status":"publish","type":"page","link":"https:\/\/www.artandtracks.com\/index.php\/paddy-japaljarri-sims-warlu-jukurrpa\/","title":{"rendered":"Paddy Japaljarri Sims &#8211; &#8220;Warlu Jukurrpa&#8221;"},"content":{"rendered":"<h2><a href=\"http:\/\/www.artandtracks.com\/wp-content\/uploads\/2018\/09\/Paddy-Sims.jpg\"><img decoding=\"async\" loading=\"lazy\" class=\"alignnone wp-image-650 size-medium\" src=\"http:\/\/www.artandtracks.com\/wp-content\/uploads\/2018\/09\/Paddy-Sims-129x300.jpg\" alt=\"\" width=\"129\" height=\"300\" srcset=\"https:\/\/www.artandtracks.com\/wp-content\/uploads\/2018\/09\/Paddy-Sims-129x300.jpg 129w, https:\/\/www.artandtracks.com\/wp-content\/uploads\/2018\/09\/Paddy-Sims-768x1782.jpg 768w, https:\/\/www.artandtracks.com\/wp-content\/uploads\/2018\/09\/Paddy-Sims-441x1024.jpg 441w, https:\/\/www.artandtracks.com\/wp-content\/uploads\/2018\/09\/Paddy-Sims-600x1393.jpg 600w, https:\/\/www.artandtracks.com\/wp-content\/uploads\/2018\/09\/Paddy-Sims-800x1857.jpg 800w, https:\/\/www.artandtracks.com\/wp-content\/uploads\/2018\/09\/Paddy-Sims.jpg 1692w\" sizes=\"(max-width: 129px) 100vw, 129px\" \/><\/a><\/h2>\n<h2><strong>Titre d<\/strong><strong>e l\u2019\u0153uvre :<\/strong><\/h2>\n<p>Warlu Jukurrpa<\/p>\n<h2><strong>Artiste :<\/strong><\/h2>\n<p>Paddy Japaljarri Sims (1917-2010)<\/p>\n<h2><strong>Technique :<\/strong><\/h2>\n<p>Acrylique sur toile<\/p>\n<p>\u0152uvre mont\u00e9e sur ch\u00e2ssis<\/p>\n<h2><strong>Dimension(s) :<\/strong><\/h2>\n<p>106,5 x 45 cm<\/p>\n<h2><strong>Ann\u00e9e et lieu de cr\u00e9ation :<\/strong><\/h2>\n<p>2009 \/ communaut\u00e9 de Yuendumu, Warlukurlangu<\/p>\n","protected":false},"excerpt":{"rendered":"<p>Titre de l\u2019\u0153uvre : Warlu Jukurrpa Artiste : Paddy Japaljarri Sims (1917-2010) Technique : Acrylique sur toile \u0152uvre mont\u00e9e sur ch\u00e2ssis Dimension(s) : 106,5 x 45 cm Ann\u00e9e et lieu de cr\u00e9ation : 2009 \/ communaut\u00e9 de Yuendumu, Warlukurlangu<\/p>\n","protected":false},"author":1,"featured_media":0,"parent":0,"menu_order":0,"comment_status":"closed","ping_status":"closed","template":"","meta":[],"_links":{"self":[{"href":"https:\/\/www.artandtracks.com\/index.php\/wp-json\/wp\/v2\/pages\/649"}],"collection":[{"href":"https:\/\/www.artandtracks.com\/index.php\/wp-json\/wp\/v2\/pages"}],"about":[{"href":"https:\/\/www.artandtracks.com\/index.php\/wp-json\/wp\/v2\/types\/page"}],"author":[{"embeddable":true,"href":"https:\/\/www.artandtracks.com\/index.php\/wp-json\/wp\/v2\/users\/1"}],"replies":[{"embeddable":true,"href":"https:\/\/www.artandtracks.com\/index.php\/wp-json\/wp\/v2\/comments?post=649"}],"version-history":[{"count":1,"href":"https:\/\/www.artandtracks.com\/index.php\/wp-json\/wp\/v2\/pages\/649\/revisions"}],"predecessor-version":[{"id":651,"href":"https:\/\/www.artandtracks.com\/index.php\/wp-json\/wp\/v2\/pages\/649\/revisions\/651"}],"wp:attachment":[{"href":"https:\/\/www.artandtracks.com\/index.php\/wp-json\/wp\/v2\/media?parent=649"}],"curies":[{"name":"wp","href":"https:\/\/api.w.org\/{rel}","templated":true}]}}