{"id":643,"date":"2018-09-26T20:07:09","date_gmt":"2018-09-26T18:07:09","guid":{"rendered":"http:\/\/www.artandtracks.com\/?page_id=643"},"modified":"2018-09-26T20:09:18","modified_gmt":"2018-09-26T18:09:18","slug":"steven-jupurrurla-nelson-janganpa-jukurrpa-mawurrji","status":"publish","type":"page","link":"https:\/\/www.artandtracks.com\/index.php\/steven-jupurrurla-nelson-janganpa-jukurrpa-mawurrji\/","title":{"rendered":"Steven Jupurrurla Nelson &#8211; &#8220;Janganpa Jukurrpa-Mawurrji&#8221;"},"content":{"rendered":"<h2><a href=\"http:\/\/www.artandtracks.com\/wp-content\/uploads\/2018\/09\/Steven-Nelson-3.jpg\"><img decoding=\"async\" loading=\"lazy\" class=\"alignnone wp-image-645 size-medium\" src=\"http:\/\/www.artandtracks.com\/wp-content\/uploads\/2018\/09\/Steven-Nelson-3-162x300.jpg\" alt=\"\" width=\"162\" height=\"300\" srcset=\"https:\/\/www.artandtracks.com\/wp-content\/uploads\/2018\/09\/Steven-Nelson-3-162x300.jpg 162w, https:\/\/www.artandtracks.com\/wp-content\/uploads\/2018\/09\/Steven-Nelson-3-768x1424.jpg 768w, https:\/\/www.artandtracks.com\/wp-content\/uploads\/2018\/09\/Steven-Nelson-3-552x1024.jpg 552w, https:\/\/www.artandtracks.com\/wp-content\/uploads\/2018\/09\/Steven-Nelson-3-600x1113.jpg 600w, https:\/\/www.artandtracks.com\/wp-content\/uploads\/2018\/09\/Steven-Nelson-3-800x1483.jpg 800w\" sizes=\"(max-width: 162px) 100vw, 162px\" \/><\/a><\/h2>\n<h2><strong>Titre d<\/strong><strong>e l\u2019\u0153uvre :<\/strong><\/h2>\n<p>Janganpa Jukurrpa &#8211; Mawurrji<\/p>\n<h2><strong>Artiste :<\/strong><\/h2>\n<p>Steven Jupurrurla Nelson (n\u00e9 en 1978)<\/p>\n<h2><strong>Technique :<\/strong><\/h2>\n<p>Acrylique sur toile<\/p>\n<p>\u0152uvre mont\u00e9e sur ch\u00e2ssis<\/p>\n<h2><strong>Dimension(s) :<\/strong><\/h2>\n<p>152,5 x 76 cm<\/p>\n<h2><strong>Ann\u00e9e et lieu de cr\u00e9ation :<\/strong><\/h2>\n<p>2017 \/ communaut\u00e9 de Yuendumu, Warlukurlangu<\/p>\n","protected":false},"excerpt":{"rendered":"<p>Titre de l\u2019\u0153uvre : Janganpa Jukurrpa &#8211; Mawurrji Artiste : Steven Jupurrurla Nelson (n\u00e9 en 1978) Technique : Acrylique sur toile \u0152uvre mont\u00e9e sur ch\u00e2ssis Dimension(s) : 152,5 x 76 cm Ann\u00e9e et lieu de cr\u00e9ation : 2017 \/ communaut\u00e9 de Yuendumu, Warlukurlangu<\/p>\n","protected":false},"author":1,"featured_media":0,"parent":0,"menu_order":0,"comment_status":"closed","ping_status":"closed","template":"","meta":[],"_links":{"self":[{"href":"https:\/\/www.artandtracks.com\/index.php\/wp-json\/wp\/v2\/pages\/643"}],"collection":[{"href":"https:\/\/www.artandtracks.com\/index.php\/wp-json\/wp\/v2\/pages"}],"about":[{"href":"https:\/\/www.artandtracks.com\/index.php\/wp-json\/wp\/v2\/types\/page"}],"author":[{"embeddable":true,"href":"https:\/\/www.artandtracks.com\/index.php\/wp-json\/wp\/v2\/users\/1"}],"replies":[{"embeddable":true,"href":"https:\/\/www.artandtracks.com\/index.php\/wp-json\/wp\/v2\/comments?post=643"}],"version-history":[{"count":4,"href":"https:\/\/www.artandtracks.com\/index.php\/wp-json\/wp\/v2\/pages\/643\/revisions"}],"predecessor-version":[{"id":648,"href":"https:\/\/www.artandtracks.com\/index.php\/wp-json\/wp\/v2\/pages\/643\/revisions\/648"}],"wp:attachment":[{"href":"https:\/\/www.artandtracks.com\/index.php\/wp-json\/wp\/v2\/media?parent=643"}],"curies":[{"name":"wp","href":"https:\/\/api.w.org\/{rel}","templated":true}]}}