{"id":50,"date":"2017-05-10T15:45:16","date_gmt":"2017-05-10T13:45:16","guid":{"rendered":"http:\/\/www.artandtracks.com\/?page_id=50"},"modified":"2023-09-21T05:28:50","modified_gmt":"2023-09-21T03:28:50","slug":"a-propos","status":"publish","type":"page","link":"https:\/\/www.artandtracks.com\/index.php\/a-propos\/","title":{"rendered":"A propos"},"content":{"rendered":"\n<figure class=\"wp-block-gallery has-nested-images columns-default is-cropped wp-block-gallery-1 is-layout-flex\">\n<figure class=\"wp-block-image size-large\"><img decoding=\"async\" loading=\"lazy\" width=\"1024\" height=\"225\" data-id=\"1492\"  src=\"http:\/\/www.artandtracks.com\/wp-content\/uploads\/2023\/09\/20230418_123655-bis-1024x225.jpg\" alt=\"\" class=\"wp-image-1492\" srcset=\"https:\/\/www.artandtracks.com\/wp-content\/uploads\/2023\/09\/20230418_123655-bis-1024x225.jpg 1024w, https:\/\/www.artandtracks.com\/wp-content\/uploads\/2023\/09\/20230418_123655-bis-300x66.jpg 300w, https:\/\/www.artandtracks.com\/wp-content\/uploads\/2023\/09\/20230418_123655-bis-768x169.jpg 768w, https:\/\/www.artandtracks.com\/wp-content\/uploads\/2023\/09\/20230418_123655-bis-600x132.jpg 600w, https:\/\/www.artandtracks.com\/wp-content\/uploads\/2023\/09\/20230418_123655-bis-1536x337.jpg 1536w, https:\/\/www.artandtracks.com\/wp-content\/uploads\/2023\/09\/20230418_123655-bis-2048x450.jpg 2048w, https:\/\/www.artandtracks.com\/wp-content\/uploads\/2023\/09\/20230418_123655-bis-800x176.jpg 800w\" sizes=\"(max-width: 1024px) 100vw, 1024px\" \/><\/figure>\n\n\n\n<figure class=\"wp-block-image size-large\"><img decoding=\"async\" loading=\"lazy\" width=\"1024\" height=\"228\" data-id=\"1520\"  src=\"http:\/\/www.artandtracks.com\/wp-content\/uploads\/2023\/09\/20230611_095235-1-1024x228.jpg\" alt=\"\" class=\"wp-image-1520\" srcset=\"https:\/\/www.artandtracks.com\/wp-content\/uploads\/2023\/09\/20230611_095235-1-1024x228.jpg 1024w, https:\/\/www.artandtracks.com\/wp-content\/uploads\/2023\/09\/20230611_095235-1-300x67.jpg 300w, https:\/\/www.artandtracks.com\/wp-content\/uploads\/2023\/09\/20230611_095235-1-768x171.jpg 768w, https:\/\/www.artandtracks.com\/wp-content\/uploads\/2023\/09\/20230611_095235-1-600x134.jpg 600w, https:\/\/www.artandtracks.com\/wp-content\/uploads\/2023\/09\/20230611_095235-1-1536x342.jpg 1536w, https:\/\/www.artandtracks.com\/wp-content\/uploads\/2023\/09\/20230611_095235-1-2048x456.jpg 2048w, https:\/\/www.artandtracks.com\/wp-content\/uploads\/2023\/09\/20230611_095235-1-800x178.jpg 800w\" sizes=\"(max-width: 1024px) 100vw, 1024px\" \/><\/figure>\n<\/figure>\n\n\n\n<p><\/p>\n\n\n\n<p>Fond\u00e9e en 2016 <i>Art and Tracks<\/i> se construit comme une galerie hors-les-mur, exposant de mani\u00e8re temporaire dans des lieux choisis. Sans exclusivit\u00e9 de concept ou de m\u00e9dium, elle d\u00e9fend un certain regard, exigeant, nourri de passion, en lien \u00e9troit avec les \u0153uvres et les femmes ou les hommes qui les cr\u00e9ent. Particuli\u00e8rement repr\u00e9sent\u00e9e, l&#8217;estampe contemporaine livre ici toute sa richesse.<\/p>\n\n\n\n<p>Fruit de longs voyages dans le d\u00e9sert australien, \u00e0 la rencontre d&#8217;artistes h\u00e9ritiers de cultures d\u00e9camill\u00e9naire et de leurs communaut\u00e9s, la s\u00e9lection d&#8217;art contemporaine aborig\u00e8ne constitue le coeur d&#8217;excellence de nos s\u00e9lections.<\/p>\n\n\n\n<p>Des pistes de terre rouge aux lutrins de la Biblioth\u00e8que nationale, exploration et recherche sont au coeur de notre d\u00e9marche.<\/p>\n\n\n\n<p><\/p>\n\n\n\n<p>Dipl\u00f4m\u00e9 de l\u2019\u00c9cole du Louvre, sp\u00e9cialis\u00e9 en art de l\u2019estampe, Thomas Martin fonde Art and tracks en 2016. Sp\u00e9cialiste de l&#8217;estampe et de l&#8217;art aborig\u00e8ne, il voyage \u00e0 travers le monde \u00e0 la recherche des meilleures oeuvres contemporaines.<\/p>\n\n\n\n<p><\/p>\n\n\n<div class=\"wp-block-image\">\n<figure class=\"alignleft size-medium is-resized\"><img decoding=\"async\" loading=\"lazy\" src=\"http:\/\/www.artandtracks.com\/wp-content\/uploads\/2023\/09\/20220306_170532-245x300.jpg\" alt=\"\" class=\"wp-image-1490\" width=\"245\" height=\"300\" srcset=\"https:\/\/www.artandtracks.com\/wp-content\/uploads\/2023\/09\/20220306_170532-245x300.jpg 245w, https:\/\/www.artandtracks.com\/wp-content\/uploads\/2023\/09\/20220306_170532-837x1024.jpg 837w, https:\/\/www.artandtracks.com\/wp-content\/uploads\/2023\/09\/20220306_170532-768x940.jpg 768w, https:\/\/www.artandtracks.com\/wp-content\/uploads\/2023\/09\/20220306_170532-600x734.jpg 600w, https:\/\/www.artandtracks.com\/wp-content\/uploads\/2023\/09\/20220306_170532-1255x1536.jpg 1255w, https:\/\/www.artandtracks.com\/wp-content\/uploads\/2023\/09\/20220306_170532-1673x2048.jpg 1673w, https:\/\/www.artandtracks.com\/wp-content\/uploads\/2023\/09\/20220306_170532-800x979.jpg 800w, https:\/\/www.artandtracks.com\/wp-content\/uploads\/2023\/09\/20220306_170532.jpg 1843w\" sizes=\"(max-width: 245px) 100vw, 245px\" \/><\/figure><\/div>","protected":false},"excerpt":{"rendered":"<p>Fond\u00e9e en 2016 Art and Tracks se construit comme une galerie hors-les-mur, exposant de mani\u00e8re temporaire dans des lieux choisis. Sans exclusivit\u00e9 de concept ou de m\u00e9dium, elle d\u00e9fend un certain regard, exigeant, nourri de passion, en lien \u00e9troit avec les \u0153uvres et les femmes ou les hommes qui les cr\u00e9ent. Particuli\u00e8rement repr\u00e9sent\u00e9e, l&#8217;estampe contemporaine livre ici toute sa richesse.&hellip;<\/p>\n","protected":false},"author":1,"featured_media":0,"parent":0,"menu_order":0,"comment_status":"closed","ping_status":"closed","template":"page-templates\/full-width.php","meta":[],"_links":{"self":[{"href":"https:\/\/www.artandtracks.com\/index.php\/wp-json\/wp\/v2\/pages\/50"}],"collection":[{"href":"https:\/\/www.artandtracks.com\/index.php\/wp-json\/wp\/v2\/pages"}],"about":[{"href":"https:\/\/www.artandtracks.com\/index.php\/wp-json\/wp\/v2\/types\/page"}],"author":[{"embeddable":true,"href":"https:\/\/www.artandtracks.com\/index.php\/wp-json\/wp\/v2\/users\/1"}],"replies":[{"embeddable":true,"href":"https:\/\/www.artandtracks.com\/index.php\/wp-json\/wp\/v2\/comments?post=50"}],"version-history":[{"count":26,"href":"https:\/\/www.artandtracks.com\/index.php\/wp-json\/wp\/v2\/pages\/50\/revisions"}],"predecessor-version":[{"id":1657,"href":"https:\/\/www.artandtracks.com\/index.php\/wp-json\/wp\/v2\/pages\/50\/revisions\/1657"}],"wp:attachment":[{"href":"https:\/\/www.artandtracks.com\/index.php\/wp-json\/wp\/v2\/media?parent=50"}],"curies":[{"name":"wp","href":"https:\/\/api.w.org\/{rel}","templated":true}]}}