{"id":331,"date":"2017-08-01T22:04:11","date_gmt":"2017-08-01T20:04:11","guid":{"rendered":"http:\/\/www.artandtracks.com\/?page_id=331"},"modified":"2017-08-01T22:09:02","modified_gmt":"2017-08-01T20:09:02","slug":"glossaire","status":"publish","type":"page","link":"https:\/\/www.artandtracks.com\/index.php\/glossaire\/","title":{"rendered":"Glossaire"},"content":{"rendered":"<p><span style=\"color: #000000;\"><strong>Coup de planche ou cuvette \/ <\/strong>Marque laiss\u00e9e \u00e0 l\u2019impression par la matrice des gravures en taille-douce. Employ\u00e9 comme limite de mesure pour les dimensions d\u2019une estampe.<\/span><\/p>\n<p><span style=\"color: #000000;\"><strong>\u00c9preuve \/ <\/strong>R\u00e9sultat de l\u2019impression. Feuille de papier ayant re\u00e7u le transfert d\u2019un motif au moyen d\u2019une matrice.<\/span><\/p>\n<p><span style=\"color: #000000;\"><strong>\u00c9tat \/ <\/strong>\u00c9tape dans l\u2019\u00e9laboration ou l\u2019\u00e9volution d\u2019une matrice, \u00e9tablie par le tirage d\u2019une ou plusieurs \u00e9preuves. Les impressions en cours de travail sont appel\u00e9es <em>\u00e9preuves d\u2019essai<\/em>.<\/span><\/p>\n<p><span style=\"color: #000000;\"><strong>Marges \/ <\/strong>Surplus de papier conserv\u00e9 au pourtour d\u2019un coup de planche ou d\u2019un trait carr\u00e9. Leurs limites ext\u00e9rieures servent de seconde mesure aux dimensions d\u2019une estampe. Emplacement privil\u00e9gi\u00e9 pour l\u2019inscription d\u2019une signature, d\u2019un titre ou d\u2019une justification de tirage. Certaines gravures peuvent en \u00eatre volontairement d\u00e9pourvues.<\/span><\/p>\n<p><span style=\"color: #000000;\"><strong>Matrice \/ <\/strong>Support recevant le motif fix\u00e9 par le graveur ou le lithographe, avec ou sans attaque de la mati\u00e8re (gravure ou proc\u00e9d\u00e9s \u00e0 plats).<\/span><\/p>\n<p><span style=\"color: #000000;\"><strong>Papier appliqu\u00e9 \/ <\/strong>Papier tr\u00e8s fin enduit et intercal\u00e9 entre une matrice et un papier plus fort pour recevoir le motif. D\u2019un grain tr\u00e8s fin, il permet de velouter des \u00e9preuves ou de jouer par contraste avec son support. Restreint le plus souvent, en taille-douce, aux limites du coup de planche.<\/span><\/p>\n<p><span style=\"color: #000000;\"><strong>Tirage limit\u00e9 \/ <\/strong>Nombre d\u2019\u00e9preuves maximal d\u00e9termin\u00e9 pour un \u00e9tat d\u2019une estampe donn\u00e9e. Condition juridique permettant de d\u00e9finir une estampe originale. N\u2019inclue par les \u00e9preuves d\u2019artiste ou <em>E.A<\/em>. \u00a0\u00a0<\/span><\/p>\n<p><span style=\"color: #000000;\"><strong>Trait carr\u00e9 \/ <\/strong>Limite d\u2019un motif d\u00e9fini par des lignes grav\u00e9es ou dessin\u00e9es. Employ\u00e9 comme limite de mesure pour les dimensions d\u2019une estampe, \u00e0 l\u2019exception de la taille-douce.<\/span><\/p>\n","protected":false},"excerpt":{"rendered":"<p>Coup de planche ou cuvette \/ Marque laiss\u00e9e \u00e0 l\u2019impression par la matrice des gravures en taille-douce. Employ\u00e9 comme limite de mesure pour les dimensions d\u2019une estampe. \u00c9preuve \/ R\u00e9sultat de l\u2019impression. Feuille de papier ayant re\u00e7u le transfert d\u2019un motif au moyen d\u2019une matrice. \u00c9tat \/ \u00c9tape dans l\u2019\u00e9laboration ou l\u2019\u00e9volution d\u2019une matrice, \u00e9tablie par le tirage d\u2019une ou&hellip;<\/p>\n","protected":false},"author":1,"featured_media":0,"parent":0,"menu_order":0,"comment_status":"closed","ping_status":"closed","template":"","meta":[],"_links":{"self":[{"href":"https:\/\/www.artandtracks.com\/index.php\/wp-json\/wp\/v2\/pages\/331"}],"collection":[{"href":"https:\/\/www.artandtracks.com\/index.php\/wp-json\/wp\/v2\/pages"}],"about":[{"href":"https:\/\/www.artandtracks.com\/index.php\/wp-json\/wp\/v2\/types\/page"}],"author":[{"embeddable":true,"href":"https:\/\/www.artandtracks.com\/index.php\/wp-json\/wp\/v2\/users\/1"}],"replies":[{"embeddable":true,"href":"https:\/\/www.artandtracks.com\/index.php\/wp-json\/wp\/v2\/comments?post=331"}],"version-history":[{"count":2,"href":"https:\/\/www.artandtracks.com\/index.php\/wp-json\/wp\/v2\/pages\/331\/revisions"}],"predecessor-version":[{"id":338,"href":"https:\/\/www.artandtracks.com\/index.php\/wp-json\/wp\/v2\/pages\/331\/revisions\/338"}],"wp:attachment":[{"href":"https:\/\/www.artandtracks.com\/index.php\/wp-json\/wp\/v2\/media?parent=331"}],"curies":[{"name":"wp","href":"https:\/\/api.w.org\/{rel}","templated":true}]}}