{"id":33,"date":"2017-05-10T13:25:20","date_gmt":"2017-05-10T11:25:20","guid":{"rendered":"http:\/\/www.artandtracks.com\/?page_id=33"},"modified":"2020-03-30T23:10:35","modified_gmt":"2020-03-30T21:10:35","slug":"decouvrir","status":"publish","type":"page","link":"https:\/\/www.artandtracks.com\/index.php\/decouvrir\/","title":{"rendered":"D\u00e9couvrir"},"content":{"rendered":"<h1><span style=\"color: #000000;\"><strong>ARTS DE L&#8217;ESTAMPE<br \/>\n<\/strong><\/span><\/h1>\n<h2><span style=\"color: #333333;\"><a style=\"color: #333333;\" href=\"http:\/\/www.artandtracks.com\/index.php\/histoire-de-lestampe\/\"><strong>Aper\u00e7u historique \/<\/strong> Maitris\u00e9e depuis plus de mille ans en Asie, l\u2019estampe ne se d\u00e9veloppe en Europe que vers l\u2019extr\u00eame fin du XIV\u00e8me si\u00e8cle (&#8230;)<\/a><\/span><\/h2>\n<h2><span style=\"color: #333333;\"><a style=\"color: #333333;\" href=\"http:\/\/www.artandtracks.com\/index.php\/techniques-de-lestampe\/\"><strong>D\u00e9finition et techniques \/\u00a0<\/strong>Impression cr\u00e9\u00e9e \u00e0 partir d\u2019un motif fix\u00e9 dans ou sur une matrice, permettant sa multiplication \u00e0 l\u2019identique (&#8230;) <\/a><\/span><\/h2>\n<h2><span style=\"color: #333333;\"><a style=\"color: #333333;\" href=\"http:\/\/www.artandtracks.com\/index.php\/glossaire\/\"><strong>Glossaire \/ <\/strong><\/a>(&#8230;)<\/span><\/h2>\n<h1><span style=\"color: #000000;\"><strong>ART ABORIG\u00c8NE<\/strong><\/span><\/h1>\n<h2><a href=\"http:\/\/www.artandtracks.com\/index.php\/histoire-de-lestampe-aborigene\/\"><strong>Histoire de l&#8217;estampe aborig\u00e8ne \/<\/strong> Il y a plus de 50 000 ans, des Aborig\u00e8nes employ\u00e8rent leurs mains comme des matrices (&#8230;)<\/a><\/h2>\n<p>&nbsp;<\/p>\n","protected":false},"excerpt":{"rendered":"<p>ARTS DE L&#8217;ESTAMPE Aper\u00e7u historique \/ Maitris\u00e9e depuis plus de mille ans en Asie, l\u2019estampe ne se d\u00e9veloppe en Europe que vers l\u2019extr\u00eame fin du XIV\u00e8me si\u00e8cle (&#8230;) D\u00e9finition et techniques \/\u00a0Impression cr\u00e9\u00e9e \u00e0 partir d\u2019un motif fix\u00e9 dans ou sur une matrice, permettant sa multiplication \u00e0 l\u2019identique (&#8230;) Glossaire \/ (&#8230;) ART ABORIG\u00c8NE Histoire de l&#8217;estampe aborig\u00e8ne \/ Il&hellip;<\/p>\n","protected":false},"author":1,"featured_media":0,"parent":0,"menu_order":0,"comment_status":"closed","ping_status":"closed","template":"page-templates\/full-width.php","meta":[],"_links":{"self":[{"href":"https:\/\/www.artandtracks.com\/index.php\/wp-json\/wp\/v2\/pages\/33"}],"collection":[{"href":"https:\/\/www.artandtracks.com\/index.php\/wp-json\/wp\/v2\/pages"}],"about":[{"href":"https:\/\/www.artandtracks.com\/index.php\/wp-json\/wp\/v2\/types\/page"}],"author":[{"embeddable":true,"href":"https:\/\/www.artandtracks.com\/index.php\/wp-json\/wp\/v2\/users\/1"}],"replies":[{"embeddable":true,"href":"https:\/\/www.artandtracks.com\/index.php\/wp-json\/wp\/v2\/comments?post=33"}],"version-history":[{"count":21,"href":"https:\/\/www.artandtracks.com\/index.php\/wp-json\/wp\/v2\/pages\/33\/revisions"}],"predecessor-version":[{"id":1009,"href":"https:\/\/www.artandtracks.com\/index.php\/wp-json\/wp\/v2\/pages\/33\/revisions\/1009"}],"wp:attachment":[{"href":"https:\/\/www.artandtracks.com\/index.php\/wp-json\/wp\/v2\/media?parent=33"}],"curies":[{"name":"wp","href":"https:\/\/api.w.org\/{rel}","templated":true}]}}