{"id":310,"date":"2017-06-17T11:50:53","date_gmt":"2017-06-17T09:50:53","guid":{"rendered":"http:\/\/www.artandtracks.com\/?page_id=310"},"modified":"2017-06-17T11:50:53","modified_gmt":"2017-06-17T09:50:53","slug":"frank-clancy-tali","status":"publish","type":"page","link":"https:\/\/www.artandtracks.com\/index.php\/frank-clancy-tali\/","title":{"rendered":"Frank Clancy &#8211; &#8220;Tali&#8221;"},"content":{"rendered":"<h2><a href=\"http:\/\/www.artandtracks.com\/wp-content\/uploads\/2017\/05\/franck.jpg\"><img decoding=\"async\" loading=\"lazy\" class=\"alignnone wp-image-287 size-medium\" src=\"http:\/\/www.artandtracks.com\/wp-content\/uploads\/2017\/05\/franck-209x300.jpg\" alt=\"\" width=\"209\" height=\"300\" srcset=\"https:\/\/www.artandtracks.com\/wp-content\/uploads\/2017\/05\/franck-209x300.jpg 209w, https:\/\/www.artandtracks.com\/wp-content\/uploads\/2017\/05\/franck-768x1101.jpg 768w, https:\/\/www.artandtracks.com\/wp-content\/uploads\/2017\/05\/franck-715x1024.jpg 715w, https:\/\/www.artandtracks.com\/wp-content\/uploads\/2017\/05\/franck-600x860.jpg 600w, https:\/\/www.artandtracks.com\/wp-content\/uploads\/2017\/05\/franck-800x1147.jpg 800w\" sizes=\"(max-width: 209px) 100vw, 209px\" \/><\/a><\/h2>\n<h2><strong>Titre d<\/strong><strong>e l\u2019\u0153uvre :<\/strong><\/h2>\n<p>Tali<\/p>\n<h2><strong>Artiste :<\/strong><\/h2>\n<p>Frank Clancy (n\u00e9 en 1953)<\/p>\n<h2><strong>Technique :<\/strong><\/h2>\n<p>Taille douce sur zinc (aquatinte au sucre) en deux matrices sur papier blanc au timbre sec de Nothern Editions<\/p>\n<p>Sign\u00e9e au crayon en partie inf\u00e9rieure droite et num\u00e9rot\u00e9e 5\/40 au crayon en partie inf\u00e9rieure gauche<\/p>\n<h2><strong>Dimension(s) :<\/strong><\/h2>\n<p>81 x 61 cm <em>papier<\/em> ; 59 x 39,3 cm <em>image<\/em> <em>(coup de planche)<\/em><\/p>\n<h2><strong>Ann\u00e9e et lieu de cr\u00e9ation :<\/strong><\/h2>\n<p>2007 \/ communaut\u00e9 de Balgo Hills, Warlayirti Artists<\/p>\n","protected":false},"excerpt":{"rendered":"<p>Titre de l\u2019\u0153uvre : Tali Artiste : Frank Clancy (n\u00e9 en 1953) Technique : Taille douce sur zinc (aquatinte au sucre) en deux matrices sur papier blanc au timbre sec de Nothern Editions Sign\u00e9e au crayon en partie inf\u00e9rieure droite et num\u00e9rot\u00e9e 5\/40 au crayon en partie inf\u00e9rieure gauche Dimension(s) : 81 x 61 cm papier ; 59 x 39,3&hellip;<\/p>\n","protected":false},"author":1,"featured_media":0,"parent":0,"menu_order":0,"comment_status":"closed","ping_status":"closed","template":"","meta":[],"_links":{"self":[{"href":"https:\/\/www.artandtracks.com\/index.php\/wp-json\/wp\/v2\/pages\/310"}],"collection":[{"href":"https:\/\/www.artandtracks.com\/index.php\/wp-json\/wp\/v2\/pages"}],"about":[{"href":"https:\/\/www.artandtracks.com\/index.php\/wp-json\/wp\/v2\/types\/page"}],"author":[{"embeddable":true,"href":"https:\/\/www.artandtracks.com\/index.php\/wp-json\/wp\/v2\/users\/1"}],"replies":[{"embeddable":true,"href":"https:\/\/www.artandtracks.com\/index.php\/wp-json\/wp\/v2\/comments?post=310"}],"version-history":[{"count":1,"href":"https:\/\/www.artandtracks.com\/index.php\/wp-json\/wp\/v2\/pages\/310\/revisions"}],"predecessor-version":[{"id":311,"href":"https:\/\/www.artandtracks.com\/index.php\/wp-json\/wp\/v2\/pages\/310\/revisions\/311"}],"wp:attachment":[{"href":"https:\/\/www.artandtracks.com\/index.php\/wp-json\/wp\/v2\/media?parent=310"}],"curies":[{"name":"wp","href":"https:\/\/api.w.org\/{rel}","templated":true}]}}