{"id":297,"date":"2017-06-17T11:04:58","date_gmt":"2017-06-17T09:04:58","guid":{"rendered":"http:\/\/www.artandtracks.com\/?page_id=297"},"modified":"2018-09-27T15:51:56","modified_gmt":"2018-09-27T13:51:56","slug":"bai-bai-napangardi-mulupuku","status":"publish","type":"page","link":"https:\/\/www.artandtracks.com\/index.php\/bai-bai-napangardi-mulupuku\/","title":{"rendered":"Bai Bai Napangardi &#8211; &#8220;Mulupuku&#8221;"},"content":{"rendered":"<h2><a href=\"http:\/\/www.artandtracks.com\/wp-content\/uploads\/2017\/06\/Bai-bai-1.jpg\"><img decoding=\"async\" loading=\"lazy\" class=\"alignnone wp-image-715 size-medium\" src=\"http:\/\/www.artandtracks.com\/wp-content\/uploads\/2017\/06\/Bai-bai-1-241x300.jpg\" alt=\"\" width=\"241\" height=\"300\" srcset=\"https:\/\/www.artandtracks.com\/wp-content\/uploads\/2017\/06\/Bai-bai-1-241x300.jpg 241w, https:\/\/www.artandtracks.com\/wp-content\/uploads\/2017\/06\/Bai-bai-1-768x957.jpg 768w, https:\/\/www.artandtracks.com\/wp-content\/uploads\/2017\/06\/Bai-bai-1-821x1024.jpg 821w, https:\/\/www.artandtracks.com\/wp-content\/uploads\/2017\/06\/Bai-bai-1-600x748.jpg 600w, https:\/\/www.artandtracks.com\/wp-content\/uploads\/2017\/06\/Bai-bai-1-800x997.jpg 800w\" sizes=\"(max-width: 241px) 100vw, 241px\" \/><\/a><\/h2>\n<h2><strong>Titre d<\/strong><strong>e l\u2019\u0153uvre :<\/strong><\/h2>\n<p>Mulupuku<\/p>\n<h2><strong>Artiste :<\/strong><\/h2>\n<p>Bai Bai Napangardi (n\u00e9e en 1939)<\/p>\n<h2><strong>Technique :<\/strong><\/h2>\n<p>Taille douce sur zinc (aquatinte au sucre et effets d\u2019encrage) sur papier blanc au timbre sec de Nothern Editions<\/p>\n<p>Sign\u00e9e au crayon en partie inf\u00e9rieure droite et num\u00e9rot\u00e9e 1\/20 au crayon en partie inf\u00e9rieure gauche<\/p>\n<h2><strong>Dimension(s) :<\/strong><\/h2>\n<p>67 x 57 cm <em>papier<\/em> ; 49,5 x 39,5 cm <em>image<\/em> <em>(coup de planche)<\/em><\/p>\n<h2><strong>Ann\u00e9e et lieu de cr\u00e9ation :<\/strong><\/h2>\n<p>2012-2013 \/ communaut\u00e9 de Balgo Hills, Warlayirti Artists<\/p>\n","protected":false},"excerpt":{"rendered":"<p>Titre de l\u2019\u0153uvre : Mulupuku Artiste : Bai Bai Napangardi (n\u00e9e en 1939) Technique : Taille douce sur zinc (aquatinte au sucre et effets d\u2019encrage) sur papier blanc au timbre sec de Nothern Editions Sign\u00e9e au crayon en partie inf\u00e9rieure droite et num\u00e9rot\u00e9e 1\/20 au crayon en partie inf\u00e9rieure gauche Dimension(s) : 67 x 57 cm papier ; 49,5 x&hellip;<\/p>\n","protected":false},"author":1,"featured_media":0,"parent":0,"menu_order":0,"comment_status":"closed","ping_status":"closed","template":"","meta":[],"_links":{"self":[{"href":"https:\/\/www.artandtracks.com\/index.php\/wp-json\/wp\/v2\/pages\/297"}],"collection":[{"href":"https:\/\/www.artandtracks.com\/index.php\/wp-json\/wp\/v2\/pages"}],"about":[{"href":"https:\/\/www.artandtracks.com\/index.php\/wp-json\/wp\/v2\/types\/page"}],"author":[{"embeddable":true,"href":"https:\/\/www.artandtracks.com\/index.php\/wp-json\/wp\/v2\/users\/1"}],"replies":[{"embeddable":true,"href":"https:\/\/www.artandtracks.com\/index.php\/wp-json\/wp\/v2\/comments?post=297"}],"version-history":[{"count":4,"href":"https:\/\/www.artandtracks.com\/index.php\/wp-json\/wp\/v2\/pages\/297\/revisions"}],"predecessor-version":[{"id":716,"href":"https:\/\/www.artandtracks.com\/index.php\/wp-json\/wp\/v2\/pages\/297\/revisions\/716"}],"wp:attachment":[{"href":"https:\/\/www.artandtracks.com\/index.php\/wp-json\/wp\/v2\/media?parent=297"}],"curies":[{"name":"wp","href":"https:\/\/api.w.org\/{rel}","templated":true}]}}