{"id":290,"date":"2017-06-17T10:55:53","date_gmt":"2017-06-17T08:55:53","guid":{"rendered":"http:\/\/www.artandtracks.com\/?page_id=290"},"modified":"2018-09-27T16:04:33","modified_gmt":"2018-09-27T14:04:33","slug":"eubena-nampitjin-kunnawarritji","status":"publish","type":"page","link":"https:\/\/www.artandtracks.com\/index.php\/eubena-nampitjin-kunnawarritji\/","title":{"rendered":"Eubena Nampitjin &#8211; &#8220;Kunnawarritji&#8221;"},"content":{"rendered":"<h2>\u00a0<a href=\"http:\/\/www.artandtracks.com\/wp-content\/uploads\/2017\/06\/Eubena-2-2.jpg\"><img decoding=\"async\" loading=\"lazy\" class=\"alignnone wp-image-721 size-medium\" src=\"http:\/\/www.artandtracks.com\/wp-content\/uploads\/2017\/06\/Eubena-2-2-228x300.jpg\" alt=\"\" width=\"228\" height=\"300\" srcset=\"https:\/\/www.artandtracks.com\/wp-content\/uploads\/2017\/06\/Eubena-2-2-228x300.jpg 228w, https:\/\/www.artandtracks.com\/wp-content\/uploads\/2017\/06\/Eubena-2-2-768x1010.jpg 768w, https:\/\/www.artandtracks.com\/wp-content\/uploads\/2017\/06\/Eubena-2-2-779x1024.jpg 779w, https:\/\/www.artandtracks.com\/wp-content\/uploads\/2017\/06\/Eubena-2-2-600x789.jpg 600w, https:\/\/www.artandtracks.com\/wp-content\/uploads\/2017\/06\/Eubena-2-2-800x1052.jpg 800w, https:\/\/www.artandtracks.com\/wp-content\/uploads\/2017\/06\/Eubena-2-2.jpg 1920w\" sizes=\"(max-width: 228px) 100vw, 228px\" \/><\/a><\/h2>\n<h2><strong>Titre d<\/strong><strong>e l\u2019\u0153uvre :<\/strong><\/h2>\n<p>Kunnawarritji<\/p>\n<h2><strong>Artiste :<\/strong><\/h2>\n<p>Eubena Nampitjin (1921-2013)<\/p>\n<h2><strong>Technique :<\/strong><\/h2>\n<p>Taille douce sur zinc (aquatinte au sucre) sur papier blanc au timbre sec de Red Hand Prints<\/p>\n<p>Sign\u00e9e au crayon en partie inf\u00e9rieure droite et num\u00e9rot\u00e9e 4\/10 au crayon en partie inf\u00e9rieure gauche<\/p>\n<h2><strong>Dimension(s) :<\/strong><\/h2>\n<p>56,5 x 38 cm <em>papier<\/em> ; 33,2 x 24,7 cm <em>image<\/em> <em>(coup de planche)<\/em><\/p>\n<h2><strong>Ann\u00e9e et lieu de cr\u00e9ation :<\/strong><\/h2>\n<p>2001 \/ communaut\u00e9 de Balgo Hills, Warlayirti Artists<\/p>\n","protected":false},"excerpt":{"rendered":"<p>\u00a0 Titre de l\u2019\u0153uvre : Kunnawarritji Artiste : Eubena Nampitjin (1921-2013) Technique : Taille douce sur zinc (aquatinte au sucre) sur papier blanc au timbre sec de Red Hand Prints Sign\u00e9e au crayon en partie inf\u00e9rieure droite et num\u00e9rot\u00e9e 4\/10 au crayon en partie inf\u00e9rieure gauche Dimension(s) : 56,5 x 38 cm papier ; 33,2 x 24,7 cm image (coup&hellip;<\/p>\n","protected":false},"author":1,"featured_media":0,"parent":0,"menu_order":0,"comment_status":"closed","ping_status":"closed","template":"","meta":[],"_links":{"self":[{"href":"https:\/\/www.artandtracks.com\/index.php\/wp-json\/wp\/v2\/pages\/290"}],"collection":[{"href":"https:\/\/www.artandtracks.com\/index.php\/wp-json\/wp\/v2\/pages"}],"about":[{"href":"https:\/\/www.artandtracks.com\/index.php\/wp-json\/wp\/v2\/types\/page"}],"author":[{"embeddable":true,"href":"https:\/\/www.artandtracks.com\/index.php\/wp-json\/wp\/v2\/users\/1"}],"replies":[{"embeddable":true,"href":"https:\/\/www.artandtracks.com\/index.php\/wp-json\/wp\/v2\/comments?post=290"}],"version-history":[{"count":5,"href":"https:\/\/www.artandtracks.com\/index.php\/wp-json\/wp\/v2\/pages\/290\/revisions"}],"predecessor-version":[{"id":723,"href":"https:\/\/www.artandtracks.com\/index.php\/wp-json\/wp\/v2\/pages\/290\/revisions\/723"}],"wp:attachment":[{"href":"https:\/\/www.artandtracks.com\/index.php\/wp-json\/wp\/v2\/media?parent=290"}],"curies":[{"name":"wp","href":"https:\/\/api.w.org\/{rel}","templated":true}]}}