{"id":280,"date":"2017-06-05T21:51:50","date_gmt":"2017-06-05T19:51:50","guid":{"rendered":"http:\/\/www.artandtracks.com\/?page_id=280"},"modified":"2017-06-17T11:20:34","modified_gmt":"2017-06-17T09:20:34","slug":"judy-napangardi-watson-love-story","status":"publish","type":"page","link":"https:\/\/www.artandtracks.com\/index.php\/judy-napangardi-watson-love-story\/","title":{"rendered":"Judy Napangardi Watson &#8211; &#8220;Love Story&#8221;"},"content":{"rendered":"<h2><a href=\"http:\/\/www.artandtracks.com\/wp-content\/uploads\/2017\/06\/8.jpg\"><img decoding=\"async\" loading=\"lazy\" class=\"alignnone wp-image-278 size-medium\" src=\"http:\/\/www.artandtracks.com\/wp-content\/uploads\/2017\/06\/8-223x300.jpg\" alt=\"\" width=\"223\" height=\"300\" srcset=\"https:\/\/www.artandtracks.com\/wp-content\/uploads\/2017\/06\/8-223x300.jpg 223w, https:\/\/www.artandtracks.com\/wp-content\/uploads\/2017\/06\/8-768x1031.jpg 768w, https:\/\/www.artandtracks.com\/wp-content\/uploads\/2017\/06\/8-763x1024.jpg 763w, https:\/\/www.artandtracks.com\/wp-content\/uploads\/2017\/06\/8-600x806.jpg 600w, https:\/\/www.artandtracks.com\/wp-content\/uploads\/2017\/06\/8-800x1074.jpg 800w\" sizes=\"(max-width: 223px) 100vw, 223px\" \/><\/a><\/h2>\n<h2><strong>Titre d<\/strong><strong>e l\u2019\u0153uvre :<\/strong><\/h2>\n<p>Love Story<\/p>\n<h2><strong>Artiste :<\/strong><\/h2>\n<p>Judy Napangardi Watson (1925-2016)<\/p>\n<h2><strong>Technique :<\/strong><\/h2>\n<p>S\u00e9rigraphie en quatre couleurs sur papier noir au timbre sec de Basil Hall Editions<\/p>\n<p>Sign\u00e9e au crayon en partie inf\u00e9rieure droite et num\u00e9rot\u00e9e 24\/99 au crayon en partie inf\u00e9rieure gauche<\/p>\n<h2><strong>Dimension(s) :<\/strong><\/h2>\n<p>49,5 x 38,5 cm <em>papier<\/em> <em>et<\/em> <em>image<br \/>\n<\/em><\/p>\n<h2><strong>Ann\u00e9e et lieu de cr\u00e9ation :<\/strong><\/h2>\n<p>2002 \/ communaut\u00e9 de Yuendumu, Warlukurlangu<\/p>\n<h2><strong>A propos : <\/strong><\/h2>\n<p><strong>R\u00e9f. bibliographique : <\/strong>Nicholls, Christine, <em>Yilpinji : love art &amp; ceremony<\/em>, Craftsman House, 2006, p. 30-31<\/p>\n","protected":false},"excerpt":{"rendered":"<p>Titre de l\u2019\u0153uvre : Love Story Artiste : Judy Napangardi Watson (1925-2016) Technique : S\u00e9rigraphie en quatre couleurs sur papier noir au timbre sec de Basil Hall Editions Sign\u00e9e au crayon en partie inf\u00e9rieure droite et num\u00e9rot\u00e9e 24\/99 au crayon en partie inf\u00e9rieure gauche Dimension(s) : 49,5 x 38,5 cm papier et image Ann\u00e9e et lieu de cr\u00e9ation : 2002&hellip;<\/p>\n","protected":false},"author":1,"featured_media":0,"parent":0,"menu_order":0,"comment_status":"closed","ping_status":"closed","template":"","meta":[],"_links":{"self":[{"href":"https:\/\/www.artandtracks.com\/index.php\/wp-json\/wp\/v2\/pages\/280"}],"collection":[{"href":"https:\/\/www.artandtracks.com\/index.php\/wp-json\/wp\/v2\/pages"}],"about":[{"href":"https:\/\/www.artandtracks.com\/index.php\/wp-json\/wp\/v2\/types\/page"}],"author":[{"embeddable":true,"href":"https:\/\/www.artandtracks.com\/index.php\/wp-json\/wp\/v2\/users\/1"}],"replies":[{"embeddable":true,"href":"https:\/\/www.artandtracks.com\/index.php\/wp-json\/wp\/v2\/comments?post=280"}],"version-history":[{"count":3,"href":"https:\/\/www.artandtracks.com\/index.php\/wp-json\/wp\/v2\/pages\/280\/revisions"}],"predecessor-version":[{"id":303,"href":"https:\/\/www.artandtracks.com\/index.php\/wp-json\/wp\/v2\/pages\/280\/revisions\/303"}],"wp:attachment":[{"href":"https:\/\/www.artandtracks.com\/index.php\/wp-json\/wp\/v2\/media?parent=280"}],"curies":[{"name":"wp","href":"https:\/\/api.w.org\/{rel}","templated":true}]}}