{"id":241,"date":"2017-05-18T12:09:34","date_gmt":"2017-05-18T10:09:34","guid":{"rendered":"http:\/\/www.artandtracks.com\/?page_id=241"},"modified":"2017-05-18T12:09:34","modified_gmt":"2017-05-18T10:09:34","slug":"judy-napangardi-watson-kurrkara-jukurrpa","status":"publish","type":"page","link":"https:\/\/www.artandtracks.com\/index.php\/judy-napangardi-watson-kurrkara-jukurrpa\/","title":{"rendered":"Judy Napangardi Watson &#8211; &#8220;Kurrkara Jukurrpa&#8221;"},"content":{"rendered":"<h2><a href=\"http:\/\/www.artandtracks.com\/wp-content\/uploads\/2017\/05\/2-2.jpg\"><img decoding=\"async\" loading=\"lazy\" class=\"alignnone wp-image-214 size-medium\" src=\"http:\/\/www.artandtracks.com\/wp-content\/uploads\/2017\/05\/2-2-237x300.jpg\" alt=\"\" width=\"237\" height=\"300\" srcset=\"https:\/\/www.artandtracks.com\/wp-content\/uploads\/2017\/05\/2-2-237x300.jpg 237w, https:\/\/www.artandtracks.com\/wp-content\/uploads\/2017\/05\/2-2-768x972.jpg 768w, https:\/\/www.artandtracks.com\/wp-content\/uploads\/2017\/05\/2-2-809x1024.jpg 809w, https:\/\/www.artandtracks.com\/wp-content\/uploads\/2017\/05\/2-2-600x760.jpg 600w, https:\/\/www.artandtracks.com\/wp-content\/uploads\/2017\/05\/2-2-800x1013.jpg 800w, https:\/\/www.artandtracks.com\/wp-content\/uploads\/2017\/05\/2-2.jpg 1933w\" sizes=\"(max-width: 237px) 100vw, 237px\" \/><\/a><\/h2>\n<h2><strong>Titre d<\/strong><strong>e l\u2019\u0153uvre :<\/strong><\/h2>\n<p>Kurrkara Jukurrpa<\/p>\n<h2><strong>Artiste :<\/strong><\/h2>\n<p>Judy Napangardi Watson (1925-2016)<\/p>\n<h2><strong>Technique :<\/strong><\/h2>\n<p>Taille douce sur zinc (aquatinte au sucre?) en deux plaques sur papier cr\u00e8me clair au timbre sec de Basil Hall Editions<\/p>\n<p>Sign\u00e9e au crayon en partie inf\u00e9rieure droite et num\u00e9rot\u00e9e 13\/60 au crayon en partie inf\u00e9rieure gauche<\/p>\n<h2><strong>Dimension(s) :<\/strong><\/h2>\n<p>67,5 x 53,5 cm <em>papier<\/em> ; 49,5 x 38,5 cm <em>image (coup de planche)<br \/>\n<\/em><\/p>\n<h2><strong>Ann\u00e9e et lieu de cr\u00e9ation :<\/strong><\/h2>\n<p>2010 \/ communaut\u00e9 de Yuendumu, Warlukurlangu<\/p>\n","protected":false},"excerpt":{"rendered":"<p>Titre de l\u2019\u0153uvre : Kurrkara Jukurrpa Artiste : Judy Napangardi Watson (1925-2016) Technique : Taille douce sur zinc (aquatinte au sucre?) en deux plaques sur papier cr\u00e8me clair au timbre sec de Basil Hall Editions Sign\u00e9e au crayon en partie inf\u00e9rieure droite et num\u00e9rot\u00e9e 13\/60 au crayon en partie inf\u00e9rieure gauche Dimension(s) : 67,5 x 53,5 cm papier ; 49,5&hellip;<\/p>\n","protected":false},"author":1,"featured_media":0,"parent":0,"menu_order":0,"comment_status":"closed","ping_status":"closed","template":"","meta":[],"_links":{"self":[{"href":"https:\/\/www.artandtracks.com\/index.php\/wp-json\/wp\/v2\/pages\/241"}],"collection":[{"href":"https:\/\/www.artandtracks.com\/index.php\/wp-json\/wp\/v2\/pages"}],"about":[{"href":"https:\/\/www.artandtracks.com\/index.php\/wp-json\/wp\/v2\/types\/page"}],"author":[{"embeddable":true,"href":"https:\/\/www.artandtracks.com\/index.php\/wp-json\/wp\/v2\/users\/1"}],"replies":[{"embeddable":true,"href":"https:\/\/www.artandtracks.com\/index.php\/wp-json\/wp\/v2\/comments?post=241"}],"version-history":[{"count":2,"href":"https:\/\/www.artandtracks.com\/index.php\/wp-json\/wp\/v2\/pages\/241\/revisions"}],"predecessor-version":[{"id":245,"href":"https:\/\/www.artandtracks.com\/index.php\/wp-json\/wp\/v2\/pages\/241\/revisions\/245"}],"wp:attachment":[{"href":"https:\/\/www.artandtracks.com\/index.php\/wp-json\/wp\/v2\/media?parent=241"}],"curies":[{"name":"wp","href":"https:\/\/api.w.org\/{rel}","templated":true}]}}