{"id":24,"date":"2017-05-10T13:10:44","date_gmt":"2017-05-10T11:10:44","guid":{"rendered":"http:\/\/www.artandtracks.com\/?page_id=24"},"modified":"2023-11-17T18:49:46","modified_gmt":"2023-11-17T17:49:46","slug":"actualites","status":"publish","type":"page","link":"https:\/\/www.artandtracks.com\/index.php\/actualites\/","title":{"rendered":"Actualit\u00e9s"},"content":{"rendered":"\n<figure class=\"wp-block-image size-large\"><img decoding=\"async\" loading=\"lazy\" width=\"1024\" height=\"297\" src=\"http:\/\/www.artandtracks.com\/wp-content\/uploads\/2023\/11\/Sel2023_1-1024x297.jpg\" alt=\"\" class=\"wp-image-1681\" srcset=\"https:\/\/www.artandtracks.com\/wp-content\/uploads\/2023\/11\/Sel2023_1-1024x297.jpg 1024w, https:\/\/www.artandtracks.com\/wp-content\/uploads\/2023\/11\/Sel2023_1-300x87.jpg 300w, https:\/\/www.artandtracks.com\/wp-content\/uploads\/2023\/11\/Sel2023_1-768x223.jpg 768w, https:\/\/www.artandtracks.com\/wp-content\/uploads\/2023\/11\/Sel2023_1-600x174.jpg 600w, https:\/\/www.artandtracks.com\/wp-content\/uploads\/2023\/11\/Sel2023_1-1536x445.jpg 1536w, https:\/\/www.artandtracks.com\/wp-content\/uploads\/2023\/11\/Sel2023_1-2048x594.jpg 2048w, https:\/\/www.artandtracks.com\/wp-content\/uploads\/2023\/11\/Sel2023_1-800x232.jpg 800w\" sizes=\"(max-width: 1024px) 100vw, 1024px\" \/><\/figure>\n\n\n\n<h1 class=\"wp-block-heading has-black-color has-text-color\" style=\"font-style:normal;font-weight:700\">Exposition Art contemporain aborig\u00e8ne \/ Estampe contemporaine australienne &#8211; Basil Hall<\/h1>\n\n\n\n<h1 class=\"wp-block-heading has-black-color has-text-color\" style=\"font-style:normal;font-weight:700\">du 17 au 27 novembre<\/h1>\n\n\n\n<h2 class=\"wp-block-heading has-black-color has-text-color\" style=\"font-style:normal;font-weight:700\">51 cours Tolsto\u00ef, 69100 Villeurbanne<\/h2>\n\n\n\n<h4 class=\"wp-block-heading has-black-color has-text-color\" style=\"font-style:normal;font-weight:700\">du mercredi au dimanche, de 13h \u00e0 19h et sur RDV<\/h4>\n\n\n\n<figure class=\"wp-block-gallery has-nested-images columns-2 is-cropped wp-block-gallery-1 is-layout-flex\"><div class=\"wp-block-image is-style-rounded\">\n<figure class=\"alignleft size-thumbnail\"><a href=\"http:\/\/www.artandtracks.com\/wp-content\/uploads\/2023\/10\/Info-Photocop_pleine-page.jpg\"><img decoding=\"async\" loading=\"lazy\" width=\"150\" height=\"150\" data-id=\"1668\"  src=\"http:\/\/www.artandtracks.com\/wp-content\/uploads\/2023\/10\/Info-Photocop_pleine-page-150x150.jpg\" alt=\"\" class=\"wp-image-1668\"\/><\/a><figcaption class=\"wp-element-caption\">Prospectus<\/figcaption><\/figure><\/div>\n\n<div class=\"wp-block-image is-style-rounded\">\n<figure class=\"alignleft size-thumbnail\"><a href=\"http:\/\/www.artandtracks.com\/wp-content\/uploads\/2023\/10\/Plaquette-2023_comp.pdf\"><img decoding=\"async\" loading=\"lazy\" width=\"150\" height=\"150\" data-id=\"1258\"  src=\"http:\/\/www.artandtracks.com\/wp-content\/uploads\/2023\/09\/Churchill-Cann-e1694515586698-150x150.jpg\" alt=\"\" class=\"wp-image-1258\"\/><\/a><figcaption class=\"wp-element-caption\">Plaquette (.pdf)<\/figcaption><\/figure><\/div><\/figure>\n\n\n\n<p class=\"has-large-font-size\"><strong>Ev\u00e8nement &#8211; soir\u00e9e conf\u00e9rence<\/strong><\/p>\n\n\n\n<p class=\"has-medium-font-size\"><strong>jeudi 23 novembre \u00e0 partir de 18h30<\/strong><\/p>\n\n\n\n<p>Conf\u00e9rence informelle autour de l&#8217;art aborig\u00e8ne, de son \u00e9volution, de ses enjeux actuels et de la place de l&#8217;estampe au sein du mouvement, parcours comment\u00e9 de l&#8217;exposition et pr\u00e9sentation d&#8217;oeuvres in\u00e9dites, sorties exclusivement pour l&#8217;occasion! <\/p>\n\n\n\n<figure class=\"wp-block-image size-large\"><img decoding=\"async\" loading=\"lazy\" width=\"1024\" height=\"200\" src=\"http:\/\/www.artandtracks.com\/wp-content\/uploads\/2023\/11\/Sel2023_2-1-1024x200.jpg\" alt=\"\" class=\"wp-image-1692\" srcset=\"https:\/\/www.artandtracks.com\/wp-content\/uploads\/2023\/11\/Sel2023_2-1-1024x200.jpg 1024w, https:\/\/www.artandtracks.com\/wp-content\/uploads\/2023\/11\/Sel2023_2-1-300x59.jpg 300w, https:\/\/www.artandtracks.com\/wp-content\/uploads\/2023\/11\/Sel2023_2-1-768x150.jpg 768w, https:\/\/www.artandtracks.com\/wp-content\/uploads\/2023\/11\/Sel2023_2-1-600x117.jpg 600w, https:\/\/www.artandtracks.com\/wp-content\/uploads\/2023\/11\/Sel2023_2-1-1536x301.jpg 1536w, https:\/\/www.artandtracks.com\/wp-content\/uploads\/2023\/11\/Sel2023_2-1-2048x401.jpg 2048w, https:\/\/www.artandtracks.com\/wp-content\/uploads\/2023\/11\/Sel2023_2-1-800x157.jpg 800w\" sizes=\"(max-width: 1024px) 100vw, 1024px\" \/><\/figure>\n","protected":false},"excerpt":{"rendered":"<p>Exposition Art contemporain aborig\u00e8ne \/ Estampe contemporaine australienne &#8211; Basil Hall du 17 au 27 novembre 51 cours Tolsto\u00ef, 69100 Villeurbanne du mercredi au dimanche, de 13h \u00e0 19h et sur RDV Ev\u00e8nement &#8211; soir\u00e9e conf\u00e9rence jeudi 23 novembre \u00e0 partir de 18h30 Conf\u00e9rence informelle autour de l&#8217;art aborig\u00e8ne, de son \u00e9volution, de ses enjeux actuels et de la place&hellip;<\/p>\n","protected":false},"author":1,"featured_media":0,"parent":0,"menu_order":0,"comment_status":"closed","ping_status":"closed","template":"page-templates\/full-width.php","meta":[],"_links":{"self":[{"href":"https:\/\/www.artandtracks.com\/index.php\/wp-json\/wp\/v2\/pages\/24"}],"collection":[{"href":"https:\/\/www.artandtracks.com\/index.php\/wp-json\/wp\/v2\/pages"}],"about":[{"href":"https:\/\/www.artandtracks.com\/index.php\/wp-json\/wp\/v2\/types\/page"}],"author":[{"embeddable":true,"href":"https:\/\/www.artandtracks.com\/index.php\/wp-json\/wp\/v2\/users\/1"}],"replies":[{"embeddable":true,"href":"https:\/\/www.artandtracks.com\/index.php\/wp-json\/wp\/v2\/comments?post=24"}],"version-history":[{"count":38,"href":"https:\/\/www.artandtracks.com\/index.php\/wp-json\/wp\/v2\/pages\/24\/revisions"}],"predecessor-version":[{"id":1693,"href":"https:\/\/www.artandtracks.com\/index.php\/wp-json\/wp\/v2\/pages\/24\/revisions\/1693"}],"wp:attachment":[{"href":"https:\/\/www.artandtracks.com\/index.php\/wp-json\/wp\/v2\/media?parent=24"}],"curies":[{"name":"wp","href":"https:\/\/api.w.org\/{rel}","templated":true}]}}