{"id":211,"date":"2017-05-17T21:28:55","date_gmt":"2017-05-17T19:28:55","guid":{"rendered":"http:\/\/www.artandtracks.com\/?page_id=211"},"modified":"2023-09-13T05:38:25","modified_gmt":"2023-09-13T03:38:25","slug":"eubena-nampitjin-kinyu","status":"publish","type":"page","link":"https:\/\/www.artandtracks.com\/index.php\/eubena-nampitjin-kinyu\/","title":{"rendered":"Eubena Nampitjin &#8211; &#8220;Kinyu&#8221;"},"content":{"rendered":"<h2><a href=\"http:\/\/www.artandtracks.com\/wp-content\/uploads\/2017\/05\/1-2.jpg\"><img decoding=\"async\" loading=\"lazy\" class=\"alignnone wp-image-213 size-medium\" src=\"http:\/\/www.artandtracks.com\/wp-content\/uploads\/2017\/05\/1-2-232x300.jpg\" alt=\"\" width=\"232\" height=\"300\" srcset=\"https:\/\/www.artandtracks.com\/wp-content\/uploads\/2017\/05\/1-2-232x300.jpg 232w, https:\/\/www.artandtracks.com\/wp-content\/uploads\/2017\/05\/1-2-768x991.jpg 768w, https:\/\/www.artandtracks.com\/wp-content\/uploads\/2017\/05\/1-2-793x1024.jpg 793w, https:\/\/www.artandtracks.com\/wp-content\/uploads\/2017\/05\/1-2-600x775.jpg 600w, https:\/\/www.artandtracks.com\/wp-content\/uploads\/2017\/05\/1-2-800x1033.jpg 800w\" sizes=\"(max-width: 232px) 100vw, 232px\" \/><\/a><\/h2>\n<h2><strong>Titre d<\/strong><strong>e l\u2019\u0153uvre :<\/strong><\/h2>\n<p>Kinyu<\/p>\n<h2><strong>Artiste :<\/strong><\/h2>\n<p>Eubena Nampitjin (1921-2013)<\/p>\n<h2><strong>Technique :<\/strong><\/h2>\n<p>Taille douce sur zinc (aquatinte au sucre et effets d&#8217;encrage) sur papier blanc au timbre sec de Nothern Editions<\/p>\n<p>Sign\u00e9e au crayon en partie inf\u00e9rieure droite et num\u00e9rot\u00e9e 3\/20 au crayon en partie inf\u00e9rieure gauche<\/p>\n<h2><strong>Dimension(s) :<\/strong><\/h2>\n<p>80 x 65,5 cm <em>papier<\/em> ; 62,5 x 47,5 cm <em>image<\/em> <em>(coup de planche)<\/em><\/p>\n<h2><strong>Ann\u00e9e et lieu de cr\u00e9ation :<\/strong><\/h2>\n<p>2012-2013 \/ communaut\u00e9 de Balgo Hills, Warlayirti Artists<\/p>\n<h2><strong>A propos :<\/strong><\/h2>\n<p>Cette \u0153uvre solaire fait partie d&#8217;une s\u00e9rie de trois estampes grav\u00e9es par Eubena Nampitjin \u00e0 la toute fin de sa vie. La r\u00e9alisation de ces pi\u00e8ces essentielles n\u00e9cessita, ph\u00e9nom\u00e8ne commun aux grands projets de <em>printmaking<\/em> aborig\u00e8ne, de long allers-retours entre l&#8217;universit\u00e9 de Darwin, si\u00e8ge de Nothern Editions, et la communaut\u00e9 de Balgo Hills, par del\u00e0 la Tanami Track.<\/p>\n<p>Les \u00e9preuves ne revinrent au centre d&#8217;art qu&#8217;apr\u00e8s la mort de Eubena. Sa fille, l&#8217;artiste Jane Gimme, fit le choix courageux d&#8217;apposer sa signature au bas de chacun des tirages, par respect pour sa m\u00e8re disparue, comme la marque ultime d&#8217;une parole plastique qui jamais ne s&#8217;\u00e9teint.<\/p>\n<p>Le certificat qui accompagne la gravure atteste de sa pleine appartenance \u00e0 l\u2019\u0153uvre de Eubena Namptitjin.<\/p>\n","protected":false},"excerpt":{"rendered":"<p>Titre de l\u2019\u0153uvre : Kinyu Artiste : Eubena Nampitjin (1921-2013) Technique : Taille douce sur zinc (aquatinte au sucre et effets d&#8217;encrage) sur papier blanc au timbre sec de Nothern Editions Sign\u00e9e au crayon en partie inf\u00e9rieure droite et num\u00e9rot\u00e9e 3\/20 au crayon en partie inf\u00e9rieure gauche Dimension(s) : 80 x 65,5 cm papier ; 62,5 x 47,5 cm image&hellip;<\/p>\n","protected":false},"author":1,"featured_media":0,"parent":0,"menu_order":0,"comment_status":"closed","ping_status":"closed","template":"","meta":[],"_links":{"self":[{"href":"https:\/\/www.artandtracks.com\/index.php\/wp-json\/wp\/v2\/pages\/211"}],"collection":[{"href":"https:\/\/www.artandtracks.com\/index.php\/wp-json\/wp\/v2\/pages"}],"about":[{"href":"https:\/\/www.artandtracks.com\/index.php\/wp-json\/wp\/v2\/types\/page"}],"author":[{"embeddable":true,"href":"https:\/\/www.artandtracks.com\/index.php\/wp-json\/wp\/v2\/users\/1"}],"replies":[{"embeddable":true,"href":"https:\/\/www.artandtracks.com\/index.php\/wp-json\/wp\/v2\/comments?post=211"}],"version-history":[{"count":8,"href":"https:\/\/www.artandtracks.com\/index.php\/wp-json\/wp\/v2\/pages\/211\/revisions"}],"predecessor-version":[{"id":1372,"href":"https:\/\/www.artandtracks.com\/index.php\/wp-json\/wp\/v2\/pages\/211\/revisions\/1372"}],"wp:attachment":[{"href":"https:\/\/www.artandtracks.com\/index.php\/wp-json\/wp\/v2\/media?parent=211"}],"curies":[{"name":"wp","href":"https:\/\/api.w.org\/{rel}","templated":true}]}}