{"id":1607,"date":"2023-09-20T11:47:11","date_gmt":"2023-09-20T09:47:11","guid":{"rendered":"http:\/\/www.artandtracks.com\/?page_id=1607"},"modified":"2023-09-20T11:47:11","modified_gmt":"2023-09-20T09:47:11","slug":"agung-pramana-infinite-bytes","status":"publish","type":"page","link":"https:\/\/www.artandtracks.com\/index.php\/agung-pramana-infinite-bytes\/","title":{"rendered":"Agung Pramana &#8211; &#8220;Infinite Bytes&#8221;"},"content":{"rendered":"\n<figure class=\"wp-block-image size-medium\"><a href=\"http:\/\/www.artandtracks.com\/wp-content\/uploads\/2023\/09\/Bali-1-scaled.jpg\"><img decoding=\"async\" loading=\"lazy\" width=\"300\" height=\"221\" src=\"http:\/\/www.artandtracks.com\/wp-content\/uploads\/2023\/09\/Bali-1-300x221.jpg\" alt=\"\" class=\"wp-image-1608\" srcset=\"https:\/\/www.artandtracks.com\/wp-content\/uploads\/2023\/09\/Bali-1-300x221.jpg 300w, https:\/\/www.artandtracks.com\/wp-content\/uploads\/2023\/09\/Bali-1-1024x753.jpg 1024w, https:\/\/www.artandtracks.com\/wp-content\/uploads\/2023\/09\/Bali-1-768x565.jpg 768w, https:\/\/www.artandtracks.com\/wp-content\/uploads\/2023\/09\/Bali-1-600x441.jpg 600w, https:\/\/www.artandtracks.com\/wp-content\/uploads\/2023\/09\/Bali-1-1536x1129.jpg 1536w, https:\/\/www.artandtracks.com\/wp-content\/uploads\/2023\/09\/Bali-1-2048x1506.jpg 2048w, https:\/\/www.artandtracks.com\/wp-content\/uploads\/2023\/09\/Bali-1-800x588.jpg 800w\" sizes=\"(max-width: 300px) 100vw, 300px\" \/><\/a><\/figure>\n\n\n\n<h2 class=\"wp-block-heading\"><strong>Titre d<\/strong><strong>e l\u2019\u0153uvre :<\/strong><\/h2>\n\n\n\n<p>Infinite Bytes<\/p>\n\n\n\n<h2 class=\"wp-block-heading\"><strong>Artiste :<\/strong><\/h2>\n\n\n\n<p>Agung Pramana<\/p>\n\n\n\n<h2 class=\"wp-block-heading\"><strong>Technique :<\/strong><\/h2>\n\n\n\n<p>S\u00e9rigraphie sur papier blanc<\/p>\n\n\n\n<p>Limite d\u2019\u00e9dition : 6<\/p>\n\n\n\n<h2 class=\"wp-block-heading\"><strong>Dimension(s) :<\/strong><\/h2>\n\n\n\n<p>nc<\/p>\n\n\n\n<h2 class=\"wp-block-heading\"><strong>Ann\u00e9e et lieu de cr\u00e9ation :<\/strong><\/h2>\n\n\n\n<p>2022 \/ DEVFTO Printmaking Institute<\/p>\n","protected":false},"excerpt":{"rendered":"<p>Titre de l\u2019\u0153uvre : Infinite Bytes Artiste : Agung Pramana Technique : S\u00e9rigraphie sur papier blanc Limite d\u2019\u00e9dition : 6 Dimension(s) : nc Ann\u00e9e et lieu de cr\u00e9ation : 2022 \/ DEVFTO Printmaking Institute<\/p>\n","protected":false},"author":1,"featured_media":0,"parent":0,"menu_order":0,"comment_status":"closed","ping_status":"closed","template":"","meta":[],"_links":{"self":[{"href":"https:\/\/www.artandtracks.com\/index.php\/wp-json\/wp\/v2\/pages\/1607"}],"collection":[{"href":"https:\/\/www.artandtracks.com\/index.php\/wp-json\/wp\/v2\/pages"}],"about":[{"href":"https:\/\/www.artandtracks.com\/index.php\/wp-json\/wp\/v2\/types\/page"}],"author":[{"embeddable":true,"href":"https:\/\/www.artandtracks.com\/index.php\/wp-json\/wp\/v2\/users\/1"}],"replies":[{"embeddable":true,"href":"https:\/\/www.artandtracks.com\/index.php\/wp-json\/wp\/v2\/comments?post=1607"}],"version-history":[{"count":1,"href":"https:\/\/www.artandtracks.com\/index.php\/wp-json\/wp\/v2\/pages\/1607\/revisions"}],"predecessor-version":[{"id":1610,"href":"https:\/\/www.artandtracks.com\/index.php\/wp-json\/wp\/v2\/pages\/1607\/revisions\/1610"}],"wp:attachment":[{"href":"https:\/\/www.artandtracks.com\/index.php\/wp-json\/wp\/v2\/media?parent=1607"}],"curies":[{"name":"wp","href":"https:\/\/api.w.org\/{rel}","templated":true}]}}