{"id":1604,"date":"2023-09-20T11:39:14","date_gmt":"2023-09-20T09:39:14","guid":{"rendered":"http:\/\/www.artandtracks.com\/?page_id=1604"},"modified":"2023-09-20T11:39:14","modified_gmt":"2023-09-20T09:39:14","slug":"rinaldo-hartanto-lima-angkara","status":"publish","type":"page","link":"https:\/\/www.artandtracks.com\/index.php\/rinaldo-hartanto-lima-angkara\/","title":{"rendered":"Rinaldo Hartanto &#8211; \u201cLima Angkara\u201d"},"content":{"rendered":"\n<figure class=\"wp-block-image size-medium\"><a href=\"http:\/\/www.artandtracks.com\/wp-content\/uploads\/2023\/09\/Rinaldo-scaled.jpg\"><img decoding=\"async\" loading=\"lazy\" width=\"210\" height=\"300\" src=\"http:\/\/www.artandtracks.com\/wp-content\/uploads\/2023\/09\/Rinaldo-210x300.jpg\" alt=\"\" class=\"wp-image-1553\" srcset=\"https:\/\/www.artandtracks.com\/wp-content\/uploads\/2023\/09\/Rinaldo-210x300.jpg 210w, https:\/\/www.artandtracks.com\/wp-content\/uploads\/2023\/09\/Rinaldo-716x1024.jpg 716w, https:\/\/www.artandtracks.com\/wp-content\/uploads\/2023\/09\/Rinaldo-768x1098.jpg 768w, https:\/\/www.artandtracks.com\/wp-content\/uploads\/2023\/09\/Rinaldo-600x858.jpg 600w, https:\/\/www.artandtracks.com\/wp-content\/uploads\/2023\/09\/Rinaldo-1074x1536.jpg 1074w, https:\/\/www.artandtracks.com\/wp-content\/uploads\/2023\/09\/Rinaldo-1432x2048.jpg 1432w, https:\/\/www.artandtracks.com\/wp-content\/uploads\/2023\/09\/Rinaldo-800x1144.jpg 800w, https:\/\/www.artandtracks.com\/wp-content\/uploads\/2023\/09\/Rinaldo-scaled.jpg 1790w\" sizes=\"(max-width: 210px) 100vw, 210px\" \/><\/a><\/figure>\n\n\n\n<h2 class=\"wp-block-heading\"><strong>Titre d<\/strong><strong>e l\u2019\u0153uvre :<\/strong><\/h2>\n\n\n\n<p>Lima Angkara<\/p>\n\n\n\n<h2 class=\"wp-block-heading\"><strong>Artiste :<\/strong><\/h2>\n\n\n\n<p>Rinaldo Hartanto<\/p>\n\n\n\n<h2 class=\"wp-block-heading\"><strong>Technique :<\/strong><\/h2>\n\n\n\n<p>Eau-forte sur papier cr\u00e8me<\/p>\n\n\n\n<p>Limite d\u2019\u00e9dition : 8<\/p>\n\n\n\n<h2 class=\"wp-block-heading\"><strong>Dimension(s) :<\/strong><\/h2>\n\n\n\n<p>38 x 28 cm <em>papier<\/em> ; 24 x 16,5 cm <em>image (coup de planche)<\/em><\/p>\n\n\n\n<h2 class=\"wp-block-heading\"><strong>Ann\u00e9e et lieu de cr\u00e9ation :<\/strong><\/h2>\n\n\n\n<p>2022 \/ Black Hand Gang Editions<\/p>\n","protected":false},"excerpt":{"rendered":"<p>Titre de l\u2019\u0153uvre : Lima Angkara Artiste : Rinaldo Hartanto Technique : Eau-forte sur papier cr\u00e8me Limite d\u2019\u00e9dition : 8 Dimension(s) : 38 x 28 cm papier ; 24 x 16,5 cm image (coup de planche) Ann\u00e9e et lieu de cr\u00e9ation : 2022 \/ Black Hand Gang Editions<\/p>\n","protected":false},"author":1,"featured_media":0,"parent":0,"menu_order":0,"comment_status":"closed","ping_status":"closed","template":"","meta":[],"_links":{"self":[{"href":"https:\/\/www.artandtracks.com\/index.php\/wp-json\/wp\/v2\/pages\/1604"}],"collection":[{"href":"https:\/\/www.artandtracks.com\/index.php\/wp-json\/wp\/v2\/pages"}],"about":[{"href":"https:\/\/www.artandtracks.com\/index.php\/wp-json\/wp\/v2\/types\/page"}],"author":[{"embeddable":true,"href":"https:\/\/www.artandtracks.com\/index.php\/wp-json\/wp\/v2\/users\/1"}],"replies":[{"embeddable":true,"href":"https:\/\/www.artandtracks.com\/index.php\/wp-json\/wp\/v2\/comments?post=1604"}],"version-history":[{"count":1,"href":"https:\/\/www.artandtracks.com\/index.php\/wp-json\/wp\/v2\/pages\/1604\/revisions"}],"predecessor-version":[{"id":1606,"href":"https:\/\/www.artandtracks.com\/index.php\/wp-json\/wp\/v2\/pages\/1604\/revisions\/1606"}],"wp:attachment":[{"href":"https:\/\/www.artandtracks.com\/index.php\/wp-json\/wp\/v2\/media?parent=1604"}],"curies":[{"name":"wp","href":"https:\/\/api.w.org\/{rel}","templated":true}]}}