{"id":1602,"date":"2023-09-20T11:07:56","date_gmt":"2023-09-20T09:07:56","guid":{"rendered":"http:\/\/www.artandtracks.com\/?page_id=1602"},"modified":"2023-09-20T11:07:56","modified_gmt":"2023-09-20T09:07:56","slug":"gilang-propagila-perut-tak-bisa-dilockdown","status":"publish","type":"page","link":"https:\/\/www.artandtracks.com\/index.php\/gilang-propagila-perut-tak-bisa-dilockdown\/","title":{"rendered":"Gilang Propagila &#8211; \u201cPerut tak bisa dilockdown\u201d"},"content":{"rendered":"\n<figure class=\"wp-block-image size-medium\"><a href=\"http:\/\/www.artandtracks.com\/wp-content\/uploads\/2023\/09\/Gilang-3-scaled.jpg\"><img decoding=\"async\" loading=\"lazy\" width=\"216\" height=\"300\" src=\"http:\/\/www.artandtracks.com\/wp-content\/uploads\/2023\/09\/Gilang-3-216x300.jpg\" alt=\"\" class=\"wp-image-1550\" srcset=\"https:\/\/www.artandtracks.com\/wp-content\/uploads\/2023\/09\/Gilang-3-216x300.jpg 216w, https:\/\/www.artandtracks.com\/wp-content\/uploads\/2023\/09\/Gilang-3-738x1024.jpg 738w, https:\/\/www.artandtracks.com\/wp-content\/uploads\/2023\/09\/Gilang-3-768x1066.jpg 768w, https:\/\/www.artandtracks.com\/wp-content\/uploads\/2023\/09\/Gilang-3-600x833.jpg 600w, https:\/\/www.artandtracks.com\/wp-content\/uploads\/2023\/09\/Gilang-3-1106x1536.jpg 1106w, https:\/\/www.artandtracks.com\/wp-content\/uploads\/2023\/09\/Gilang-3-1475x2048.jpg 1475w, https:\/\/www.artandtracks.com\/wp-content\/uploads\/2023\/09\/Gilang-3-800x1111.jpg 800w, https:\/\/www.artandtracks.com\/wp-content\/uploads\/2023\/09\/Gilang-3-scaled.jpg 1844w\" sizes=\"(max-width: 216px) 100vw, 216px\" \/><\/a><\/figure>\n\n\n\n<h2 class=\"wp-block-heading\"><strong>Titre d<\/strong><strong>e l\u2019\u0153uvre :<\/strong><\/h2>\n\n\n\n<p>Perut tak bisa dilockdown<\/p>\n\n\n\n<h2 class=\"wp-block-heading\"><strong>Artiste :<\/strong><\/h2>\n\n\n\n<p>Gilang Propagila<\/p>\n\n\n\n<h2 class=\"wp-block-heading\"><strong>Technique :<\/strong><\/h2>\n\n\n\n<p>Linogravure sur papier blanc<\/p>\n\n\n\n<p>Limite d\u2019\u00e9dition : AP<\/p>\n\n\n\n<h2 class=\"wp-block-heading\"><strong>Dimension(s) :<\/strong><\/h2>\n\n\n\n<p>30 x 21 cm<\/p>\n\n\n\n<h2 class=\"wp-block-heading\"><strong>Ann\u00e9e et lieu de cr\u00e9ation :<\/strong><\/h2>\n\n\n\n<p>2020 \/ Denpasar Kolektif<\/p>\n","protected":false},"excerpt":{"rendered":"<p>Titre de l\u2019\u0153uvre : Perut tak bisa dilockdown Artiste : Gilang Propagila Technique : Linogravure sur papier blanc Limite d\u2019\u00e9dition : AP Dimension(s) : 30 x 21 cm Ann\u00e9e et lieu de cr\u00e9ation : 2020 \/ Denpasar Kolektif<\/p>\n","protected":false},"author":1,"featured_media":0,"parent":0,"menu_order":0,"comment_status":"closed","ping_status":"closed","template":"","meta":[],"_links":{"self":[{"href":"https:\/\/www.artandtracks.com\/index.php\/wp-json\/wp\/v2\/pages\/1602"}],"collection":[{"href":"https:\/\/www.artandtracks.com\/index.php\/wp-json\/wp\/v2\/pages"}],"about":[{"href":"https:\/\/www.artandtracks.com\/index.php\/wp-json\/wp\/v2\/types\/page"}],"author":[{"embeddable":true,"href":"https:\/\/www.artandtracks.com\/index.php\/wp-json\/wp\/v2\/users\/1"}],"replies":[{"embeddable":true,"href":"https:\/\/www.artandtracks.com\/index.php\/wp-json\/wp\/v2\/comments?post=1602"}],"version-history":[{"count":1,"href":"https:\/\/www.artandtracks.com\/index.php\/wp-json\/wp\/v2\/pages\/1602\/revisions"}],"predecessor-version":[{"id":1603,"href":"https:\/\/www.artandtracks.com\/index.php\/wp-json\/wp\/v2\/pages\/1602\/revisions\/1603"}],"wp:attachment":[{"href":"https:\/\/www.artandtracks.com\/index.php\/wp-json\/wp\/v2\/media?parent=1602"}],"curies":[{"name":"wp","href":"https:\/\/api.w.org\/{rel}","templated":true}]}}