{"id":1597,"date":"2023-09-20T11:03:27","date_gmt":"2023-09-20T09:03:27","guid":{"rendered":"http:\/\/www.artandtracks.com\/?page_id=1597"},"modified":"2023-09-20T11:03:44","modified_gmt":"2023-09-20T09:03:44","slug":"gilang-propagila-sulang-juang","status":"publish","type":"page","link":"https:\/\/www.artandtracks.com\/index.php\/gilang-propagila-sulang-juang\/","title":{"rendered":"Gilang Propagila &#8211; \u201cSulang Juang\u201d"},"content":{"rendered":"\n<figure class=\"wp-block-image size-medium\"><a href=\"http:\/\/www.artandtracks.com\/wp-content\/uploads\/2023\/09\/Gilang-2-scaled.jpg\"><img decoding=\"async\" loading=\"lazy\" width=\"216\" height=\"300\" src=\"http:\/\/www.artandtracks.com\/wp-content\/uploads\/2023\/09\/Gilang-2-216x300.jpg\" alt=\"\" class=\"wp-image-1549\" srcset=\"https:\/\/www.artandtracks.com\/wp-content\/uploads\/2023\/09\/Gilang-2-216x300.jpg 216w, https:\/\/www.artandtracks.com\/wp-content\/uploads\/2023\/09\/Gilang-2-738x1024.jpg 738w, https:\/\/www.artandtracks.com\/wp-content\/uploads\/2023\/09\/Gilang-2-768x1066.jpg 768w, https:\/\/www.artandtracks.com\/wp-content\/uploads\/2023\/09\/Gilang-2-600x833.jpg 600w, https:\/\/www.artandtracks.com\/wp-content\/uploads\/2023\/09\/Gilang-2-1106x1536.jpg 1106w, https:\/\/www.artandtracks.com\/wp-content\/uploads\/2023\/09\/Gilang-2-1475x2048.jpg 1475w, https:\/\/www.artandtracks.com\/wp-content\/uploads\/2023\/09\/Gilang-2-800x1111.jpg 800w, https:\/\/www.artandtracks.com\/wp-content\/uploads\/2023\/09\/Gilang-2-scaled.jpg 1844w\" sizes=\"(max-width: 216px) 100vw, 216px\" \/><\/a><\/figure>\n\n\n\n<h2 class=\"wp-block-heading\"><strong>Titre d<\/strong><strong>e l\u2019\u0153uvre :<\/strong><\/h2>\n\n\n\n<p>Sulang Juang<\/p>\n\n\n\n<h2 class=\"wp-block-heading\"><strong>Artiste :<\/strong><\/h2>\n\n\n\n<p>Gilang Propagila<\/p>\n\n\n\n<h2 class=\"wp-block-heading\"><strong>Technique :<\/strong><\/h2>\n\n\n\n<p>S\u00e9rigraphie sur papier blanc<\/p>\n\n\n\n<p>Limite d\u2019\u00e9dition : 17<\/p>\n\n\n\n<h2 class=\"wp-block-heading\"><strong>Dimension(s) :<\/strong><\/h2>\n\n\n\n<p>nc<\/p>\n\n\n\n<h2 class=\"wp-block-heading\"><strong>Ann\u00e9e et lieu de cr\u00e9ation :<\/strong><\/h2>\n\n\n\n<p>2022 \/ Denpasar Kolektif<\/p>\n","protected":false},"excerpt":{"rendered":"<p>Titre de l\u2019\u0153uvre : Sulang Juang Artiste : Gilang Propagila Technique : S\u00e9rigraphie sur papier blanc Limite d\u2019\u00e9dition : 17 Dimension(s) : nc Ann\u00e9e et lieu de cr\u00e9ation : 2022 \/ Denpasar Kolektif<\/p>\n","protected":false},"author":1,"featured_media":0,"parent":0,"menu_order":0,"comment_status":"closed","ping_status":"closed","template":"","meta":[],"_links":{"self":[{"href":"https:\/\/www.artandtracks.com\/index.php\/wp-json\/wp\/v2\/pages\/1597"}],"collection":[{"href":"https:\/\/www.artandtracks.com\/index.php\/wp-json\/wp\/v2\/pages"}],"about":[{"href":"https:\/\/www.artandtracks.com\/index.php\/wp-json\/wp\/v2\/types\/page"}],"author":[{"embeddable":true,"href":"https:\/\/www.artandtracks.com\/index.php\/wp-json\/wp\/v2\/users\/1"}],"replies":[{"embeddable":true,"href":"https:\/\/www.artandtracks.com\/index.php\/wp-json\/wp\/v2\/comments?post=1597"}],"version-history":[{"count":2,"href":"https:\/\/www.artandtracks.com\/index.php\/wp-json\/wp\/v2\/pages\/1597\/revisions"}],"predecessor-version":[{"id":1600,"href":"https:\/\/www.artandtracks.com\/index.php\/wp-json\/wp\/v2\/pages\/1597\/revisions\/1600"}],"wp:attachment":[{"href":"https:\/\/www.artandtracks.com\/index.php\/wp-json\/wp\/v2\/media?parent=1597"}],"curies":[{"name":"wp","href":"https:\/\/api.w.org\/{rel}","templated":true}]}}