{"id":1595,"date":"2023-09-20T10:59:53","date_gmt":"2023-09-20T08:59:53","guid":{"rendered":"http:\/\/www.artandtracks.com\/?page_id=1595"},"modified":"2023-09-20T11:03:52","modified_gmt":"2023-09-20T09:03:52","slug":"gilang-propagila-ayo-hidup-sehat-bersama","status":"publish","type":"page","link":"https:\/\/www.artandtracks.com\/index.php\/gilang-propagila-ayo-hidup-sehat-bersama\/","title":{"rendered":"Gilang Propagila &#8211; \u201cStay punk stay healthy\u201d"},"content":{"rendered":"\n<figure class=\"wp-block-image size-medium\"><a href=\"http:\/\/www.artandtracks.com\/wp-content\/uploads\/2023\/09\/Gilang-1-scaled.jpg\"><img decoding=\"async\" loading=\"lazy\" width=\"213\" height=\"300\" src=\"http:\/\/www.artandtracks.com\/wp-content\/uploads\/2023\/09\/Gilang-1-213x300.jpg\" alt=\"\" class=\"wp-image-1548\" srcset=\"https:\/\/www.artandtracks.com\/wp-content\/uploads\/2023\/09\/Gilang-1-213x300.jpg 213w, https:\/\/www.artandtracks.com\/wp-content\/uploads\/2023\/09\/Gilang-1-726x1024.jpg 726w, https:\/\/www.artandtracks.com\/wp-content\/uploads\/2023\/09\/Gilang-1-768x1083.jpg 768w, https:\/\/www.artandtracks.com\/wp-content\/uploads\/2023\/09\/Gilang-1-600x846.jpg 600w, https:\/\/www.artandtracks.com\/wp-content\/uploads\/2023\/09\/Gilang-1-1090x1536.jpg 1090w, https:\/\/www.artandtracks.com\/wp-content\/uploads\/2023\/09\/Gilang-1-1453x2048.jpg 1453w, https:\/\/www.artandtracks.com\/wp-content\/uploads\/2023\/09\/Gilang-1-800x1128.jpg 800w, https:\/\/www.artandtracks.com\/wp-content\/uploads\/2023\/09\/Gilang-1-scaled.jpg 1816w\" sizes=\"(max-width: 213px) 100vw, 213px\" \/><\/a><\/figure>\n\n\n\n<h2 class=\"wp-block-heading\"><strong>Titre d<\/strong><strong>e l\u2019\u0153uvre :<\/strong><\/h2>\n\n\n\n<p>Stay punk stay healthy<\/p>\n\n\n\n<h2 class=\"wp-block-heading\"><strong>Artiste :<\/strong><\/h2>\n\n\n\n<p>Gilang Propagila<\/p>\n\n\n\n<h2 class=\"wp-block-heading\"><strong>Technique :<\/strong><\/h2>\n\n\n\n<p>S\u00e9rigraphie sur papier blanc<\/p>\n\n\n\n<p>Limite d\u2019\u00e9dition : 21<\/p>\n\n\n\n<h2 class=\"wp-block-heading\"><strong>Dimension(s) :<\/strong><\/h2>\n\n\n\n<p>nc<\/p>\n\n\n\n<h2 class=\"wp-block-heading\"><strong>Ann\u00e9e et lieu de cr\u00e9ation :<\/strong><\/h2>\n\n\n\n<p>2022 \/ Denpasar Kolektif<\/p>\n","protected":false},"excerpt":{"rendered":"<p>Titre de l\u2019\u0153uvre : Stay punk stay healthy Artiste : Gilang Propagila Technique : S\u00e9rigraphie sur papier blanc Limite d\u2019\u00e9dition : 21 Dimension(s) : nc Ann\u00e9e et lieu de cr\u00e9ation : 2022 \/ Denpasar Kolektif<\/p>\n","protected":false},"author":1,"featured_media":0,"parent":0,"menu_order":0,"comment_status":"closed","ping_status":"closed","template":"","meta":[],"_links":{"self":[{"href":"https:\/\/www.artandtracks.com\/index.php\/wp-json\/wp\/v2\/pages\/1595"}],"collection":[{"href":"https:\/\/www.artandtracks.com\/index.php\/wp-json\/wp\/v2\/pages"}],"about":[{"href":"https:\/\/www.artandtracks.com\/index.php\/wp-json\/wp\/v2\/types\/page"}],"author":[{"embeddable":true,"href":"https:\/\/www.artandtracks.com\/index.php\/wp-json\/wp\/v2\/users\/1"}],"replies":[{"embeddable":true,"href":"https:\/\/www.artandtracks.com\/index.php\/wp-json\/wp\/v2\/comments?post=1595"}],"version-history":[{"count":3,"href":"https:\/\/www.artandtracks.com\/index.php\/wp-json\/wp\/v2\/pages\/1595\/revisions"}],"predecessor-version":[{"id":1601,"href":"https:\/\/www.artandtracks.com\/index.php\/wp-json\/wp\/v2\/pages\/1595\/revisions\/1601"}],"wp:attachment":[{"href":"https:\/\/www.artandtracks.com\/index.php\/wp-json\/wp\/v2\/media?parent=1595"}],"curies":[{"name":"wp","href":"https:\/\/api.w.org\/{rel}","templated":true}]}}