{"id":1593,"date":"2023-09-20T10:54:18","date_gmt":"2023-09-20T08:54:18","guid":{"rendered":"http:\/\/www.artandtracks.com\/?page_id=1593"},"modified":"2023-09-20T10:54:18","modified_gmt":"2023-09-20T08:54:18","slug":"kuncir-sv-jangan-bergerak","status":"publish","type":"page","link":"https:\/\/www.artandtracks.com\/index.php\/kuncir-sv-jangan-bergerak\/","title":{"rendered":"Kuncir SV \u2013 \u201cJangan Bergerak\u201d"},"content":{"rendered":"\n<figure class=\"wp-block-image size-medium\"><a href=\"http:\/\/www.artandtracks.com\/wp-content\/uploads\/2023\/09\/Kuncir-sv-1-scaled.jpg\"><img decoding=\"async\" loading=\"lazy\" width=\"300\" height=\"222\" src=\"http:\/\/www.artandtracks.com\/wp-content\/uploads\/2023\/09\/Kuncir-sv-1-300x222.jpg\" alt=\"\" class=\"wp-image-1551\" srcset=\"https:\/\/www.artandtracks.com\/wp-content\/uploads\/2023\/09\/Kuncir-sv-1-300x222.jpg 300w, https:\/\/www.artandtracks.com\/wp-content\/uploads\/2023\/09\/Kuncir-sv-1-1024x757.jpg 1024w, https:\/\/www.artandtracks.com\/wp-content\/uploads\/2023\/09\/Kuncir-sv-1-768x567.jpg 768w, https:\/\/www.artandtracks.com\/wp-content\/uploads\/2023\/09\/Kuncir-sv-1-600x443.jpg 600w, https:\/\/www.artandtracks.com\/wp-content\/uploads\/2023\/09\/Kuncir-sv-1-1536x1135.jpg 1536w, https:\/\/www.artandtracks.com\/wp-content\/uploads\/2023\/09\/Kuncir-sv-1-2048x1513.jpg 2048w, https:\/\/www.artandtracks.com\/wp-content\/uploads\/2023\/09\/Kuncir-sv-1-800x591.jpg 800w\" sizes=\"(max-width: 300px) 100vw, 300px\" \/><\/a><\/figure>\n\n\n\n<h2 class=\"wp-block-heading\"><strong>Titre d<\/strong><strong>e l\u2019\u0153uvre :<\/strong><\/h2>\n\n\n\n<p>Jangan Bergerak<\/p>\n\n\n\n<h2 class=\"wp-block-heading\"><strong>Artiste :<\/strong><\/h2>\n\n\n\n<p>Kuncir Sathya Viku<\/p>\n\n\n\n<h2 class=\"wp-block-heading\"><strong>Technique :<\/strong><\/h2>\n\n\n\n<p>S\u00e9rigraphie sur papier blanc<\/p>\n\n\n\n<p>Limite d\u2019\u00e9dition : 20<\/p>\n\n\n\n<h2 class=\"wp-block-heading\"><strong>Dimension(s) :<\/strong><\/h2>\n\n\n\n<p>35 x 50 cm <em>papier<\/em> ; 29,5 x 42 cm <em>image<\/em><\/p>\n\n\n\n<h2 class=\"wp-block-heading\"><strong>Ann\u00e9e et lieu de cr\u00e9ation :<\/strong><\/h2>\n\n\n\n<p>2020 \/ Black Hand Gang Editions<\/p>\n","protected":false},"excerpt":{"rendered":"<p>Titre de l\u2019\u0153uvre : Jangan Bergerak Artiste : Kuncir Sathya Viku Technique : S\u00e9rigraphie sur papier blanc Limite d\u2019\u00e9dition : 20 Dimension(s) : 35 x 50 cm papier ; 29,5 x 42 cm image Ann\u00e9e et lieu de cr\u00e9ation : 2020 \/ Black Hand Gang Editions<\/p>\n","protected":false},"author":1,"featured_media":0,"parent":0,"menu_order":0,"comment_status":"closed","ping_status":"closed","template":"","meta":[],"_links":{"self":[{"href":"https:\/\/www.artandtracks.com\/index.php\/wp-json\/wp\/v2\/pages\/1593"}],"collection":[{"href":"https:\/\/www.artandtracks.com\/index.php\/wp-json\/wp\/v2\/pages"}],"about":[{"href":"https:\/\/www.artandtracks.com\/index.php\/wp-json\/wp\/v2\/types\/page"}],"author":[{"embeddable":true,"href":"https:\/\/www.artandtracks.com\/index.php\/wp-json\/wp\/v2\/users\/1"}],"replies":[{"embeddable":true,"href":"https:\/\/www.artandtracks.com\/index.php\/wp-json\/wp\/v2\/comments?post=1593"}],"version-history":[{"count":1,"href":"https:\/\/www.artandtracks.com\/index.php\/wp-json\/wp\/v2\/pages\/1593\/revisions"}],"predecessor-version":[{"id":1594,"href":"https:\/\/www.artandtracks.com\/index.php\/wp-json\/wp\/v2\/pages\/1593\/revisions\/1594"}],"wp:attachment":[{"href":"https:\/\/www.artandtracks.com\/index.php\/wp-json\/wp\/v2\/media?parent=1593"}],"curies":[{"name":"wp","href":"https:\/\/api.w.org\/{rel}","templated":true}]}}