{"id":1570,"date":"2023-09-20T10:29:19","date_gmt":"2023-09-20T08:29:19","guid":{"rendered":"http:\/\/www.artandtracks.com\/?page_id=1570"},"modified":"2023-09-20T10:29:19","modified_gmt":"2023-09-20T08:29:19","slug":"basil-hall-back-to-bilo","status":"publish","type":"page","link":"https:\/\/www.artandtracks.com\/index.php\/basil-hall-back-to-bilo\/","title":{"rendered":"Basil Hall &#8211; \u201cBack to Bilo\u201d"},"content":{"rendered":"\n<figure class=\"wp-block-image size-medium\"><a href=\"http:\/\/www.artandtracks.com\/wp-content\/uploads\/2023\/09\/BH-Back-to-Bilo_web-scaled-1.jpg\"><img decoding=\"async\" loading=\"lazy\" width=\"212\" height=\"300\" src=\"http:\/\/www.artandtracks.com\/wp-content\/uploads\/2023\/09\/BH-Back-to-Bilo_web-scaled-1-212x300.jpg\" alt=\"\" class=\"wp-image-1571\" srcset=\"https:\/\/www.artandtracks.com\/wp-content\/uploads\/2023\/09\/BH-Back-to-Bilo_web-scaled-1-212x300.jpg 212w, https:\/\/www.artandtracks.com\/wp-content\/uploads\/2023\/09\/BH-Back-to-Bilo_web-scaled-1-724x1024.jpg 724w, https:\/\/www.artandtracks.com\/wp-content\/uploads\/2023\/09\/BH-Back-to-Bilo_web-scaled-1-768x1087.jpg 768w, https:\/\/www.artandtracks.com\/wp-content\/uploads\/2023\/09\/BH-Back-to-Bilo_web-scaled-1-600x849.jpg 600w, https:\/\/www.artandtracks.com\/wp-content\/uploads\/2023\/09\/BH-Back-to-Bilo_web-scaled-1-1085x1536.jpg 1085w, https:\/\/www.artandtracks.com\/wp-content\/uploads\/2023\/09\/BH-Back-to-Bilo_web-scaled-1-1447x2048.jpg 1447w, https:\/\/www.artandtracks.com\/wp-content\/uploads\/2023\/09\/BH-Back-to-Bilo_web-scaled-1-800x1132.jpg 800w, https:\/\/www.artandtracks.com\/wp-content\/uploads\/2023\/09\/BH-Back-to-Bilo_web-scaled-1.jpg 1809w\" sizes=\"(max-width: 212px) 100vw, 212px\" \/><\/a><\/figure>\n\n\n\n<h2 class=\"wp-block-heading\"><strong>Titre d<\/strong><strong>e l\u2019\u0153uvre :<\/strong><\/h2>\n\n\n\n<p>Back to Bilo<\/p>\n\n\n\n<h2 class=\"wp-block-heading\"><strong>Artiste :<\/strong><\/h2>\n\n\n\n<p>Basil Hall<\/p>\n\n\n\n<h2 class=\"wp-block-heading\"><strong>Technique :<\/strong><\/h2>\n\n\n\n<p>S\u00e9rigraphie sur papier blanc<\/p>\n\n\n\n<p>Limite d\u2019\u00e9dition : 10<\/p>\n\n\n\n<h2 class=\"wp-block-heading\"><strong>Dimension(s) :<\/strong><\/h2>\n\n\n\n<p>59,5 x 42 cm<\/p>\n\n\n\n<h2 class=\"wp-block-heading\"><strong>Ann\u00e9e et lieu de cr\u00e9ation :<\/strong><\/h2>\n\n\n\n<p>2020 \/ Basil Hall Editions<\/p>\n","protected":false},"excerpt":{"rendered":"<p>Titre de l\u2019\u0153uvre : Back to Bilo Artiste : Basil Hall Technique : S\u00e9rigraphie sur papier blanc Limite d\u2019\u00e9dition : 10 Dimension(s) : 59,5 x 42 cm Ann\u00e9e et lieu de cr\u00e9ation : 2020 \/ Basil Hall Editions<\/p>\n","protected":false},"author":1,"featured_media":0,"parent":0,"menu_order":0,"comment_status":"closed","ping_status":"closed","template":"","meta":[],"_links":{"self":[{"href":"https:\/\/www.artandtracks.com\/index.php\/wp-json\/wp\/v2\/pages\/1570"}],"collection":[{"href":"https:\/\/www.artandtracks.com\/index.php\/wp-json\/wp\/v2\/pages"}],"about":[{"href":"https:\/\/www.artandtracks.com\/index.php\/wp-json\/wp\/v2\/types\/page"}],"author":[{"embeddable":true,"href":"https:\/\/www.artandtracks.com\/index.php\/wp-json\/wp\/v2\/users\/1"}],"replies":[{"embeddable":true,"href":"https:\/\/www.artandtracks.com\/index.php\/wp-json\/wp\/v2\/comments?post=1570"}],"version-history":[{"count":1,"href":"https:\/\/www.artandtracks.com\/index.php\/wp-json\/wp\/v2\/pages\/1570\/revisions"}],"predecessor-version":[{"id":1572,"href":"https:\/\/www.artandtracks.com\/index.php\/wp-json\/wp\/v2\/pages\/1570\/revisions\/1572"}],"wp:attachment":[{"href":"https:\/\/www.artandtracks.com\/index.php\/wp-json\/wp\/v2\/media?parent=1570"}],"curies":[{"name":"wp","href":"https:\/\/api.w.org\/{rel}","templated":true}]}}