{"id":1568,"date":"2023-09-20T10:26:08","date_gmt":"2023-09-20T08:26:08","guid":{"rendered":"http:\/\/www.artandtracks.com\/?page_id=1568"},"modified":"2023-09-20T10:26:08","modified_gmt":"2023-09-20T08:26:08","slug":"basil-hall-weweremigrantstoo","status":"publish","type":"page","link":"https:\/\/www.artandtracks.com\/index.php\/basil-hall-weweremigrantstoo\/","title":{"rendered":"Basil Hall \u2013 \u201c#weweremigrantstoo\u201d"},"content":{"rendered":"\n<figure class=\"wp-block-image size-medium\"><a href=\"http:\/\/www.artandtracks.com\/wp-content\/uploads\/2023\/09\/Basil-Hall-7.jpg\"><img decoding=\"async\" loading=\"lazy\" width=\"208\" height=\"300\" src=\"http:\/\/www.artandtracks.com\/wp-content\/uploads\/2023\/09\/Basil-Hall-7-208x300.jpg\" alt=\"\" class=\"wp-image-1547\" srcset=\"https:\/\/www.artandtracks.com\/wp-content\/uploads\/2023\/09\/Basil-Hall-7-208x300.jpg 208w, https:\/\/www.artandtracks.com\/wp-content\/uploads\/2023\/09\/Basil-Hall-7-709x1024.jpg 709w, https:\/\/www.artandtracks.com\/wp-content\/uploads\/2023\/09\/Basil-Hall-7-768x1109.jpg 768w, https:\/\/www.artandtracks.com\/wp-content\/uploads\/2023\/09\/Basil-Hall-7-600x866.jpg 600w, https:\/\/www.artandtracks.com\/wp-content\/uploads\/2023\/09\/Basil-Hall-7-1064x1536.jpg 1064w, https:\/\/www.artandtracks.com\/wp-content\/uploads\/2023\/09\/Basil-Hall-7-1419x2048.jpg 1419w, https:\/\/www.artandtracks.com\/wp-content\/uploads\/2023\/09\/Basil-Hall-7-800x1155.jpg 800w, https:\/\/www.artandtracks.com\/wp-content\/uploads\/2023\/09\/Basil-Hall-7.jpg 1675w\" sizes=\"(max-width: 208px) 100vw, 208px\" \/><\/a><\/figure>\n\n\n\n<h2 class=\"wp-block-heading\"><strong>Titre d<\/strong><strong>e l\u2019\u0153uvre :<\/strong><\/h2>\n\n\n\n<p>#weweremigrantstoo<\/p>\n\n\n\n<h2 class=\"wp-block-heading\"><strong>Artiste :<\/strong><\/h2>\n\n\n\n<p>Basil Hall<\/p>\n\n\n\n<h2 class=\"wp-block-heading\"><strong>Technique :<\/strong><\/h2>\n\n\n\n<p>S\u00e9rigraphie sur papier blanc<\/p>\n\n\n\n<p>Limite d\u2019\u00e9dition : 8<\/p>\n\n\n\n<h2 class=\"wp-block-heading\"><strong>Dimension(s) :<\/strong><\/h2>\n\n\n\n<p>29 x 20 cm<\/p>\n\n\n\n<h2 class=\"wp-block-heading\"><strong>Ann\u00e9e et lieu de cr\u00e9ation :<\/strong><\/h2>\n\n\n\n<p>2018 \/ Basil Hall Editions<\/p>\n","protected":false},"excerpt":{"rendered":"<p>Titre de l\u2019\u0153uvre : #weweremigrantstoo Artiste : Basil Hall Technique : S\u00e9rigraphie sur papier blanc Limite d\u2019\u00e9dition : 8 Dimension(s) : 29 x 20 cm Ann\u00e9e et lieu de cr\u00e9ation : 2018 \/ Basil Hall Editions<\/p>\n","protected":false},"author":1,"featured_media":0,"parent":0,"menu_order":0,"comment_status":"closed","ping_status":"closed","template":"","meta":[],"_links":{"self":[{"href":"https:\/\/www.artandtracks.com\/index.php\/wp-json\/wp\/v2\/pages\/1568"}],"collection":[{"href":"https:\/\/www.artandtracks.com\/index.php\/wp-json\/wp\/v2\/pages"}],"about":[{"href":"https:\/\/www.artandtracks.com\/index.php\/wp-json\/wp\/v2\/types\/page"}],"author":[{"embeddable":true,"href":"https:\/\/www.artandtracks.com\/index.php\/wp-json\/wp\/v2\/users\/1"}],"replies":[{"embeddable":true,"href":"https:\/\/www.artandtracks.com\/index.php\/wp-json\/wp\/v2\/comments?post=1568"}],"version-history":[{"count":1,"href":"https:\/\/www.artandtracks.com\/index.php\/wp-json\/wp\/v2\/pages\/1568\/revisions"}],"predecessor-version":[{"id":1569,"href":"https:\/\/www.artandtracks.com\/index.php\/wp-json\/wp\/v2\/pages\/1568\/revisions\/1569"}],"wp:attachment":[{"href":"https:\/\/www.artandtracks.com\/index.php\/wp-json\/wp\/v2\/media?parent=1568"}],"curies":[{"name":"wp","href":"https:\/\/api.w.org\/{rel}","templated":true}]}}