{"id":1564,"date":"2023-09-20T10:17:09","date_gmt":"2023-09-20T08:17:09","guid":{"rendered":"http:\/\/www.artandtracks.com\/?page_id=1564"},"modified":"2023-09-20T10:21:28","modified_gmt":"2023-09-20T08:21:28","slug":"basil-hall-a-land-of-sweeping-planes","status":"publish","type":"page","link":"https:\/\/www.artandtracks.com\/index.php\/basil-hall-a-land-of-sweeping-planes\/","title":{"rendered":"Basil Hall &#8211; \u201cA Land of Sweeping Planes\u201d"},"content":{"rendered":"\n<figure class=\"wp-block-image size-medium\"><a href=\"http:\/\/www.artandtracks.com\/wp-content\/uploads\/2023\/09\/Basil-Hall-1.jpg\"><img decoding=\"async\" loading=\"lazy\" width=\"300\" height=\"227\" src=\"http:\/\/www.artandtracks.com\/wp-content\/uploads\/2023\/09\/Basil-Hall-1-300x227.jpg\" alt=\"\" class=\"wp-image-1554\" srcset=\"https:\/\/www.artandtracks.com\/wp-content\/uploads\/2023\/09\/Basil-Hall-1-300x227.jpg 300w, https:\/\/www.artandtracks.com\/wp-content\/uploads\/2023\/09\/Basil-Hall-1-1024x775.jpg 1024w, https:\/\/www.artandtracks.com\/wp-content\/uploads\/2023\/09\/Basil-Hall-1-768x581.jpg 768w, https:\/\/www.artandtracks.com\/wp-content\/uploads\/2023\/09\/Basil-Hall-1-600x454.jpg 600w, https:\/\/www.artandtracks.com\/wp-content\/uploads\/2023\/09\/Basil-Hall-1-1536x1162.jpg 1536w, https:\/\/www.artandtracks.com\/wp-content\/uploads\/2023\/09\/Basil-Hall-1-2048x1549.jpg 2048w, https:\/\/www.artandtracks.com\/wp-content\/uploads\/2023\/09\/Basil-Hall-1-800x605.jpg 800w\" sizes=\"(max-width: 300px) 100vw, 300px\" \/><\/a><\/figure>\n\n\n\n<h2 class=\"wp-block-heading\"><strong>Titre d<\/strong><strong>e l\u2019\u0153uvre :<\/strong><\/h2>\n\n\n\n<p>A Land of Sweeping Planes<\/p>\n\n\n\n<h2 class=\"wp-block-heading\"><strong>Artiste :<\/strong><\/h2>\n\n\n\n<p>Basil Hall<\/p>\n\n\n\n<h2 class=\"wp-block-heading\"><strong>Technique :<\/strong><\/h2>\n\n\n\n<p>Gravure sur bois sur papier blanc<\/p>\n\n\n\n<p>Limite d\u2019\u00e9dition : 20<\/p>\n\n\n\n<h2 class=\"wp-block-heading\"><strong>Dimension(s) :<\/strong><\/h2>\n\n\n\n<p>45 x 60 cm<\/p>\n\n\n\n<h2 class=\"wp-block-heading\"><strong>Ann\u00e9e et lieu de cr\u00e9ation :<\/strong><\/h2>\n\n\n\n<p>2018 \/ Basil Hall Editions<\/p>\n","protected":false},"excerpt":{"rendered":"<p>Titre de l\u2019\u0153uvre : A Land of Sweeping Planes Artiste : Basil Hall Technique : Gravure sur bois sur papier blanc Limite d\u2019\u00e9dition : 20 Dimension(s) : 45 x 60 cm Ann\u00e9e et lieu de cr\u00e9ation : 2018 \/ Basil Hall Editions<\/p>\n","protected":false},"author":1,"featured_media":0,"parent":0,"menu_order":0,"comment_status":"closed","ping_status":"closed","template":"","meta":[],"_links":{"self":[{"href":"https:\/\/www.artandtracks.com\/index.php\/wp-json\/wp\/v2\/pages\/1564"}],"collection":[{"href":"https:\/\/www.artandtracks.com\/index.php\/wp-json\/wp\/v2\/pages"}],"about":[{"href":"https:\/\/www.artandtracks.com\/index.php\/wp-json\/wp\/v2\/types\/page"}],"author":[{"embeddable":true,"href":"https:\/\/www.artandtracks.com\/index.php\/wp-json\/wp\/v2\/users\/1"}],"replies":[{"embeddable":true,"href":"https:\/\/www.artandtracks.com\/index.php\/wp-json\/wp\/v2\/comments?post=1564"}],"version-history":[{"count":2,"href":"https:\/\/www.artandtracks.com\/index.php\/wp-json\/wp\/v2\/pages\/1564\/revisions"}],"predecessor-version":[{"id":1567,"href":"https:\/\/www.artandtracks.com\/index.php\/wp-json\/wp\/v2\/pages\/1564\/revisions\/1567"}],"wp:attachment":[{"href":"https:\/\/www.artandtracks.com\/index.php\/wp-json\/wp\/v2\/media?parent=1564"}],"curies":[{"name":"wp","href":"https:\/\/api.w.org\/{rel}","templated":true}]}}