{"id":1562,"date":"2023-09-20T10:15:17","date_gmt":"2023-09-20T08:15:17","guid":{"rendered":"http:\/\/www.artandtracks.com\/?page_id=1562"},"modified":"2023-09-20T10:20:23","modified_gmt":"2023-09-20T08:20:23","slug":"basil-hall-war-poster","status":"publish","type":"page","link":"https:\/\/www.artandtracks.com\/index.php\/basil-hall-war-poster\/","title":{"rendered":"Basil Hall &#8211; \u201cWar Poster\u201d"},"content":{"rendered":"\n<figure class=\"wp-block-image size-medium\"><a href=\"http:\/\/www.artandtracks.com\/wp-content\/uploads\/2023\/09\/Basil-Hall-2.jpg\"><img decoding=\"async\" loading=\"lazy\" width=\"209\" height=\"300\" src=\"http:\/\/www.artandtracks.com\/wp-content\/uploads\/2023\/09\/Basil-Hall-2-209x300.jpg\" alt=\"\" class=\"wp-image-1555\" srcset=\"https:\/\/www.artandtracks.com\/wp-content\/uploads\/2023\/09\/Basil-Hall-2-209x300.jpg 209w, https:\/\/www.artandtracks.com\/wp-content\/uploads\/2023\/09\/Basil-Hall-2-712x1024.jpg 712w, https:\/\/www.artandtracks.com\/wp-content\/uploads\/2023\/09\/Basil-Hall-2-768x1105.jpg 768w, https:\/\/www.artandtracks.com\/wp-content\/uploads\/2023\/09\/Basil-Hall-2-600x863.jpg 600w, https:\/\/www.artandtracks.com\/wp-content\/uploads\/2023\/09\/Basil-Hall-2-1068x1536.jpg 1068w, https:\/\/www.artandtracks.com\/wp-content\/uploads\/2023\/09\/Basil-Hall-2-1424x2048.jpg 1424w, https:\/\/www.artandtracks.com\/wp-content\/uploads\/2023\/09\/Basil-Hall-2-800x1151.jpg 800w, https:\/\/www.artandtracks.com\/wp-content\/uploads\/2023\/09\/Basil-Hall-2.jpg 1770w\" sizes=\"(max-width: 209px) 100vw, 209px\" \/><\/a><\/figure>\n\n\n\n<h2 class=\"wp-block-heading\"><strong>Titre d<\/strong><strong>e l\u2019\u0153uvre :<\/strong><\/h2>\n\n\n\n<p>War Poster<\/p>\n\n\n\n<h2 class=\"wp-block-heading\"><strong>Artiste :<\/strong><\/h2>\n\n\n\n<p>Basil Hall<\/p>\n\n\n\n<h2 class=\"wp-block-heading\"><strong>Technique :<\/strong><\/h2>\n\n\n\n<p>S\u00e9rigraphie sur papier blanc<\/p>\n\n\n\n<p>Limite d\u2019\u00e9dition : 20<\/p>\n\n\n\n<h2 class=\"wp-block-heading\"><strong>Dimension(s) :<\/strong><\/h2>\n\n\n\n<p>29 x 20 cm<\/p>\n\n\n\n<h2 class=\"wp-block-heading\"><strong>Ann\u00e9e et lieu de cr\u00e9ation :<\/strong><\/h2>\n\n\n\n<p>2018 \/ Basil Hall Editions<\/p>\n","protected":false},"excerpt":{"rendered":"<p>Titre de l\u2019\u0153uvre : War Poster Artiste : Basil Hall Technique : S\u00e9rigraphie sur papier blanc Limite d\u2019\u00e9dition : 20 Dimension(s) : 29 x 20 cm Ann\u00e9e et lieu de cr\u00e9ation : 2018 \/ Basil Hall Editions<\/p>\n","protected":false},"author":1,"featured_media":0,"parent":0,"menu_order":0,"comment_status":"closed","ping_status":"closed","template":"","meta":[],"_links":{"self":[{"href":"https:\/\/www.artandtracks.com\/index.php\/wp-json\/wp\/v2\/pages\/1562"}],"collection":[{"href":"https:\/\/www.artandtracks.com\/index.php\/wp-json\/wp\/v2\/pages"}],"about":[{"href":"https:\/\/www.artandtracks.com\/index.php\/wp-json\/wp\/v2\/types\/page"}],"author":[{"embeddable":true,"href":"https:\/\/www.artandtracks.com\/index.php\/wp-json\/wp\/v2\/users\/1"}],"replies":[{"embeddable":true,"href":"https:\/\/www.artandtracks.com\/index.php\/wp-json\/wp\/v2\/comments?post=1562"}],"version-history":[{"count":2,"href":"https:\/\/www.artandtracks.com\/index.php\/wp-json\/wp\/v2\/pages\/1562\/revisions"}],"predecessor-version":[{"id":1566,"href":"https:\/\/www.artandtracks.com\/index.php\/wp-json\/wp\/v2\/pages\/1562\/revisions\/1566"}],"wp:attachment":[{"href":"https:\/\/www.artandtracks.com\/index.php\/wp-json\/wp\/v2\/media?parent=1562"}],"curies":[{"name":"wp","href":"https:\/\/api.w.org\/{rel}","templated":true}]}}