{"id":1558,"date":"2023-09-20T10:11:25","date_gmt":"2023-09-20T08:11:25","guid":{"rendered":"http:\/\/www.artandtracks.com\/?page_id=1558"},"modified":"2023-09-20T10:11:25","modified_gmt":"2023-09-20T08:11:25","slug":"basil-hall-boundlessplainstoshare","status":"publish","type":"page","link":"https:\/\/www.artandtracks.com\/index.php\/basil-hall-boundlessplainstoshare\/","title":{"rendered":"Basil Hall &#8211; \u201c#boundlessplainstoshare\u201d"},"content":{"rendered":"\n<figure class=\"wp-block-image size-medium\"><a href=\"http:\/\/www.artandtracks.com\/wp-content\/uploads\/2023\/09\/Basil-Hall-3.jpg\"><img decoding=\"async\" loading=\"lazy\" width=\"208\" height=\"300\" src=\"http:\/\/www.artandtracks.com\/wp-content\/uploads\/2023\/09\/Basil-Hall-3-208x300.jpg\" alt=\"\" class=\"wp-image-1556\" srcset=\"https:\/\/www.artandtracks.com\/wp-content\/uploads\/2023\/09\/Basil-Hall-3-208x300.jpg 208w, https:\/\/www.artandtracks.com\/wp-content\/uploads\/2023\/09\/Basil-Hall-3-711x1024.jpg 711w, https:\/\/www.artandtracks.com\/wp-content\/uploads\/2023\/09\/Basil-Hall-3-768x1107.jpg 768w, https:\/\/www.artandtracks.com\/wp-content\/uploads\/2023\/09\/Basil-Hall-3-600x865.jpg 600w, https:\/\/www.artandtracks.com\/wp-content\/uploads\/2023\/09\/Basil-Hall-3-1066x1536.jpg 1066w, https:\/\/www.artandtracks.com\/wp-content\/uploads\/2023\/09\/Basil-Hall-3-1421x2048.jpg 1421w, https:\/\/www.artandtracks.com\/wp-content\/uploads\/2023\/09\/Basil-Hall-3-800x1153.jpg 800w, https:\/\/www.artandtracks.com\/wp-content\/uploads\/2023\/09\/Basil-Hall-3.jpg 1653w\" sizes=\"(max-width: 208px) 100vw, 208px\" \/><\/a><\/figure>\n\n\n\n<h2 class=\"wp-block-heading\"><strong>Titre d<\/strong><strong>e l\u2019\u0153uvre :<\/strong><\/h2>\n\n\n\n<p>#boundlessplainstoshare<\/p>\n\n\n\n<h2 class=\"wp-block-heading\"><strong>Artiste :<\/strong><\/h2>\n\n\n\n<p>Basil Hall<\/p>\n\n\n\n<h2 class=\"wp-block-heading\"><strong>Technique :<\/strong><\/h2>\n\n\n\n<p>S\u00e9rigraphie sur papier blanc<\/p>\n\n\n\n<p>Limite d\u2019\u00e9dition : 8<\/p>\n\n\n\n<h2 class=\"wp-block-heading\"><strong>Dimension(s) :<\/strong><\/h2>\n\n\n\n<p>29 x 20 cm<\/p>\n\n\n\n<h2 class=\"wp-block-heading\"><strong>Ann\u00e9e et lieu de cr\u00e9ation :<\/strong><\/h2>\n\n\n\n<p>2018 \/ Basil Hall Editions<\/p>\n","protected":false},"excerpt":{"rendered":"<p>Titre de l\u2019\u0153uvre : #boundlessplainstoshare Artiste : Basil Hall Technique : S\u00e9rigraphie sur papier blanc Limite d\u2019\u00e9dition : 8 Dimension(s) : 29 x 20 cm Ann\u00e9e et lieu de cr\u00e9ation : 2018 \/ Basil Hall Editions<\/p>\n","protected":false},"author":1,"featured_media":0,"parent":0,"menu_order":0,"comment_status":"closed","ping_status":"closed","template":"","meta":[],"_links":{"self":[{"href":"https:\/\/www.artandtracks.com\/index.php\/wp-json\/wp\/v2\/pages\/1558"}],"collection":[{"href":"https:\/\/www.artandtracks.com\/index.php\/wp-json\/wp\/v2\/pages"}],"about":[{"href":"https:\/\/www.artandtracks.com\/index.php\/wp-json\/wp\/v2\/types\/page"}],"author":[{"embeddable":true,"href":"https:\/\/www.artandtracks.com\/index.php\/wp-json\/wp\/v2\/users\/1"}],"replies":[{"embeddable":true,"href":"https:\/\/www.artandtracks.com\/index.php\/wp-json\/wp\/v2\/comments?post=1558"}],"version-history":[{"count":1,"href":"https:\/\/www.artandtracks.com\/index.php\/wp-json\/wp\/v2\/pages\/1558\/revisions"}],"predecessor-version":[{"id":1559,"href":"https:\/\/www.artandtracks.com\/index.php\/wp-json\/wp\/v2\/pages\/1558\/revisions\/1559"}],"wp:attachment":[{"href":"https:\/\/www.artandtracks.com\/index.php\/wp-json\/wp\/v2\/media?parent=1558"}],"curies":[{"name":"wp","href":"https:\/\/api.w.org\/{rel}","templated":true}]}}